{"id":3804,"date":"2025-05-11T19:11:57","date_gmt":"2025-05-11T19:11:57","guid":{"rendered":"https:\/\/aspolo.afna.si\/?page_id=3804"},"modified":"2025-05-11T19:11:57","modified_gmt":"2025-05-11T19:11:57","slug":"cpp-tecaji-poskusna","status":"publish","type":"page","link":"https:\/\/test.aspolo.si\/?page_id=3804","title":{"rendered":"CPP tecaji &#8211; poskusna"},"content":{"rendered":"<p style=\"text-align: center;\">Prijava na CPP te\u010daj<\/p>\n<p data-start=\"86\" data-end=\"345\"><strong data-start=\"86\" data-end=\"141\">Strokovni, prijazni in vedno nasmejani predavatelji<\/strong><br data-start=\"141\" data-end=\"144\" \/>Na\u0161i predavatelji niso le strokovnjaki na svojem podro\u010dju, temve\u010d tudi zanesljivi mentorji, ki s svojo pozitivno energijo, prijaznim pristopom in nasmehom ustvarjajo spro\u0161\u010deno in spodbudno u\u010dno okolje.<\/p>\n<p data-start=\"347\" data-end=\"573\"><strong data-start=\"347\" data-end=\"391\">Sodobno in digitalno opremljena u\u010dilnica<\/strong><br data-start=\"391\" data-end=\"394\" \/>U\u010dilnica je opremljena z najnovej\u0161o digitalno tehnologijo, ki omogo\u010da interaktivno u\u010denje, u\u010dinkovito delo in odli\u010dno uporabni\u0161ko izku\u0161njo, tako za udele\u017eence kot za predavatelje.<\/p>\n<p data-start=\"575\" data-end=\"780\"><strong data-start=\"575\" data-end=\"598\">Znanje zagotovljeno<\/strong><br data-start=\"598\" data-end=\"601\" \/>Z nami ne pridobite le informacij, temve\u010d pravo uporabno znanje. Na\u0161 pristop temelji na praksi, razumevanju in podpori, zato boste znanje zagotovo osvojili \u2013 zanesljivo in trajno.<\/p>\n<p>\t\t\t\t\t\t\t\t\t\t\t\t\t\t\t<img fetchpriority=\"high\" decoding=\"async\" width=\"1536\" height=\"1024\" src=\"http:\/\/test.aspolo.si\/wp-content\/uploads\/2025\/05\/ChatGPT-Image-May-10-2025-09_01_39-PM.png\" alt=\"\" \/><\/p>\n<p>Prihodnji te\u010daji CPP:<\/p>\n<h2>POSTOJNA<\/h2>\n<p style=\"text-align: center;\"><strong>Splo\u0161ni del (A1,B):<\/strong><\/p>\n<p style=\"text-align: left;\">19. 6. 25 ob 16:00<\/p>\n<p style=\"text-align: left;\">A-kat.\u00a0 -&gt;\u00a0 28. 6. 25<\/p>\n<p style=\"text-align: left;\">C-kat.\u00a0 -&gt; \u00a023. 6. 25<\/p>\n<p style=\"text-align: left;\">CE-kat.\u00a0 -&gt;\u00a0\u00a025. 6. 25<\/p>\n<p style=\"text-align: left;\">BE-kat. po dogovoru<\/p>\n<h2>SE\u017dANA<\/h2>\n<p style=\"text-align: center;\"><strong>Splo\u0161ni del (A1,B):<\/strong><\/p>\n<p>19. 6. 25 ob 16:00<\/p>\n<p>A-kat.\u00a0 -&gt;\u00a0\u00a028. 6. 25<\/p>\n<p>C-kat.\u00a0 -&gt;\u00a0\u00a023. 6. 25<\/p>\n<p>CE-kat.\u00a0 -&gt;\u00a0\u00a025. 6. 25<\/p>\n<p>BE-kat. po dogovoru<\/p>\n<p>\t\t\t\t\t<a href=\"#popup-cpp\"><br \/>\n\t\t\t\t\t\t\t\t\tPrijavnica na CPP<br \/>\n\t\t\t\t\t<\/a><\/p>\n<h2>Ne ve\u0161 kje smo?<\/h2>\n<p>Najde\u0161 nas tukaj!<\/p>\n<p>\t\t\t\t\t<a href=\"https:\/\/aspolo.afna.si\/index.php\/lokacije\/\"><br \/>\n\t\t\t\t\t\t\t\t\tLokacije<br \/>\n\t\t\t\t\t<\/a><\/p>\n","protected":false},"excerpt":{"rendered":"<p>Prijava na CPP te\u010daj Strokovni, prijazni in vedno nasmejani predavateljiNa\u0161i predavatelji niso le strokovnjaki na svojem podro\u010dju, temve\u010d tudi zanesljivi mentorji, ki s svojo pozitivno energijo, prijaznim pristopom in nasmehom ustvarjajo spro\u0161\u010deno in spodbudno u\u010dno okolje. Sodobno in digitalno opremljena u\u010dilnicaU\u010dilnica je opremljena z najnovej\u0161o digitalno tehnologijo, ki omogo\u010da interaktivno u\u010denje, u\u010dinkovito delo in odli\u010dno&#8230;<\/p>\n","protected":false},"author":1,"featured_media":0,"parent":0,"menu_order":0,"comment_status":"closed","ping_status":"closed","template":"elementor_header_footer","meta":{"footnotes":""},"class_list":["post-3804","page","type-page","status-publish","hentry","page--item"],"yoast_head":"<!-- This site is optimized with the Yoast SEO plugin v25.7 - https:\/\/yoast.com\/wordpress\/plugins\/seo\/ -->\n<title>CPP tecaji - poskusna - \u0161ola vo\u017enje POLO<\/title>\n<meta name=\"robots\" content=\"index, follow, max-snippet:-1, max-image-preview:large, max-video-preview:-1\" \/>\n<link rel=\"canonical\" href=\"https:\/\/test.aspolo.si\/?page_id=3804\" \/>\n<meta property=\"og:locale\" content=\"en_US\" \/>\n<meta property=\"og:type\" content=\"article\" \/>\n<meta property=\"og:title\" content=\"CPP tecaji - poskusna - \u0161ola vo\u017enje POLO\" \/>\n<meta property=\"og:description\" content=\"Prijava na CPP te\u010daj Strokovni, prijazni in vedno nasmejani predavateljiNa\u0161i predavatelji niso le strokovnjaki na svojem podro\u010dju, temve\u010d tudi zanesljivi mentorji, ki s svojo pozitivno energijo, prijaznim pristopom in nasmehom ustvarjajo spro\u0161\u010deno in spodbudno u\u010dno okolje. Sodobno in digitalno opremljena u\u010dilnicaU\u010dilnica je opremljena z najnovej\u0161o digitalno tehnologijo, ki omogo\u010da interaktivno u\u010denje, u\u010dinkovito delo in odli\u010dno...\" \/>\n<meta property=\"og:url\" content=\"https:\/\/test.aspolo.si\/?page_id=3804\" \/>\n<meta property=\"og:site_name\" content=\"\u0161ola vo\u017enje POLO\" \/>\n<meta property=\"og:image\" content=\"http:\/\/test.aspolo.si\/wp-content\/uploads\/2025\/05\/ChatGPT-Image-May-10-2025-09_01_39-PM.png\" \/>\n<meta name=\"twitter:card\" content=\"summary_large_image\" \/>\n<meta name=\"twitter:label1\" content=\"Est. reading time\" \/>\n\t<meta name=\"twitter:data1\" content=\"1 minute\" \/>\n<script type=\"application\/ld+json\" class=\"yoast-schema-graph\">{\"@context\":\"https:\/\/schema.org\",\"@graph\":[{\"@type\":\"WebPage\",\"@id\":\"https:\/\/test.aspolo.si\/?page_id=3804\",\"url\":\"https:\/\/test.aspolo.si\/?page_id=3804\",\"name\":\"CPP tecaji - poskusna - \u0161ola vo\u017enje POLO\",\"isPartOf\":{\"@id\":\"https:\/\/test.aspolo.si\/#website\"},\"primaryImageOfPage\":{\"@id\":\"https:\/\/test.aspolo.si\/?page_id=3804#primaryimage\"},\"image\":{\"@id\":\"https:\/\/test.aspolo.si\/?page_id=3804#primaryimage\"},\"thumbnailUrl\":\"http:\/\/test.aspolo.si\/wp-content\/uploads\/2025\/05\/ChatGPT-Image-May-10-2025-09_01_39-PM.png\",\"datePublished\":\"2025-05-11T19:11:57+00:00\",\"breadcrumb\":{\"@id\":\"https:\/\/test.aspolo.si\/?page_id=3804#breadcrumb\"},\"inLanguage\":\"en-US\",\"potentialAction\":[{\"@type\":\"ReadAction\",\"target\":[\"https:\/\/test.aspolo.si\/?page_id=3804\"]}]},{\"@type\":\"ImageObject\",\"inLanguage\":\"en-US\",\"@id\":\"https:\/\/test.aspolo.si\/?page_id=3804#primaryimage\",\"url\":\"http:\/\/test.aspolo.si\/wp-content\/uploads\/2025\/05\/ChatGPT-Image-May-10-2025-09_01_39-PM.png\",\"contentUrl\":\"http:\/\/test.aspolo.si\/wp-content\/uploads\/2025\/05\/ChatGPT-Image-May-10-2025-09_01_39-PM.png\"},{\"@type\":\"BreadcrumbList\",\"@id\":\"https:\/\/test.aspolo.si\/?page_id=3804#breadcrumb\",\"itemListElement\":[{\"@type\":\"ListItem\",\"position\":1,\"name\":\"Home\",\"item\":\"https:\/\/test.aspolo.si\/\"},{\"@type\":\"ListItem\",\"position\":2,\"name\":\"CPP tecaji &#8211; poskusna\"}]},{\"@type\":\"WebSite\",\"@id\":\"https:\/\/test.aspolo.si\/#website\",\"url\":\"https:\/\/test.aspolo.si\/\",\"name\":\"\u0161ola vo\u017enje POLO\",\"description\":\"\u0160ola vo\u017enje POLO, Postojna, Se\u017eana, avto\u0161ola\",\"publisher\":{\"@id\":\"https:\/\/test.aspolo.si\/#organization\"},\"potentialAction\":[{\"@type\":\"SearchAction\",\"target\":{\"@type\":\"EntryPoint\",\"urlTemplate\":\"https:\/\/test.aspolo.si\/?s={search_term_string}\"},\"query-input\":{\"@type\":\"PropertyValueSpecification\",\"valueRequired\":true,\"valueName\":\"search_term_string\"}}],\"inLanguage\":\"en-US\"},{\"@type\":\"Organization\",\"@id\":\"https:\/\/test.aspolo.si\/#organization\",\"name\":\"\u0161ola vo\u017enje POLO\",\"url\":\"https:\/\/test.aspolo.si\/\",\"logo\":{\"@type\":\"ImageObject\",\"inLanguage\":\"en-US\",\"@id\":\"https:\/\/test.aspolo.si\/#\/schema\/logo\/image\/\",\"url\":\"https:\/\/test.aspolo.si\/wp-content\/uploads\/2023\/12\/sola-POLO-logo-bel-avto.png\",\"contentUrl\":\"https:\/\/test.aspolo.si\/wp-content\/uploads\/2023\/12\/sola-POLO-logo-bel-avto.png\",\"width\":13483,\"height\":5004,\"caption\":\"\u0161ola vo\u017enje POLO\"},\"image\":{\"@id\":\"https:\/\/test.aspolo.si\/#\/schema\/logo\/image\/\"}}]}<\/script>\n<!-- \/ Yoast SEO plugin. -->","yoast_head_json":{"title":"CPP tecaji - poskusna - \u0161ola vo\u017enje POLO","robots":{"index":"index","follow":"follow","max-snippet":"max-snippet:-1","max-image-preview":"max-image-preview:large","max-video-preview":"max-video-preview:-1"},"canonical":"https:\/\/test.aspolo.si\/?page_id=3804","og_locale":"en_US","og_type":"article","og_title":"CPP tecaji - poskusna - \u0161ola vo\u017enje POLO","og_description":"Prijava na CPP te\u010daj Strokovni, prijazni in vedno nasmejani predavateljiNa\u0161i predavatelji niso le strokovnjaki na svojem podro\u010dju, temve\u010d tudi zanesljivi mentorji, ki s svojo pozitivno energijo, prijaznim pristopom in nasmehom ustvarjajo spro\u0161\u010deno in spodbudno u\u010dno okolje. Sodobno in digitalno opremljena u\u010dilnicaU\u010dilnica je opremljena z najnovej\u0161o digitalno tehnologijo, ki omogo\u010da interaktivno u\u010denje, u\u010dinkovito delo in odli\u010dno...","og_url":"https:\/\/test.aspolo.si\/?page_id=3804","og_site_name":"\u0161ola vo\u017enje POLO","og_image":[{"url":"http:\/\/test.aspolo.si\/wp-content\/uploads\/2025\/05\/ChatGPT-Image-May-10-2025-09_01_39-PM.png","type":"","width":"","height":""}],"twitter_card":"summary_large_image","twitter_misc":{"Est. reading time":"1 minute"},"schema":{"@context":"https:\/\/schema.org","@graph":[{"@type":"WebPage","@id":"https:\/\/test.aspolo.si\/?page_id=3804","url":"https:\/\/test.aspolo.si\/?page_id=3804","name":"CPP tecaji - poskusna - \u0161ola vo\u017enje POLO","isPartOf":{"@id":"https:\/\/test.aspolo.si\/#website"},"primaryImageOfPage":{"@id":"https:\/\/test.aspolo.si\/?page_id=3804#primaryimage"},"image":{"@id":"https:\/\/test.aspolo.si\/?page_id=3804#primaryimage"},"thumbnailUrl":"http:\/\/test.aspolo.si\/wp-content\/uploads\/2025\/05\/ChatGPT-Image-May-10-2025-09_01_39-PM.png","datePublished":"2025-05-11T19:11:57+00:00","breadcrumb":{"@id":"https:\/\/test.aspolo.si\/?page_id=3804#breadcrumb"},"inLanguage":"en-US","potentialAction":[{"@type":"ReadAction","target":["https:\/\/test.aspolo.si\/?page_id=3804"]}]},{"@type":"ImageObject","inLanguage":"en-US","@id":"https:\/\/test.aspolo.si\/?page_id=3804#primaryimage","url":"http:\/\/test.aspolo.si\/wp-content\/uploads\/2025\/05\/ChatGPT-Image-May-10-2025-09_01_39-PM.png","contentUrl":"http:\/\/test.aspolo.si\/wp-content\/uploads\/2025\/05\/ChatGPT-Image-May-10-2025-09_01_39-PM.png"},{"@type":"BreadcrumbList","@id":"https:\/\/test.aspolo.si\/?page_id=3804#breadcrumb","itemListElement":[{"@type":"ListItem","position":1,"name":"Home","item":"https:\/\/test.aspolo.si\/"},{"@type":"ListItem","position":2,"name":"CPP tecaji &#8211; poskusna"}]},{"@type":"WebSite","@id":"https:\/\/test.aspolo.si\/#website","url":"https:\/\/test.aspolo.si\/","name":"\u0161ola vo\u017enje POLO","description":"\u0160ola vo\u017enje POLO, Postojna, Se\u017eana, avto\u0161ola","publisher":{"@id":"https:\/\/test.aspolo.si\/#organization"},"potentialAction":[{"@type":"SearchAction","target":{"@type":"EntryPoint","urlTemplate":"https:\/\/test.aspolo.si\/?s={search_term_string}"},"query-input":{"@type":"PropertyValueSpecification","valueRequired":true,"valueName":"search_term_string"}}],"inLanguage":"en-US"},{"@type":"Organization","@id":"https:\/\/test.aspolo.si\/#organization","name":"\u0161ola vo\u017enje POLO","url":"https:\/\/test.aspolo.si\/","logo":{"@type":"ImageObject","inLanguage":"en-US","@id":"https:\/\/test.aspolo.si\/#\/schema\/logo\/image\/","url":"https:\/\/test.aspolo.si\/wp-content\/uploads\/2023\/12\/sola-POLO-logo-bel-avto.png","contentUrl":"https:\/\/test.aspolo.si\/wp-content\/uploads\/2023\/12\/sola-POLO-logo-bel-avto.png","width":13483,"height":5004,"caption":"\u0161ola vo\u017enje POLO"},"image":{"@id":"https:\/\/test.aspolo.si\/#\/schema\/logo\/image\/"}}]}},"_links":{"self":[{"href":"https:\/\/test.aspolo.si\/index.php?rest_route=\/wp\/v2\/pages\/3804","targetHints":{"allow":["GET"]}}],"collection":[{"href":"https:\/\/test.aspolo.si\/index.php?rest_route=\/wp\/v2\/pages"}],"about":[{"href":"https:\/\/test.aspolo.si\/index.php?rest_route=\/wp\/v2\/types\/page"}],"author":[{"embeddable":true,"href":"https:\/\/test.aspolo.si\/index.php?rest_route=\/wp\/v2\/users\/1"}],"replies":[{"embeddable":true,"href":"https:\/\/test.aspolo.si\/index.php?rest_route=%2Fwp%2Fv2%2Fcomments&post=3804"}],"version-history":[{"count":0,"href":"https:\/\/test.aspolo.si\/index.php?rest_route=\/wp\/v2\/pages\/3804\/revisions"}],"wp:attachment":[{"href":"https:\/\/test.aspolo.si\/index.php?rest_route=%2Fwp%2Fv2%2Fmedia&parent=3804"}],"curies":[{"name":"wp","href":"https:\/\/api.w.org\/{rel}","templated":true}]}}