{"id":3446,"date":"2025-05-11T09:18:40","date_gmt":"2025-05-11T09:18:40","guid":{"rendered":"https:\/\/aspolo.afna.si\/?page_id=3446"},"modified":"2025-05-11T09:18:40","modified_gmt":"2025-05-11T09:18:40","slug":"kategorija-be","status":"publish","type":"page","link":"https:\/\/test.aspolo.si\/?page_id=3446","title":{"rendered":"Kategorija BE"},"content":{"rendered":"<p>Kategorija BE<\/p>\n<p>Teoreti\u010dni (dodatni) del<\/p>\n<ol>\n<li>Uspe\u0161no opravljen te\u010daj Cestno prometnih predpisov (1 dan)<\/li>\n<li>zdravni\u0161ko spri\u010devalo (izda ga poobla\u0161\u010den zdravnik medicine dela, \u0161porta in prometa (veljavnost 3 leta))<\/li>\n<li>vozni\u0161ko dovoljneje kategorije B<\/li>\n<li>opravljen teoreti\u010dni del izpita na izpitnem centru \u2013 prijava na upravni enoti<\/li>\n<\/ol>\n<p>Prakti\u010dni del<\/p>\n<ol>\n<li>opravljen predpisan u\u010dni program (16 ur)<\/li>\n<li>prakti\u010dni del izpita pred komisijo Izpitnega centra\u00a0<\/li>\n<\/ol>\n<p>\u00a0<\/p>\n<p>Pri\u010detek usposabljanja je mo\u017een 6 mesecev pred predpisano starostjo.<\/p>\n<p>BE kategorija<\/p>\n<p>Polna BE kategorija je namenjena voznikom, ki vozijo vle\u010dno vozilo in priklopno vozilo, katerega najve\u010dja dovoljena masa vle\u010dnega vozila in priklopnega vozila skupaj presegajo 4250 kg, a ne presega 7000 kg<\/p>\n<p>Program \u201cpolne\u201d BE kategorije obsega 16 ur (+ 2 izpitni vo\u017enji) \u00a0in kandidat mora opraviti teoreti\u010dni del izpita (CPP izpit)<\/p>\n<p>\t\t\t\t\t\t\t\t\t\t\t\t\t\t\t<img fetchpriority=\"high\" decoding=\"async\" width=\"640\" height=\"282\" src=\"http:\/\/test.aspolo.si\/wp-content\/uploads\/2025\/05\/IMG-2562225e0146812d61bbce68ded0d062-V.png\" alt=\"\" \/><\/p>\n","protected":false},"excerpt":{"rendered":"<p>Kategorija BE Teoreti\u010dni (dodatni) del Uspe\u0161no opravljen te\u010daj Cestno prometnih predpisov (1 dan) zdravni\u0161ko spri\u010devalo (izda ga poobla\u0161\u010den zdravnik medicine dela, \u0161porta in prometa (veljavnost 3 leta)) vozni\u0161ko dovoljneje kategorije B opravljen teoreti\u010dni del izpita na izpitnem centru \u2013 prijava na upravni enoti Prakti\u010dni del opravljen predpisan u\u010dni program (16 ur) prakti\u010dni del izpita pred&#8230;<\/p>\n","protected":false},"author":1,"featured_media":0,"parent":0,"menu_order":0,"comment_status":"closed","ping_status":"closed","template":"elementor_header_footer","meta":{"footnotes":""},"class_list":["post-3446","page","type-page","status-publish","hentry","page--item"],"yoast_head":"<!-- This site is optimized with the Yoast SEO plugin v25.7 - https:\/\/yoast.com\/wordpress\/plugins\/seo\/ -->\n<title>Kategorija BE - \u0161ola vo\u017enje POLO<\/title>\n<meta name=\"robots\" content=\"index, follow, max-snippet:-1, max-image-preview:large, max-video-preview:-1\" \/>\n<link rel=\"canonical\" href=\"https:\/\/test.aspolo.si\/?page_id=3446\" \/>\n<meta property=\"og:locale\" content=\"en_US\" \/>\n<meta property=\"og:type\" content=\"article\" \/>\n<meta property=\"og:title\" content=\"Kategorija BE - \u0161ola vo\u017enje POLO\" \/>\n<meta property=\"og:description\" content=\"Kategorija BE Teoreti\u010dni (dodatni) del Uspe\u0161no opravljen te\u010daj Cestno prometnih predpisov (1 dan) zdravni\u0161ko spri\u010devalo (izda ga poobla\u0161\u010den zdravnik medicine dela, \u0161porta in prometa (veljavnost 3 leta)) vozni\u0161ko dovoljneje kategorije B opravljen teoreti\u010dni del izpita na izpitnem centru \u2013 prijava na upravni enoti Prakti\u010dni del opravljen predpisan u\u010dni program (16 ur) prakti\u010dni del izpita pred...\" \/>\n<meta property=\"og:url\" content=\"https:\/\/test.aspolo.si\/?page_id=3446\" \/>\n<meta property=\"og:site_name\" content=\"\u0161ola vo\u017enje POLO\" \/>\n<meta property=\"og:image\" content=\"http:\/\/test.aspolo.si\/wp-content\/uploads\/2025\/05\/IMG-2562225e0146812d61bbce68ded0d062-V.png\" \/>\n<meta name=\"twitter:card\" content=\"summary_large_image\" \/>\n<meta name=\"twitter:label1\" content=\"Est. reading time\" \/>\n\t<meta name=\"twitter:data1\" content=\"1 minute\" \/>\n<script type=\"application\/ld+json\" class=\"yoast-schema-graph\">{\"@context\":\"https:\/\/schema.org\",\"@graph\":[{\"@type\":\"WebPage\",\"@id\":\"https:\/\/test.aspolo.si\/?page_id=3446\",\"url\":\"https:\/\/test.aspolo.si\/?page_id=3446\",\"name\":\"Kategorija BE - \u0161ola vo\u017enje POLO\",\"isPartOf\":{\"@id\":\"https:\/\/test.aspolo.si\/#website\"},\"primaryImageOfPage\":{\"@id\":\"https:\/\/test.aspolo.si\/?page_id=3446#primaryimage\"},\"image\":{\"@id\":\"https:\/\/test.aspolo.si\/?page_id=3446#primaryimage\"},\"thumbnailUrl\":\"http:\/\/test.aspolo.si\/wp-content\/uploads\/2025\/05\/IMG-2562225e0146812d61bbce68ded0d062-V.png\",\"datePublished\":\"2025-05-11T09:18:40+00:00\",\"breadcrumb\":{\"@id\":\"https:\/\/test.aspolo.si\/?page_id=3446#breadcrumb\"},\"inLanguage\":\"en-US\",\"potentialAction\":[{\"@type\":\"ReadAction\",\"target\":[\"https:\/\/test.aspolo.si\/?page_id=3446\"]}]},{\"@type\":\"ImageObject\",\"inLanguage\":\"en-US\",\"@id\":\"https:\/\/test.aspolo.si\/?page_id=3446#primaryimage\",\"url\":\"http:\/\/test.aspolo.si\/wp-content\/uploads\/2025\/05\/IMG-2562225e0146812d61bbce68ded0d062-V.png\",\"contentUrl\":\"http:\/\/test.aspolo.si\/wp-content\/uploads\/2025\/05\/IMG-2562225e0146812d61bbce68ded0d062-V.png\"},{\"@type\":\"BreadcrumbList\",\"@id\":\"https:\/\/test.aspolo.si\/?page_id=3446#breadcrumb\",\"itemListElement\":[{\"@type\":\"ListItem\",\"position\":1,\"name\":\"Home\",\"item\":\"https:\/\/test.aspolo.si\/\"},{\"@type\":\"ListItem\",\"position\":2,\"name\":\"Kategorija BE\"}]},{\"@type\":\"WebSite\",\"@id\":\"https:\/\/test.aspolo.si\/#website\",\"url\":\"https:\/\/test.aspolo.si\/\",\"name\":\"\u0161ola vo\u017enje POLO\",\"description\":\"\u0160ola vo\u017enje POLO, Postojna, Se\u017eana, avto\u0161ola\",\"publisher\":{\"@id\":\"https:\/\/test.aspolo.si\/#organization\"},\"potentialAction\":[{\"@type\":\"SearchAction\",\"target\":{\"@type\":\"EntryPoint\",\"urlTemplate\":\"https:\/\/test.aspolo.si\/?s={search_term_string}\"},\"query-input\":{\"@type\":\"PropertyValueSpecification\",\"valueRequired\":true,\"valueName\":\"search_term_string\"}}],\"inLanguage\":\"en-US\"},{\"@type\":\"Organization\",\"@id\":\"https:\/\/test.aspolo.si\/#organization\",\"name\":\"\u0161ola vo\u017enje POLO\",\"url\":\"https:\/\/test.aspolo.si\/\",\"logo\":{\"@type\":\"ImageObject\",\"inLanguage\":\"en-US\",\"@id\":\"https:\/\/test.aspolo.si\/#\/schema\/logo\/image\/\",\"url\":\"https:\/\/test.aspolo.si\/wp-content\/uploads\/2023\/12\/sola-POLO-logo-bel-avto.png\",\"contentUrl\":\"https:\/\/test.aspolo.si\/wp-content\/uploads\/2023\/12\/sola-POLO-logo-bel-avto.png\",\"width\":13483,\"height\":5004,\"caption\":\"\u0161ola vo\u017enje POLO\"},\"image\":{\"@id\":\"https:\/\/test.aspolo.si\/#\/schema\/logo\/image\/\"}}]}<\/script>\n<!-- \/ Yoast SEO plugin. -->","yoast_head_json":{"title":"Kategorija BE - \u0161ola vo\u017enje POLO","robots":{"index":"index","follow":"follow","max-snippet":"max-snippet:-1","max-image-preview":"max-image-preview:large","max-video-preview":"max-video-preview:-1"},"canonical":"https:\/\/test.aspolo.si\/?page_id=3446","og_locale":"en_US","og_type":"article","og_title":"Kategorija BE - \u0161ola vo\u017enje POLO","og_description":"Kategorija BE Teoreti\u010dni (dodatni) del Uspe\u0161no opravljen te\u010daj Cestno prometnih predpisov (1 dan) zdravni\u0161ko spri\u010devalo (izda ga poobla\u0161\u010den zdravnik medicine dela, \u0161porta in prometa (veljavnost 3 leta)) vozni\u0161ko dovoljneje kategorije B opravljen teoreti\u010dni del izpita na izpitnem centru \u2013 prijava na upravni enoti Prakti\u010dni del opravljen predpisan u\u010dni program (16 ur) prakti\u010dni del izpita pred...","og_url":"https:\/\/test.aspolo.si\/?page_id=3446","og_site_name":"\u0161ola vo\u017enje POLO","og_image":[{"url":"http:\/\/test.aspolo.si\/wp-content\/uploads\/2025\/05\/IMG-2562225e0146812d61bbce68ded0d062-V.png","type":"","width":"","height":""}],"twitter_card":"summary_large_image","twitter_misc":{"Est. reading time":"1 minute"},"schema":{"@context":"https:\/\/schema.org","@graph":[{"@type":"WebPage","@id":"https:\/\/test.aspolo.si\/?page_id=3446","url":"https:\/\/test.aspolo.si\/?page_id=3446","name":"Kategorija BE - \u0161ola vo\u017enje POLO","isPartOf":{"@id":"https:\/\/test.aspolo.si\/#website"},"primaryImageOfPage":{"@id":"https:\/\/test.aspolo.si\/?page_id=3446#primaryimage"},"image":{"@id":"https:\/\/test.aspolo.si\/?page_id=3446#primaryimage"},"thumbnailUrl":"http:\/\/test.aspolo.si\/wp-content\/uploads\/2025\/05\/IMG-2562225e0146812d61bbce68ded0d062-V.png","datePublished":"2025-05-11T09:18:40+00:00","breadcrumb":{"@id":"https:\/\/test.aspolo.si\/?page_id=3446#breadcrumb"},"inLanguage":"en-US","potentialAction":[{"@type":"ReadAction","target":["https:\/\/test.aspolo.si\/?page_id=3446"]}]},{"@type":"ImageObject","inLanguage":"en-US","@id":"https:\/\/test.aspolo.si\/?page_id=3446#primaryimage","url":"http:\/\/test.aspolo.si\/wp-content\/uploads\/2025\/05\/IMG-2562225e0146812d61bbce68ded0d062-V.png","contentUrl":"http:\/\/test.aspolo.si\/wp-content\/uploads\/2025\/05\/IMG-2562225e0146812d61bbce68ded0d062-V.png"},{"@type":"BreadcrumbList","@id":"https:\/\/test.aspolo.si\/?page_id=3446#breadcrumb","itemListElement":[{"@type":"ListItem","position":1,"name":"Home","item":"https:\/\/test.aspolo.si\/"},{"@type":"ListItem","position":2,"name":"Kategorija BE"}]},{"@type":"WebSite","@id":"https:\/\/test.aspolo.si\/#website","url":"https:\/\/test.aspolo.si\/","name":"\u0161ola vo\u017enje POLO","description":"\u0160ola vo\u017enje POLO, Postojna, Se\u017eana, avto\u0161ola","publisher":{"@id":"https:\/\/test.aspolo.si\/#organization"},"potentialAction":[{"@type":"SearchAction","target":{"@type":"EntryPoint","urlTemplate":"https:\/\/test.aspolo.si\/?s={search_term_string}"},"query-input":{"@type":"PropertyValueSpecification","valueRequired":true,"valueName":"search_term_string"}}],"inLanguage":"en-US"},{"@type":"Organization","@id":"https:\/\/test.aspolo.si\/#organization","name":"\u0161ola vo\u017enje POLO","url":"https:\/\/test.aspolo.si\/","logo":{"@type":"ImageObject","inLanguage":"en-US","@id":"https:\/\/test.aspolo.si\/#\/schema\/logo\/image\/","url":"https:\/\/test.aspolo.si\/wp-content\/uploads\/2023\/12\/sola-POLO-logo-bel-avto.png","contentUrl":"https:\/\/test.aspolo.si\/wp-content\/uploads\/2023\/12\/sola-POLO-logo-bel-avto.png","width":13483,"height":5004,"caption":"\u0161ola vo\u017enje POLO"},"image":{"@id":"https:\/\/test.aspolo.si\/#\/schema\/logo\/image\/"}}]}},"_links":{"self":[{"href":"https:\/\/test.aspolo.si\/index.php?rest_route=\/wp\/v2\/pages\/3446","targetHints":{"allow":["GET"]}}],"collection":[{"href":"https:\/\/test.aspolo.si\/index.php?rest_route=\/wp\/v2\/pages"}],"about":[{"href":"https:\/\/test.aspolo.si\/index.php?rest_route=\/wp\/v2\/types\/page"}],"author":[{"embeddable":true,"href":"https:\/\/test.aspolo.si\/index.php?rest_route=\/wp\/v2\/users\/1"}],"replies":[{"embeddable":true,"href":"https:\/\/test.aspolo.si\/index.php?rest_route=%2Fwp%2Fv2%2Fcomments&post=3446"}],"version-history":[{"count":0,"href":"https:\/\/test.aspolo.si\/index.php?rest_route=\/wp\/v2\/pages\/3446\/revisions"}],"wp:attachment":[{"href":"https:\/\/test.aspolo.si\/index.php?rest_route=%2Fwp%2Fv2%2Fmedia&parent=3446"}],"curies":[{"name":"wp","href":"https:\/\/api.w.org\/{rel}","templated":true}]}}