{"id":3425,"date":"2025-05-11T09:07:53","date_gmt":"2025-05-11T09:07:53","guid":{"rendered":"https:\/\/aspolo.afna.si\/?page_id=3425"},"modified":"2025-05-11T09:07:53","modified_gmt":"2025-05-11T09:07:53","slug":"kategorija-a","status":"publish","type":"page","link":"https:\/\/test.aspolo.si\/?page_id=3425","title":{"rendered":"Kategorija B"},"content":{"rendered":"<p>Kategorija B<\/p>\n<p>Teoreti\u010dni del<\/p>\n<ol>\n<li>Te\u010daj Cestno-prometnih predpisov v \u0161oli vo\u017enje<\/li>\n<li>zdravni\u0161ko spri\u010devalo (izda ga poobla\u0161\u010den zdravnik medicine dela, \u0161porta in prometa (veljavnost 3 leta)<\/li>\n<li>te\u010daj in izpit Prve pomo\u010di<\/li>\n<li>teoreti\u010dni del izpita na Izpitnem centru \u2013 prijava na Upravni enoti RS<\/li>\n<\/ol>\n<p>Prakti\u010dni del<\/p>\n<ol>\n<li>prakti\u010dne vaje po predpisanem u\u010dnem programu \u2013 vo\u017enja (20 ur)<\/li>\n<li>prakti\u010dni del izpita pred komisijo Izpitnega centra.<\/li>\n<\/ol>\n<p>B<\/p>\n<p>Pogoji:<\/p>\n<ul>\n<li>starost 18 let<\/li>\n<\/ul>\n<p>V B-kategorijo spadajo motorna vozila, razen vozila kategorije A1,A2,A,F in G katerih najve\u010dja masa ne presega 3,500 kg in poleg sede\u017ea za voznika nimajo ve\u010d kot 8 sede\u017eev.<\/p>\n<p>Dovoljenje za vo\u017enjo vozil kategorije vklju\u010duje tudi dovoljenje za vo\u017enjo kategorije AM, B1 in G.<\/p>\n<p>\t\t\t\t\t\t\t\t\t\t\t\t\t\t\t<img fetchpriority=\"high\" decoding=\"async\" width=\"640\" height=\"423\" src=\"http:\/\/test.aspolo.si\/wp-content\/uploads\/2025\/05\/161591b1-858d-420c-9033-024a375dfbd2-1.png\" alt=\"\" \/><\/p>\n<p>B &#8211; Avtomatik<\/p>\n<p>Pogoji:<\/p>\n<ul>\n<li>starost 18 let<\/li>\n<\/ul>\n<p>\u010ce kandidat opravi prakti\u010dni del izpita na motornem vozilu z avtomatskim menjalnikom (brez sklopke), se mu v vozni\u0161ko dovoljenje vpi\u0161e koda omejitve, ki dovoljuje vo\u017enjo le vozil z avtomatskim menjalnikom, v skladu s predpisom ministra za promet.<\/p>\n<p>\t\t\t\t\t\t\t\t\t\t\t\t\t\t\t<img decoding=\"async\" width=\"640\" height=\"403\" src=\"http:\/\/test.aspolo.si\/wp-content\/uploads\/2025\/05\/3f2fe957-f54b-41c5-bd79-d658c31d9e1e.png\" alt=\"\" \/><\/p>\n<p><em><strong>Z usposabljanjem za B kategorijo lahko pri\u010dne kandidat tudi 6 mesecev pred dopolnjenim 18. letom (ne velja za voznike s spremljevalcem).<\/strong><\/em><\/p>\n","protected":false},"excerpt":{"rendered":"<p>Kategorija B Teoreti\u010dni del Te\u010daj Cestno-prometnih predpisov v \u0161oli vo\u017enje zdravni\u0161ko spri\u010devalo (izda ga poobla\u0161\u010den zdravnik medicine dela, \u0161porta in prometa (veljavnost 3 leta) te\u010daj in izpit Prve pomo\u010di teoreti\u010dni del izpita na Izpitnem centru \u2013 prijava na Upravni enoti RS Prakti\u010dni del prakti\u010dne vaje po predpisanem u\u010dnem programu \u2013 vo\u017enja (20 ur) prakti\u010dni del&#8230;<\/p>\n","protected":false},"author":1,"featured_media":0,"parent":0,"menu_order":0,"comment_status":"closed","ping_status":"closed","template":"elementor_header_footer","meta":{"footnotes":""},"class_list":["post-3425","page","type-page","status-publish","hentry","page--item"],"yoast_head":"<!-- This site is optimized with the Yoast SEO plugin v25.7 - https:\/\/yoast.com\/wordpress\/plugins\/seo\/ -->\n<title>Kategorija B - \u0161ola vo\u017enje POLO<\/title>\n<meta name=\"robots\" content=\"index, follow, max-snippet:-1, max-image-preview:large, max-video-preview:-1\" \/>\n<link rel=\"canonical\" href=\"https:\/\/test.aspolo.si\/?page_id=3425\" \/>\n<meta property=\"og:locale\" content=\"en_US\" \/>\n<meta property=\"og:type\" content=\"article\" \/>\n<meta property=\"og:title\" content=\"Kategorija B - \u0161ola vo\u017enje POLO\" \/>\n<meta property=\"og:description\" content=\"Kategorija B Teoreti\u010dni del Te\u010daj Cestno-prometnih predpisov v \u0161oli vo\u017enje zdravni\u0161ko spri\u010devalo (izda ga poobla\u0161\u010den zdravnik medicine dela, \u0161porta in prometa (veljavnost 3 leta) te\u010daj in izpit Prve pomo\u010di teoreti\u010dni del izpita na Izpitnem centru \u2013 prijava na Upravni enoti RS Prakti\u010dni del prakti\u010dne vaje po predpisanem u\u010dnem programu \u2013 vo\u017enja (20 ur) prakti\u010dni del...\" \/>\n<meta property=\"og:url\" content=\"https:\/\/test.aspolo.si\/?page_id=3425\" \/>\n<meta property=\"og:site_name\" content=\"\u0161ola vo\u017enje POLO\" \/>\n<meta property=\"og:image\" content=\"http:\/\/test.aspolo.si\/wp-content\/uploads\/2025\/05\/161591b1-858d-420c-9033-024a375dfbd2-1.png\" \/>\n<meta name=\"twitter:card\" content=\"summary_large_image\" \/>\n<meta name=\"twitter:label1\" content=\"Est. reading time\" \/>\n\t<meta name=\"twitter:data1\" content=\"2 minutes\" \/>\n<script type=\"application\/ld+json\" class=\"yoast-schema-graph\">{\"@context\":\"https:\/\/schema.org\",\"@graph\":[{\"@type\":\"WebPage\",\"@id\":\"https:\/\/test.aspolo.si\/?page_id=3425\",\"url\":\"https:\/\/test.aspolo.si\/?page_id=3425\",\"name\":\"Kategorija B - \u0161ola vo\u017enje POLO\",\"isPartOf\":{\"@id\":\"https:\/\/test.aspolo.si\/#website\"},\"primaryImageOfPage\":{\"@id\":\"https:\/\/test.aspolo.si\/?page_id=3425#primaryimage\"},\"image\":{\"@id\":\"https:\/\/test.aspolo.si\/?page_id=3425#primaryimage\"},\"thumbnailUrl\":\"http:\/\/test.aspolo.si\/wp-content\/uploads\/2025\/05\/161591b1-858d-420c-9033-024a375dfbd2-1.png\",\"datePublished\":\"2025-05-11T09:07:53+00:00\",\"breadcrumb\":{\"@id\":\"https:\/\/test.aspolo.si\/?page_id=3425#breadcrumb\"},\"inLanguage\":\"en-US\",\"potentialAction\":[{\"@type\":\"ReadAction\",\"target\":[\"https:\/\/test.aspolo.si\/?page_id=3425\"]}]},{\"@type\":\"ImageObject\",\"inLanguage\":\"en-US\",\"@id\":\"https:\/\/test.aspolo.si\/?page_id=3425#primaryimage\",\"url\":\"http:\/\/test.aspolo.si\/wp-content\/uploads\/2025\/05\/161591b1-858d-420c-9033-024a375dfbd2-1.png\",\"contentUrl\":\"http:\/\/test.aspolo.si\/wp-content\/uploads\/2025\/05\/161591b1-858d-420c-9033-024a375dfbd2-1.png\"},{\"@type\":\"BreadcrumbList\",\"@id\":\"https:\/\/test.aspolo.si\/?page_id=3425#breadcrumb\",\"itemListElement\":[{\"@type\":\"ListItem\",\"position\":1,\"name\":\"Home\",\"item\":\"https:\/\/test.aspolo.si\/\"},{\"@type\":\"ListItem\",\"position\":2,\"name\":\"Kategorija B\"}]},{\"@type\":\"WebSite\",\"@id\":\"https:\/\/test.aspolo.si\/#website\",\"url\":\"https:\/\/test.aspolo.si\/\",\"name\":\"\u0161ola vo\u017enje POLO\",\"description\":\"\u0160ola vo\u017enje POLO, Postojna, Se\u017eana, avto\u0161ola\",\"publisher\":{\"@id\":\"https:\/\/test.aspolo.si\/#organization\"},\"potentialAction\":[{\"@type\":\"SearchAction\",\"target\":{\"@type\":\"EntryPoint\",\"urlTemplate\":\"https:\/\/test.aspolo.si\/?s={search_term_string}\"},\"query-input\":{\"@type\":\"PropertyValueSpecification\",\"valueRequired\":true,\"valueName\":\"search_term_string\"}}],\"inLanguage\":\"en-US\"},{\"@type\":\"Organization\",\"@id\":\"https:\/\/test.aspolo.si\/#organization\",\"name\":\"\u0161ola vo\u017enje POLO\",\"url\":\"https:\/\/test.aspolo.si\/\",\"logo\":{\"@type\":\"ImageObject\",\"inLanguage\":\"en-US\",\"@id\":\"https:\/\/test.aspolo.si\/#\/schema\/logo\/image\/\",\"url\":\"https:\/\/test.aspolo.si\/wp-content\/uploads\/2023\/12\/sola-POLO-logo-bel-avto.png\",\"contentUrl\":\"https:\/\/test.aspolo.si\/wp-content\/uploads\/2023\/12\/sola-POLO-logo-bel-avto.png\",\"width\":13483,\"height\":5004,\"caption\":\"\u0161ola vo\u017enje POLO\"},\"image\":{\"@id\":\"https:\/\/test.aspolo.si\/#\/schema\/logo\/image\/\"}}]}<\/script>\n<!-- \/ Yoast SEO plugin. -->","yoast_head_json":{"title":"Kategorija B - \u0161ola vo\u017enje POLO","robots":{"index":"index","follow":"follow","max-snippet":"max-snippet:-1","max-image-preview":"max-image-preview:large","max-video-preview":"max-video-preview:-1"},"canonical":"https:\/\/test.aspolo.si\/?page_id=3425","og_locale":"en_US","og_type":"article","og_title":"Kategorija B - \u0161ola vo\u017enje POLO","og_description":"Kategorija B Teoreti\u010dni del Te\u010daj Cestno-prometnih predpisov v \u0161oli vo\u017enje zdravni\u0161ko spri\u010devalo (izda ga poobla\u0161\u010den zdravnik medicine dela, \u0161porta in prometa (veljavnost 3 leta) te\u010daj in izpit Prve pomo\u010di teoreti\u010dni del izpita na Izpitnem centru \u2013 prijava na Upravni enoti RS Prakti\u010dni del prakti\u010dne vaje po predpisanem u\u010dnem programu \u2013 vo\u017enja (20 ur) prakti\u010dni del...","og_url":"https:\/\/test.aspolo.si\/?page_id=3425","og_site_name":"\u0161ola vo\u017enje POLO","og_image":[{"url":"http:\/\/test.aspolo.si\/wp-content\/uploads\/2025\/05\/161591b1-858d-420c-9033-024a375dfbd2-1.png","type":"","width":"","height":""}],"twitter_card":"summary_large_image","twitter_misc":{"Est. reading time":"2 minutes"},"schema":{"@context":"https:\/\/schema.org","@graph":[{"@type":"WebPage","@id":"https:\/\/test.aspolo.si\/?page_id=3425","url":"https:\/\/test.aspolo.si\/?page_id=3425","name":"Kategorija B - \u0161ola vo\u017enje POLO","isPartOf":{"@id":"https:\/\/test.aspolo.si\/#website"},"primaryImageOfPage":{"@id":"https:\/\/test.aspolo.si\/?page_id=3425#primaryimage"},"image":{"@id":"https:\/\/test.aspolo.si\/?page_id=3425#primaryimage"},"thumbnailUrl":"http:\/\/test.aspolo.si\/wp-content\/uploads\/2025\/05\/161591b1-858d-420c-9033-024a375dfbd2-1.png","datePublished":"2025-05-11T09:07:53+00:00","breadcrumb":{"@id":"https:\/\/test.aspolo.si\/?page_id=3425#breadcrumb"},"inLanguage":"en-US","potentialAction":[{"@type":"ReadAction","target":["https:\/\/test.aspolo.si\/?page_id=3425"]}]},{"@type":"ImageObject","inLanguage":"en-US","@id":"https:\/\/test.aspolo.si\/?page_id=3425#primaryimage","url":"http:\/\/test.aspolo.si\/wp-content\/uploads\/2025\/05\/161591b1-858d-420c-9033-024a375dfbd2-1.png","contentUrl":"http:\/\/test.aspolo.si\/wp-content\/uploads\/2025\/05\/161591b1-858d-420c-9033-024a375dfbd2-1.png"},{"@type":"BreadcrumbList","@id":"https:\/\/test.aspolo.si\/?page_id=3425#breadcrumb","itemListElement":[{"@type":"ListItem","position":1,"name":"Home","item":"https:\/\/test.aspolo.si\/"},{"@type":"ListItem","position":2,"name":"Kategorija B"}]},{"@type":"WebSite","@id":"https:\/\/test.aspolo.si\/#website","url":"https:\/\/test.aspolo.si\/","name":"\u0161ola vo\u017enje POLO","description":"\u0160ola vo\u017enje POLO, Postojna, Se\u017eana, avto\u0161ola","publisher":{"@id":"https:\/\/test.aspolo.si\/#organization"},"potentialAction":[{"@type":"SearchAction","target":{"@type":"EntryPoint","urlTemplate":"https:\/\/test.aspolo.si\/?s={search_term_string}"},"query-input":{"@type":"PropertyValueSpecification","valueRequired":true,"valueName":"search_term_string"}}],"inLanguage":"en-US"},{"@type":"Organization","@id":"https:\/\/test.aspolo.si\/#organization","name":"\u0161ola vo\u017enje POLO","url":"https:\/\/test.aspolo.si\/","logo":{"@type":"ImageObject","inLanguage":"en-US","@id":"https:\/\/test.aspolo.si\/#\/schema\/logo\/image\/","url":"https:\/\/test.aspolo.si\/wp-content\/uploads\/2023\/12\/sola-POLO-logo-bel-avto.png","contentUrl":"https:\/\/test.aspolo.si\/wp-content\/uploads\/2023\/12\/sola-POLO-logo-bel-avto.png","width":13483,"height":5004,"caption":"\u0161ola vo\u017enje POLO"},"image":{"@id":"https:\/\/test.aspolo.si\/#\/schema\/logo\/image\/"}}]}},"_links":{"self":[{"href":"https:\/\/test.aspolo.si\/index.php?rest_route=\/wp\/v2\/pages\/3425","targetHints":{"allow":["GET"]}}],"collection":[{"href":"https:\/\/test.aspolo.si\/index.php?rest_route=\/wp\/v2\/pages"}],"about":[{"href":"https:\/\/test.aspolo.si\/index.php?rest_route=\/wp\/v2\/types\/page"}],"author":[{"embeddable":true,"href":"https:\/\/test.aspolo.si\/index.php?rest_route=\/wp\/v2\/users\/1"}],"replies":[{"embeddable":true,"href":"https:\/\/test.aspolo.si\/index.php?rest_route=%2Fwp%2Fv2%2Fcomments&post=3425"}],"version-history":[{"count":0,"href":"https:\/\/test.aspolo.si\/index.php?rest_route=\/wp\/v2\/pages\/3425\/revisions"}],"wp:attachment":[{"href":"https:\/\/test.aspolo.si\/index.php?rest_route=%2Fwp%2Fv2%2Fmedia&parent=3425"}],"curies":[{"name":"wp","href":"https:\/\/api.w.org\/{rel}","templated":true}]}}