{"id":3400,"date":"2025-05-11T08:50:02","date_gmt":"2025-05-11T08:50:02","guid":{"rendered":"https:\/\/aspolo.afna.si\/?page_id=3400"},"modified":"2025-05-11T08:50:02","modified_gmt":"2025-05-11T08:50:02","slug":"kategorija-am-real","status":"publish","type":"page","link":"https:\/\/test.aspolo.si\/?page_id=3400","title":{"rendered":"Kategorija A"},"content":{"rendered":"<p>Kategorija A1, A2, A<\/p>\n<p>Teoreti\u010dni (dodatni) del<\/p>\n<ol>\n<li>Uspe\u0161no opravljen te\u010daj Cestno prometnih predpisov (2 dni)<\/li>\n<li>zdravni\u0161ko spri\u010devalo (izda ga poobla\u0161\u010den zdravnik medicine dela, \u0161porta in prometa (veljavnost 3 leta))<\/li>\n<li>izpit prve pomo\u010di (veljavnost neomejena) ali veljavno vozni\u0161ko dovoljenje<\/li>\n<li>opravljen teoreti\u010dni del izpita na AVP \u2013 Agencija za varnost v prometu (veljavnost 3 leta)<\/li>\n<\/ol>\n<p>Prakti\u010dni del<\/p>\n<ol>\n<li>opravljen predpisan u\u010dni program (minimalno 20 u\u010dnih ur vo\u017enje za pridobitev ali 9 u\u010dnih ur vo\u017enje za napredovanje v kategoriji)<\/li>\n<li>prakti\u010dni del izpita pred komisijo Izpitnega centra (1 ura \u2013 A1 kat., 2 uri \u2013 A2 in A kat. neomejeno).<\/li>\n<\/ol>\n<p>\u00a0<\/p>\n<p>Pri\u010detek usposabljanja je mo\u017een 6 mesecev pred predpisano starostjo.<\/p>\n<p>A1<\/p>\n<p>Pogoji:<\/p>\n<ul>\n<li>starost 16 let<\/li>\n<li> do 11 kW <\/li>\n<li>do 125 cm\u00b3.<\/li>\n<\/ul>\n<p>Pod A1 kategorijo spadajo vsa tista motorna kolesa, katerih razmerje med mo\u010djo motorja in maso vozila ne presegati 0,1 kW\/kg ter trikolesa, katerih mo\u010d motorja ne presega 15 kW. Dovoljenje za vo\u017enjo vozil te kategorije vklju\u010duje tudi dovoljenje za vo\u017enjo vozil kategorij AM in G.<\/p>\n<p>\t\t\t\t\t\t\t\t\t\t\t\t\t\t\t<img fetchpriority=\"high\" decoding=\"async\" width=\"300\" height=\"300\" src=\"http:\/\/test.aspolo.si\/wp-content\/uploads\/2025\/05\/c7.eb_.d7.3546.webp\" alt=\"\" \/><\/p>\n<p><em>MT-125<\/em><\/p>\n<p>A2<\/p>\n<p>Pogoji:<\/p>\n<ul>\n<li>starost 18 let<\/li>\n<li> do 35 kW <\/li>\n<\/ul>\n<p>V kategorijo A2 spadajo motorna kolesa, katerih razmerje med mo\u010djo motorja in maso vozila ne presega 0,2 kW\/kg, pri \u010demer vozilo ne sme izvirati iz motornega kolesa z ve\u010d kot dvojno mo\u010djo. Vozni\u0161ko dovoljenje te kategorije zajema tudi pravico do vo\u017enje vozil kategorij AM, A1 in G.<\/p>\n<p>\t\t\t\t\t\t\t\t\t\t\t\t\t\t\t<img decoding=\"async\" width=\"329\" height=\"300\" src=\"http:\/\/test.aspolo.si\/wp-content\/uploads\/2025\/05\/2024-Yamaha-MT320-EU-Midnight_Cyan-360-Degrees-001-03_Mobile-1-1.jpg\" alt=\"\" \/><\/p>\n<p><em>Yamaha MT-03<\/em><\/p>\n<p>A<\/p>\n<p>Pogoji:<\/p>\n<ul>\n<li>starost 24 let (minimalno 20 let, \u010de imamo najmanj dve leti kategorijo A2)<\/li>\n<li>mo\u010d brez omejitve<\/li>\n<\/ul>\n<p>V kategorijo A spadajo motorna kolesa na dveh kolesih z ali brez stranske prikolice ter zmogljiva motorna trikolesa brez omejitve mo\u010di. Vozni\u0161ko dovoljenje te kategorije vklju\u010duje tudi vo\u017enjo vozil kategorij AM, A1, A2 in G.<\/p>\n<figure><img decoding=\"async\" src=\"http:\/\/test.aspolo.si\/wp-content\/uploads\/2025\/05\/2024-Yamaha-MT07A-EU-Icon_Blue-Studio-001-03-1.jpg\" alt=\"2024-Yamaha-MT07A-EU-Icon_Blue-Studio-001-03 (1)\" \/><\/figure>\n<figure><img decoding=\"async\" src=\"http:\/\/test.aspolo.si\/wp-content\/uploads\/2025\/05\/2020_yam_mt07_eu_mlnm4_stu_001_03-72649-1-1.jpg\" alt=\"2020_yam_mt07_eu_mlnm4_stu_001_03-72649 (1)\" \/><\/figure>\n<p>\t\t\t\t\t\t<svg aria-hidden=\"true\" viewBox=\"0 0 1000 1000\" xmlns=\"http:\/\/www.w3.org\/2000\/svg\"><path d=\"M646 125C629 125 613 133 604 142L308 442C296 454 292 471 292 487 292 504 296 521 308 533L604 854C617 867 629 875 646 875 663 875 679 871 692 858 704 846 713 829 713 812 713 796 708 779 692 767L438 487 692 225C700 217 708 204 708 187 708 171 704 154 692 142 675 129 663 125 646 125Z\"><\/path><\/svg><br \/>\n\t\t\t\t\t\t<svg aria-hidden=\"true\" viewBox=\"0 0 1000 1000\" xmlns=\"http:\/\/www.w3.org\/2000\/svg\"><path d=\"M696 533C708 521 713 504 713 487 713 471 708 454 696 446L400 146C388 133 375 125 354 125 338 125 325 129 313 142 300 154 292 171 292 187 292 204 296 221 308 233L563 492 304 771C292 783 288 800 288 817 288 833 296 850 308 863 321 871 338 875 354 875 371 875 388 867 400 854L696 533Z\"><\/path><\/svg><\/p>\n<p><em>Yamaha MT-07<\/em><\/p>\n","protected":false},"excerpt":{"rendered":"<p>Kategorija A1, A2, A Teoreti\u010dni (dodatni) del Uspe\u0161no opravljen te\u010daj Cestno prometnih predpisov (2 dni) zdravni\u0161ko spri\u010devalo (izda ga poobla\u0161\u010den zdravnik medicine dela, \u0161porta in prometa (veljavnost 3 leta)) izpit prve pomo\u010di (veljavnost neomejena) ali veljavno vozni\u0161ko dovoljenje opravljen teoreti\u010dni del izpita na AVP \u2013 Agencija za varnost v prometu (veljavnost 3 leta) Prakti\u010dni del&#8230;<\/p>\n","protected":false},"author":1,"featured_media":0,"parent":0,"menu_order":0,"comment_status":"closed","ping_status":"closed","template":"elementor_header_footer","meta":{"footnotes":""},"class_list":["post-3400","page","type-page","status-publish","hentry","page--item"],"yoast_head":"<!-- This site is optimized with the Yoast SEO plugin v25.7 - https:\/\/yoast.com\/wordpress\/plugins\/seo\/ -->\n<title>Kategorija A - \u0161ola vo\u017enje POLO<\/title>\n<meta name=\"robots\" content=\"index, follow, max-snippet:-1, max-image-preview:large, max-video-preview:-1\" \/>\n<link rel=\"canonical\" href=\"https:\/\/test.aspolo.si\/?page_id=3400\" \/>\n<meta property=\"og:locale\" content=\"en_US\" \/>\n<meta property=\"og:type\" content=\"article\" \/>\n<meta property=\"og:title\" content=\"Kategorija A - \u0161ola vo\u017enje POLO\" \/>\n<meta property=\"og:description\" content=\"Kategorija A1, A2, A Teoreti\u010dni (dodatni) del Uspe\u0161no opravljen te\u010daj Cestno prometnih predpisov (2 dni) zdravni\u0161ko spri\u010devalo (izda ga poobla\u0161\u010den zdravnik medicine dela, \u0161porta in prometa (veljavnost 3 leta)) izpit prve pomo\u010di (veljavnost neomejena) ali veljavno vozni\u0161ko dovoljenje opravljen teoreti\u010dni del izpita na AVP \u2013 Agencija za varnost v prometu (veljavnost 3 leta) Prakti\u010dni del...\" \/>\n<meta property=\"og:url\" content=\"https:\/\/test.aspolo.si\/?page_id=3400\" \/>\n<meta property=\"og:site_name\" content=\"\u0161ola vo\u017enje POLO\" \/>\n<meta property=\"og:image\" content=\"http:\/\/test.aspolo.si\/wp-content\/uploads\/2025\/05\/c7.eb_.d7.3546.webp\" \/>\n<meta name=\"twitter:card\" content=\"summary_large_image\" \/>\n<meta name=\"twitter:label1\" content=\"Est. reading time\" \/>\n\t<meta name=\"twitter:data1\" content=\"3 minutes\" \/>\n<script type=\"application\/ld+json\" class=\"yoast-schema-graph\">{\"@context\":\"https:\/\/schema.org\",\"@graph\":[{\"@type\":\"WebPage\",\"@id\":\"https:\/\/test.aspolo.si\/?page_id=3400\",\"url\":\"https:\/\/test.aspolo.si\/?page_id=3400\",\"name\":\"Kategorija A - \u0161ola vo\u017enje POLO\",\"isPartOf\":{\"@id\":\"https:\/\/test.aspolo.si\/#website\"},\"primaryImageOfPage\":{\"@id\":\"https:\/\/test.aspolo.si\/?page_id=3400#primaryimage\"},\"image\":{\"@id\":\"https:\/\/test.aspolo.si\/?page_id=3400#primaryimage\"},\"thumbnailUrl\":\"http:\/\/test.aspolo.si\/wp-content\/uploads\/2025\/05\/c7.eb_.d7.3546.webp\",\"datePublished\":\"2025-05-11T08:50:02+00:00\",\"breadcrumb\":{\"@id\":\"https:\/\/test.aspolo.si\/?page_id=3400#breadcrumb\"},\"inLanguage\":\"en-US\",\"potentialAction\":[{\"@type\":\"ReadAction\",\"target\":[\"https:\/\/test.aspolo.si\/?page_id=3400\"]}]},{\"@type\":\"ImageObject\",\"inLanguage\":\"en-US\",\"@id\":\"https:\/\/test.aspolo.si\/?page_id=3400#primaryimage\",\"url\":\"http:\/\/test.aspolo.si\/wp-content\/uploads\/2025\/05\/c7.eb_.d7.3546.webp\",\"contentUrl\":\"http:\/\/test.aspolo.si\/wp-content\/uploads\/2025\/05\/c7.eb_.d7.3546.webp\"},{\"@type\":\"BreadcrumbList\",\"@id\":\"https:\/\/test.aspolo.si\/?page_id=3400#breadcrumb\",\"itemListElement\":[{\"@type\":\"ListItem\",\"position\":1,\"name\":\"Home\",\"item\":\"https:\/\/test.aspolo.si\/\"},{\"@type\":\"ListItem\",\"position\":2,\"name\":\"Kategorija A\"}]},{\"@type\":\"WebSite\",\"@id\":\"https:\/\/test.aspolo.si\/#website\",\"url\":\"https:\/\/test.aspolo.si\/\",\"name\":\"\u0161ola vo\u017enje POLO\",\"description\":\"\u0160ola vo\u017enje POLO, Postojna, Se\u017eana, avto\u0161ola\",\"publisher\":{\"@id\":\"https:\/\/test.aspolo.si\/#organization\"},\"potentialAction\":[{\"@type\":\"SearchAction\",\"target\":{\"@type\":\"EntryPoint\",\"urlTemplate\":\"https:\/\/test.aspolo.si\/?s={search_term_string}\"},\"query-input\":{\"@type\":\"PropertyValueSpecification\",\"valueRequired\":true,\"valueName\":\"search_term_string\"}}],\"inLanguage\":\"en-US\"},{\"@type\":\"Organization\",\"@id\":\"https:\/\/test.aspolo.si\/#organization\",\"name\":\"\u0161ola vo\u017enje POLO\",\"url\":\"https:\/\/test.aspolo.si\/\",\"logo\":{\"@type\":\"ImageObject\",\"inLanguage\":\"en-US\",\"@id\":\"https:\/\/test.aspolo.si\/#\/schema\/logo\/image\/\",\"url\":\"https:\/\/test.aspolo.si\/wp-content\/uploads\/2023\/12\/sola-POLO-logo-bel-avto.png\",\"contentUrl\":\"https:\/\/test.aspolo.si\/wp-content\/uploads\/2023\/12\/sola-POLO-logo-bel-avto.png\",\"width\":13483,\"height\":5004,\"caption\":\"\u0161ola vo\u017enje POLO\"},\"image\":{\"@id\":\"https:\/\/test.aspolo.si\/#\/schema\/logo\/image\/\"}}]}<\/script>\n<!-- \/ Yoast SEO plugin. -->","yoast_head_json":{"title":"Kategorija A - \u0161ola vo\u017enje POLO","robots":{"index":"index","follow":"follow","max-snippet":"max-snippet:-1","max-image-preview":"max-image-preview:large","max-video-preview":"max-video-preview:-1"},"canonical":"https:\/\/test.aspolo.si\/?page_id=3400","og_locale":"en_US","og_type":"article","og_title":"Kategorija A - \u0161ola vo\u017enje POLO","og_description":"Kategorija A1, A2, A Teoreti\u010dni (dodatni) del Uspe\u0161no opravljen te\u010daj Cestno prometnih predpisov (2 dni) zdravni\u0161ko spri\u010devalo (izda ga poobla\u0161\u010den zdravnik medicine dela, \u0161porta in prometa (veljavnost 3 leta)) izpit prve pomo\u010di (veljavnost neomejena) ali veljavno vozni\u0161ko dovoljenje opravljen teoreti\u010dni del izpita na AVP \u2013 Agencija za varnost v prometu (veljavnost 3 leta) Prakti\u010dni del...","og_url":"https:\/\/test.aspolo.si\/?page_id=3400","og_site_name":"\u0161ola vo\u017enje POLO","og_image":[{"url":"http:\/\/test.aspolo.si\/wp-content\/uploads\/2025\/05\/c7.eb_.d7.3546.webp","type":"","width":"","height":""}],"twitter_card":"summary_large_image","twitter_misc":{"Est. reading time":"3 minutes"},"schema":{"@context":"https:\/\/schema.org","@graph":[{"@type":"WebPage","@id":"https:\/\/test.aspolo.si\/?page_id=3400","url":"https:\/\/test.aspolo.si\/?page_id=3400","name":"Kategorija A - \u0161ola vo\u017enje POLO","isPartOf":{"@id":"https:\/\/test.aspolo.si\/#website"},"primaryImageOfPage":{"@id":"https:\/\/test.aspolo.si\/?page_id=3400#primaryimage"},"image":{"@id":"https:\/\/test.aspolo.si\/?page_id=3400#primaryimage"},"thumbnailUrl":"http:\/\/test.aspolo.si\/wp-content\/uploads\/2025\/05\/c7.eb_.d7.3546.webp","datePublished":"2025-05-11T08:50:02+00:00","breadcrumb":{"@id":"https:\/\/test.aspolo.si\/?page_id=3400#breadcrumb"},"inLanguage":"en-US","potentialAction":[{"@type":"ReadAction","target":["https:\/\/test.aspolo.si\/?page_id=3400"]}]},{"@type":"ImageObject","inLanguage":"en-US","@id":"https:\/\/test.aspolo.si\/?page_id=3400#primaryimage","url":"http:\/\/test.aspolo.si\/wp-content\/uploads\/2025\/05\/c7.eb_.d7.3546.webp","contentUrl":"http:\/\/test.aspolo.si\/wp-content\/uploads\/2025\/05\/c7.eb_.d7.3546.webp"},{"@type":"BreadcrumbList","@id":"https:\/\/test.aspolo.si\/?page_id=3400#breadcrumb","itemListElement":[{"@type":"ListItem","position":1,"name":"Home","item":"https:\/\/test.aspolo.si\/"},{"@type":"ListItem","position":2,"name":"Kategorija A"}]},{"@type":"WebSite","@id":"https:\/\/test.aspolo.si\/#website","url":"https:\/\/test.aspolo.si\/","name":"\u0161ola vo\u017enje POLO","description":"\u0160ola vo\u017enje POLO, Postojna, Se\u017eana, avto\u0161ola","publisher":{"@id":"https:\/\/test.aspolo.si\/#organization"},"potentialAction":[{"@type":"SearchAction","target":{"@type":"EntryPoint","urlTemplate":"https:\/\/test.aspolo.si\/?s={search_term_string}"},"query-input":{"@type":"PropertyValueSpecification","valueRequired":true,"valueName":"search_term_string"}}],"inLanguage":"en-US"},{"@type":"Organization","@id":"https:\/\/test.aspolo.si\/#organization","name":"\u0161ola vo\u017enje POLO","url":"https:\/\/test.aspolo.si\/","logo":{"@type":"ImageObject","inLanguage":"en-US","@id":"https:\/\/test.aspolo.si\/#\/schema\/logo\/image\/","url":"https:\/\/test.aspolo.si\/wp-content\/uploads\/2023\/12\/sola-POLO-logo-bel-avto.png","contentUrl":"https:\/\/test.aspolo.si\/wp-content\/uploads\/2023\/12\/sola-POLO-logo-bel-avto.png","width":13483,"height":5004,"caption":"\u0161ola vo\u017enje POLO"},"image":{"@id":"https:\/\/test.aspolo.si\/#\/schema\/logo\/image\/"}}]}},"_links":{"self":[{"href":"https:\/\/test.aspolo.si\/index.php?rest_route=\/wp\/v2\/pages\/3400","targetHints":{"allow":["GET"]}}],"collection":[{"href":"https:\/\/test.aspolo.si\/index.php?rest_route=\/wp\/v2\/pages"}],"about":[{"href":"https:\/\/test.aspolo.si\/index.php?rest_route=\/wp\/v2\/types\/page"}],"author":[{"embeddable":true,"href":"https:\/\/test.aspolo.si\/index.php?rest_route=\/wp\/v2\/users\/1"}],"replies":[{"embeddable":true,"href":"https:\/\/test.aspolo.si\/index.php?rest_route=%2Fwp%2Fv2%2Fcomments&post=3400"}],"version-history":[{"count":0,"href":"https:\/\/test.aspolo.si\/index.php?rest_route=\/wp\/v2\/pages\/3400\/revisions"}],"wp:attachment":[{"href":"https:\/\/test.aspolo.si\/index.php?rest_route=%2Fwp%2Fv2%2Fmedia&parent=3400"}],"curies":[{"name":"wp","href":"https:\/\/api.w.org\/{rel}","templated":true}]}}