{"id":3117,"date":"2025-05-10T18:00:13","date_gmt":"2025-05-10T18:00:13","guid":{"rendered":"https:\/\/aspolo.afna.si\/?page_id=3117"},"modified":"2025-05-10T18:00:13","modified_gmt":"2025-05-10T18:00:13","slug":"galerija-2","status":"publish","type":"page","link":"https:\/\/test.aspolo.si\/?page_id=3117","title":{"rendered":"Galerija"},"content":{"rendered":"\t\t<div data-elementor-type=\"wp-page\" data-elementor-id=\"3117\" class=\"elementor elementor-3117\">\n\t\t\t\t<div class=\"elementor-element elementor-element-ff935aa e-flex e-con-boxed e-con e-parent\" data-id=\"ff935aa\" data-element_type=\"container\" data-e-type=\"container\">\n\t\t\t\t\t<div class=\"e-con-inner\">\n\t\t<div class=\"elementor-element elementor-element-5652ff3 e-con-full e-flex e-con e-child\" data-id=\"5652ff3\" data-element_type=\"container\" data-e-type=\"container\">\n\t\t\t\t<div class=\"elementor-element elementor-element-6382a89 elementor-widget elementor-widget-text-editor\" data-id=\"6382a89\" data-element_type=\"widget\" data-e-type=\"widget\" data-widget_type=\"text-editor.default\">\n\t\t\t\t\t\t\t\t\t<p style=\"text-align: center;\"><span style=\"color: #000000;\">Oglejte si na\u0161o <\/span>galerijo<\/p>\t\t\t\t\t\t\t\t<\/div>\n\t\t\t\t<\/div>\n\t\t<div class=\"elementor-element elementor-element-28e1922 e-con-full e-flex e-con e-child\" data-id=\"28e1922\" data-element_type=\"container\" data-e-type=\"container\">\n\t\t<div class=\"elementor-element elementor-element-1beb23f e-con-full e-flex e-con e-child\" data-id=\"1beb23f\" data-element_type=\"container\" data-e-type=\"container\" data-settings=\"{&quot;background_background&quot;:&quot;classic&quot;}\">\n\t\t<div class=\"elementor-element elementor-element-c245de4 e-con-full e-flex e-con e-child\" data-id=\"c245de4\" data-element_type=\"container\" data-e-type=\"container\">\n\t\t\t\t<div class=\"elementor-element elementor-element-93da3bf gallery-spacing-custom elementor-widget elementor-widget-image-gallery\" data-id=\"93da3bf\" data-element_type=\"widget\" data-e-type=\"widget\" data-widget_type=\"image-gallery.default\">\n\t\t\t\t\t\t\t<div class=\"elementor-image-gallery\">\n\t\t\t<div id='gallery-1' class='gallery galleryid-1385 gallery-columns-4 gallery-size-2048x2048'><figure class='gallery-item'>\n\t\t\t<div class='gallery-icon landscape'>\n\t\t\t\t<a  href='https:\/\/test.aspolo.si\/wp-content\/uploads\/2025\/05\/IMG-68cccf20da7c2d6287e6b8fe0ff445f0-V.jpg'><img fetchpriority=\"high\" decoding=\"async\" width=\"1600\" height=\"1200\" src=\"https:\/\/test.aspolo.si\/wp-content\/uploads\/2025\/05\/IMG-68cccf20da7c2d6287e6b8fe0ff445f0-V.jpg\" class=\"attachment-2048x2048 size-2048x2048\" alt=\"\" srcset=\"https:\/\/test.aspolo.si\/wp-content\/uploads\/2025\/05\/IMG-68cccf20da7c2d6287e6b8fe0ff445f0-V.jpg 1600w, https:\/\/test.aspolo.si\/wp-content\/uploads\/2025\/05\/IMG-68cccf20da7c2d6287e6b8fe0ff445f0-V-300x225.jpg 300w, https:\/\/test.aspolo.si\/wp-content\/uploads\/2025\/05\/IMG-68cccf20da7c2d6287e6b8fe0ff445f0-V-1024x768.jpg 1024w, https:\/\/test.aspolo.si\/wp-content\/uploads\/2025\/05\/IMG-68cccf20da7c2d6287e6b8fe0ff445f0-V-768x576.jpg 768w, https:\/\/test.aspolo.si\/wp-content\/uploads\/2025\/05\/IMG-68cccf20da7c2d6287e6b8fe0ff445f0-V-1536x1152.jpg 1536w\" sizes=\"(max-width: 1600px) 100vw, 1600px\" \/><\/a>\n\t\t\t<\/div><\/figure><figure class='gallery-item'>\n\t\t\t<div class='gallery-icon landscape'>\n\t\t\t\t<a  href='https:\/\/test.aspolo.si\/wp-content\/uploads\/2025\/05\/7ce069ea-3aa4-4574-af50-c56973128813-1.jpeg'><img decoding=\"async\" width=\"2048\" height=\"1536\" src=\"https:\/\/test.aspolo.si\/wp-content\/uploads\/2025\/05\/7ce069ea-3aa4-4574-af50-c56973128813-1.jpeg\" class=\"attachment-2048x2048 size-2048x2048\" alt=\"\" srcset=\"https:\/\/test.aspolo.si\/wp-content\/uploads\/2025\/05\/7ce069ea-3aa4-4574-af50-c56973128813-1.jpeg 2048w, https:\/\/test.aspolo.si\/wp-content\/uploads\/2025\/05\/7ce069ea-3aa4-4574-af50-c56973128813-1-300x225.jpeg 300w, https:\/\/test.aspolo.si\/wp-content\/uploads\/2025\/05\/7ce069ea-3aa4-4574-af50-c56973128813-1-1024x768.jpeg 1024w, https:\/\/test.aspolo.si\/wp-content\/uploads\/2025\/05\/7ce069ea-3aa4-4574-af50-c56973128813-1-768x576.jpeg 768w, https:\/\/test.aspolo.si\/wp-content\/uploads\/2025\/05\/7ce069ea-3aa4-4574-af50-c56973128813-1-1536x1152.jpeg 1536w\" sizes=\"(max-width: 2048px) 100vw, 2048px\" \/><\/a>\n\t\t\t<\/div><\/figure><figure class='gallery-item'>\n\t\t\t<div class='gallery-icon landscape'>\n\t\t\t\t<a  href='https:\/\/test.aspolo.si\/wp-content\/uploads\/2025\/05\/a391e81d-dc26-4dcd-b8b7-dc5e8163ecbc.jpeg'><img decoding=\"async\" width=\"2048\" height=\"1536\" src=\"https:\/\/test.aspolo.si\/wp-content\/uploads\/2025\/05\/a391e81d-dc26-4dcd-b8b7-dc5e8163ecbc.jpeg\" class=\"attachment-2048x2048 size-2048x2048\" alt=\"\" srcset=\"https:\/\/test.aspolo.si\/wp-content\/uploads\/2025\/05\/a391e81d-dc26-4dcd-b8b7-dc5e8163ecbc.jpeg 2048w, https:\/\/test.aspolo.si\/wp-content\/uploads\/2025\/05\/a391e81d-dc26-4dcd-b8b7-dc5e8163ecbc-300x225.jpeg 300w, https:\/\/test.aspolo.si\/wp-content\/uploads\/2025\/05\/a391e81d-dc26-4dcd-b8b7-dc5e8163ecbc-1024x768.jpeg 1024w, https:\/\/test.aspolo.si\/wp-content\/uploads\/2025\/05\/a391e81d-dc26-4dcd-b8b7-dc5e8163ecbc-768x576.jpeg 768w, https:\/\/test.aspolo.si\/wp-content\/uploads\/2025\/05\/a391e81d-dc26-4dcd-b8b7-dc5e8163ecbc-1536x1152.jpeg 1536w\" sizes=\"(max-width: 2048px) 100vw, 2048px\" \/><\/a>\n\t\t\t<\/div><\/figure><figure class='gallery-item'>\n\t\t\t<div class='gallery-icon landscape'>\n\t\t\t\t<a  href='https:\/\/test.aspolo.si\/wp-content\/uploads\/2025\/05\/161591b1-858d-420c-9033-024a375dfbd2.jpeg'><img loading=\"lazy\" decoding=\"async\" width=\"2048\" height=\"1536\" src=\"https:\/\/test.aspolo.si\/wp-content\/uploads\/2025\/05\/161591b1-858d-420c-9033-024a375dfbd2.jpeg\" class=\"attachment-2048x2048 size-2048x2048\" alt=\"\" srcset=\"https:\/\/test.aspolo.si\/wp-content\/uploads\/2025\/05\/161591b1-858d-420c-9033-024a375dfbd2.jpeg 2048w, https:\/\/test.aspolo.si\/wp-content\/uploads\/2025\/05\/161591b1-858d-420c-9033-024a375dfbd2-300x225.jpeg 300w, https:\/\/test.aspolo.si\/wp-content\/uploads\/2025\/05\/161591b1-858d-420c-9033-024a375dfbd2-1024x768.jpeg 1024w, https:\/\/test.aspolo.si\/wp-content\/uploads\/2025\/05\/161591b1-858d-420c-9033-024a375dfbd2-768x576.jpeg 768w, https:\/\/test.aspolo.si\/wp-content\/uploads\/2025\/05\/161591b1-858d-420c-9033-024a375dfbd2-1536x1152.jpeg 1536w\" sizes=\"(max-width: 2048px) 100vw, 2048px\" \/><\/a>\n\t\t\t<\/div><\/figure>\n\t\t<\/div>\n\t\t<\/div>\n\t\t\t\t\t\t<\/div>\n\t\t\t\t<\/div>\n\t\t<div class=\"elementor-element elementor-element-2ded72c e-con-full e-flex e-con e-child\" data-id=\"2ded72c\" data-element_type=\"container\" data-e-type=\"container\">\n\t\t\t\t<div class=\"elementor-element elementor-element-6433b50 gallery-spacing-custom elementor-widget elementor-widget-image-gallery\" data-id=\"6433b50\" data-element_type=\"widget\" data-e-type=\"widget\" data-widget_type=\"image-gallery.default\">\n\t\t\t\t\t\t\t<div class=\"elementor-image-gallery\">\n\t\t\t<div id='gallery-2' class='gallery galleryid-1385 gallery-columns-4 gallery-size-2048x2048'><figure class='gallery-item'>\n\t\t\t<div class='gallery-icon landscape'>\n\t\t\t\t<a  href='https:\/\/test.aspolo.si\/wp-content\/uploads\/2025\/05\/IMG_2034-scaled-1.jpg'><img loading=\"lazy\" decoding=\"async\" width=\"2048\" height=\"1536\" src=\"https:\/\/test.aspolo.si\/wp-content\/uploads\/2025\/05\/IMG_2034-scaled-1-2048x1536.jpg\" class=\"attachment-2048x2048 size-2048x2048\" alt=\"\" srcset=\"https:\/\/test.aspolo.si\/wp-content\/uploads\/2025\/05\/IMG_2034-scaled-1-2048x1536.jpg 2048w, https:\/\/test.aspolo.si\/wp-content\/uploads\/2025\/05\/IMG_2034-scaled-1-300x225.jpg 300w, https:\/\/test.aspolo.si\/wp-content\/uploads\/2025\/05\/IMG_2034-scaled-1-1024x768.jpg 1024w, https:\/\/test.aspolo.si\/wp-content\/uploads\/2025\/05\/IMG_2034-scaled-1-768x576.jpg 768w, https:\/\/test.aspolo.si\/wp-content\/uploads\/2025\/05\/IMG_2034-scaled-1-1536x1152.jpg 1536w\" sizes=\"(max-width: 2048px) 100vw, 2048px\" \/><\/a>\n\t\t\t<\/div><\/figure><figure class='gallery-item'>\n\t\t\t<div class='gallery-icon landscape'>\n\t\t\t\t<a  href='https:\/\/test.aspolo.si\/wp-content\/uploads\/2025\/05\/4612f9dd-3559-4c49-9923-0ac106932252.jpeg'><img loading=\"lazy\" decoding=\"async\" width=\"2048\" height=\"1536\" src=\"https:\/\/test.aspolo.si\/wp-content\/uploads\/2025\/05\/4612f9dd-3559-4c49-9923-0ac106932252.jpeg\" class=\"attachment-2048x2048 size-2048x2048\" alt=\"\" srcset=\"https:\/\/test.aspolo.si\/wp-content\/uploads\/2025\/05\/4612f9dd-3559-4c49-9923-0ac106932252.jpeg 2048w, https:\/\/test.aspolo.si\/wp-content\/uploads\/2025\/05\/4612f9dd-3559-4c49-9923-0ac106932252-300x225.jpeg 300w, https:\/\/test.aspolo.si\/wp-content\/uploads\/2025\/05\/4612f9dd-3559-4c49-9923-0ac106932252-1024x768.jpeg 1024w, https:\/\/test.aspolo.si\/wp-content\/uploads\/2025\/05\/4612f9dd-3559-4c49-9923-0ac106932252-768x576.jpeg 768w, https:\/\/test.aspolo.si\/wp-content\/uploads\/2025\/05\/4612f9dd-3559-4c49-9923-0ac106932252-1536x1152.jpeg 1536w\" sizes=\"(max-width: 2048px) 100vw, 2048px\" \/><\/a>\n\t\t\t<\/div><\/figure><figure class='gallery-item'>\n\t\t\t<div class='gallery-icon landscape'>\n\t\t\t\t<a  href='https:\/\/test.aspolo.si\/wp-content\/uploads\/2025\/05\/06c43cce-e10d-4d10-b21f-c91216c70f9c.jpeg'><img loading=\"lazy\" decoding=\"async\" width=\"2048\" height=\"1536\" src=\"https:\/\/test.aspolo.si\/wp-content\/uploads\/2025\/05\/06c43cce-e10d-4d10-b21f-c91216c70f9c.jpeg\" class=\"attachment-2048x2048 size-2048x2048\" alt=\"\" srcset=\"https:\/\/test.aspolo.si\/wp-content\/uploads\/2025\/05\/06c43cce-e10d-4d10-b21f-c91216c70f9c.jpeg 2048w, https:\/\/test.aspolo.si\/wp-content\/uploads\/2025\/05\/06c43cce-e10d-4d10-b21f-c91216c70f9c-300x225.jpeg 300w, https:\/\/test.aspolo.si\/wp-content\/uploads\/2025\/05\/06c43cce-e10d-4d10-b21f-c91216c70f9c-1024x768.jpeg 1024w, https:\/\/test.aspolo.si\/wp-content\/uploads\/2025\/05\/06c43cce-e10d-4d10-b21f-c91216c70f9c-768x576.jpeg 768w, https:\/\/test.aspolo.si\/wp-content\/uploads\/2025\/05\/06c43cce-e10d-4d10-b21f-c91216c70f9c-1536x1152.jpeg 1536w\" sizes=\"(max-width: 2048px) 100vw, 2048px\" \/><\/a>\n\t\t\t<\/div><\/figure><figure class='gallery-item'>\n\t\t\t<div class='gallery-icon landscape'>\n\t\t\t\t<a  href='https:\/\/test.aspolo.si\/wp-content\/uploads\/2025\/05\/3107f713-f668-4c57-92a8-be4a496a9ce4.jpeg'><img loading=\"lazy\" decoding=\"async\" width=\"2048\" height=\"1536\" src=\"https:\/\/test.aspolo.si\/wp-content\/uploads\/2025\/05\/3107f713-f668-4c57-92a8-be4a496a9ce4.jpeg\" class=\"attachment-2048x2048 size-2048x2048\" alt=\"\" srcset=\"https:\/\/test.aspolo.si\/wp-content\/uploads\/2025\/05\/3107f713-f668-4c57-92a8-be4a496a9ce4.jpeg 2048w, https:\/\/test.aspolo.si\/wp-content\/uploads\/2025\/05\/3107f713-f668-4c57-92a8-be4a496a9ce4-300x225.jpeg 300w, https:\/\/test.aspolo.si\/wp-content\/uploads\/2025\/05\/3107f713-f668-4c57-92a8-be4a496a9ce4-1024x768.jpeg 1024w, https:\/\/test.aspolo.si\/wp-content\/uploads\/2025\/05\/3107f713-f668-4c57-92a8-be4a496a9ce4-768x576.jpeg 768w, https:\/\/test.aspolo.si\/wp-content\/uploads\/2025\/05\/3107f713-f668-4c57-92a8-be4a496a9ce4-1536x1152.jpeg 1536w\" sizes=\"(max-width: 2048px) 100vw, 2048px\" \/><\/a>\n\t\t\t<\/div><\/figure>\n\t\t<\/div>\n\t\t<\/div>\n\t\t\t\t\t\t<\/div>\n\t\t\t\t<\/div>\n\t\t\t\t<\/div>\n\t\t\t\t<\/div>\n\t\t\t\t\t<\/div>\n\t\t\t\t<\/div>\n\t\t\t\t<\/div>\n\t\t","protected":false},"excerpt":{"rendered":"<p>Oglejte si na\u0161o galerijo<\/p>\n","protected":false},"author":1,"featured_media":0,"parent":0,"menu_order":0,"comment_status":"closed","ping_status":"closed","template":"elementor_header_footer","meta":{"footnotes":""},"class_list":["post-3117","page","type-page","status-publish","hentry"],"yoast_head":"<!-- This site is optimized with the Yoast SEO plugin v25.7 - https:\/\/yoast.com\/wordpress\/plugins\/seo\/ -->\n<title>Galerija - \u0161ola vo\u017enje POLO<\/title>\n<meta name=\"robots\" content=\"index, follow, max-snippet:-1, max-image-preview:large, max-video-preview:-1\" \/>\n<link rel=\"canonical\" href=\"https:\/\/test.aspolo.si\/?page_id=3117\" \/>\n<meta property=\"og:locale\" content=\"en_US\" \/>\n<meta property=\"og:type\" content=\"article\" \/>\n<meta property=\"og:title\" content=\"Galerija - \u0161ola vo\u017enje POLO\" \/>\n<meta property=\"og:description\" content=\"Oglejte si na\u0161o galerijo\" \/>\n<meta property=\"og:url\" content=\"https:\/\/test.aspolo.si\/?page_id=3117\" \/>\n<meta property=\"og:site_name\" content=\"\u0161ola vo\u017enje POLO\" \/>\n<meta property=\"og:image\" content=\"http:\/\/test.aspolo.si\/wp-content\/uploads\/2025\/05\/IMG-68cccf20da7c2d6287e6b8fe0ff445f0-V.jpg\" \/>\n<meta name=\"twitter:card\" content=\"summary_large_image\" \/>\n<meta name=\"twitter:label1\" content=\"Est. reading time\" \/>\n\t<meta name=\"twitter:data1\" content=\"2 minutes\" \/>\n<script type=\"application\/ld+json\" class=\"yoast-schema-graph\">{\"@context\":\"https:\/\/schema.org\",\"@graph\":[{\"@type\":\"WebPage\",\"@id\":\"https:\/\/test.aspolo.si\/?page_id=3117\",\"url\":\"https:\/\/test.aspolo.si\/?page_id=3117\",\"name\":\"Galerija - \u0161ola vo\u017enje POLO\",\"isPartOf\":{\"@id\":\"https:\/\/test.aspolo.si\/#website\"},\"primaryImageOfPage\":{\"@id\":\"https:\/\/test.aspolo.si\/?page_id=3117#primaryimage\"},\"image\":{\"@id\":\"https:\/\/test.aspolo.si\/?page_id=3117#primaryimage\"},\"thumbnailUrl\":\"http:\/\/test.aspolo.si\/wp-content\/uploads\/2025\/05\/IMG-68cccf20da7c2d6287e6b8fe0ff445f0-V.jpg\",\"datePublished\":\"2025-05-10T18:00:13+00:00\",\"breadcrumb\":{\"@id\":\"https:\/\/test.aspolo.si\/?page_id=3117#breadcrumb\"},\"inLanguage\":\"en-US\",\"potentialAction\":[{\"@type\":\"ReadAction\",\"target\":[\"https:\/\/test.aspolo.si\/?page_id=3117\"]}]},{\"@type\":\"ImageObject\",\"inLanguage\":\"en-US\",\"@id\":\"https:\/\/test.aspolo.si\/?page_id=3117#primaryimage\",\"url\":\"https:\/\/test.aspolo.si\/wp-content\/uploads\/2025\/05\/IMG-68cccf20da7c2d6287e6b8fe0ff445f0-V.jpg\",\"contentUrl\":\"https:\/\/test.aspolo.si\/wp-content\/uploads\/2025\/05\/IMG-68cccf20da7c2d6287e6b8fe0ff445f0-V.jpg\",\"width\":1600,\"height\":1200},{\"@type\":\"BreadcrumbList\",\"@id\":\"https:\/\/test.aspolo.si\/?page_id=3117#breadcrumb\",\"itemListElement\":[{\"@type\":\"ListItem\",\"position\":1,\"name\":\"Home\",\"item\":\"https:\/\/test.aspolo.si\/\"},{\"@type\":\"ListItem\",\"position\":2,\"name\":\"Galerija\"}]},{\"@type\":\"WebSite\",\"@id\":\"https:\/\/test.aspolo.si\/#website\",\"url\":\"https:\/\/test.aspolo.si\/\",\"name\":\"\u0161ola vo\u017enje POLO\",\"description\":\"\u0160ola vo\u017enje POLO, Postojna, Se\u017eana, avto\u0161ola\",\"publisher\":{\"@id\":\"https:\/\/test.aspolo.si\/#organization\"},\"potentialAction\":[{\"@type\":\"SearchAction\",\"target\":{\"@type\":\"EntryPoint\",\"urlTemplate\":\"https:\/\/test.aspolo.si\/?s={search_term_string}\"},\"query-input\":{\"@type\":\"PropertyValueSpecification\",\"valueRequired\":true,\"valueName\":\"search_term_string\"}}],\"inLanguage\":\"en-US\"},{\"@type\":\"Organization\",\"@id\":\"https:\/\/test.aspolo.si\/#organization\",\"name\":\"\u0161ola vo\u017enje POLO\",\"url\":\"https:\/\/test.aspolo.si\/\",\"logo\":{\"@type\":\"ImageObject\",\"inLanguage\":\"en-US\",\"@id\":\"https:\/\/test.aspolo.si\/#\/schema\/logo\/image\/\",\"url\":\"https:\/\/test.aspolo.si\/wp-content\/uploads\/2023\/12\/sola-POLO-logo-bel-avto.png\",\"contentUrl\":\"https:\/\/test.aspolo.si\/wp-content\/uploads\/2023\/12\/sola-POLO-logo-bel-avto.png\",\"width\":13483,\"height\":5004,\"caption\":\"\u0161ola vo\u017enje POLO\"},\"image\":{\"@id\":\"https:\/\/test.aspolo.si\/#\/schema\/logo\/image\/\"}}]}<\/script>\n<!-- \/ Yoast SEO plugin. -->","yoast_head_json":{"title":"Galerija - \u0161ola vo\u017enje POLO","robots":{"index":"index","follow":"follow","max-snippet":"max-snippet:-1","max-image-preview":"max-image-preview:large","max-video-preview":"max-video-preview:-1"},"canonical":"https:\/\/test.aspolo.si\/?page_id=3117","og_locale":"en_US","og_type":"article","og_title":"Galerija - \u0161ola vo\u017enje POLO","og_description":"Oglejte si na\u0161o galerijo","og_url":"https:\/\/test.aspolo.si\/?page_id=3117","og_site_name":"\u0161ola vo\u017enje POLO","og_image":[{"url":"http:\/\/test.aspolo.si\/wp-content\/uploads\/2025\/05\/IMG-68cccf20da7c2d6287e6b8fe0ff445f0-V.jpg","type":"","width":"","height":""}],"twitter_card":"summary_large_image","twitter_misc":{"Est. reading time":"2 minutes"},"schema":{"@context":"https:\/\/schema.org","@graph":[{"@type":"WebPage","@id":"https:\/\/test.aspolo.si\/?page_id=3117","url":"https:\/\/test.aspolo.si\/?page_id=3117","name":"Galerija - \u0161ola vo\u017enje POLO","isPartOf":{"@id":"https:\/\/test.aspolo.si\/#website"},"primaryImageOfPage":{"@id":"https:\/\/test.aspolo.si\/?page_id=3117#primaryimage"},"image":{"@id":"https:\/\/test.aspolo.si\/?page_id=3117#primaryimage"},"thumbnailUrl":"http:\/\/test.aspolo.si\/wp-content\/uploads\/2025\/05\/IMG-68cccf20da7c2d6287e6b8fe0ff445f0-V.jpg","datePublished":"2025-05-10T18:00:13+00:00","breadcrumb":{"@id":"https:\/\/test.aspolo.si\/?page_id=3117#breadcrumb"},"inLanguage":"en-US","potentialAction":[{"@type":"ReadAction","target":["https:\/\/test.aspolo.si\/?page_id=3117"]}]},{"@type":"ImageObject","inLanguage":"en-US","@id":"https:\/\/test.aspolo.si\/?page_id=3117#primaryimage","url":"https:\/\/test.aspolo.si\/wp-content\/uploads\/2025\/05\/IMG-68cccf20da7c2d6287e6b8fe0ff445f0-V.jpg","contentUrl":"https:\/\/test.aspolo.si\/wp-content\/uploads\/2025\/05\/IMG-68cccf20da7c2d6287e6b8fe0ff445f0-V.jpg","width":1600,"height":1200},{"@type":"BreadcrumbList","@id":"https:\/\/test.aspolo.si\/?page_id=3117#breadcrumb","itemListElement":[{"@type":"ListItem","position":1,"name":"Home","item":"https:\/\/test.aspolo.si\/"},{"@type":"ListItem","position":2,"name":"Galerija"}]},{"@type":"WebSite","@id":"https:\/\/test.aspolo.si\/#website","url":"https:\/\/test.aspolo.si\/","name":"\u0161ola vo\u017enje POLO","description":"\u0160ola vo\u017enje POLO, Postojna, Se\u017eana, avto\u0161ola","publisher":{"@id":"https:\/\/test.aspolo.si\/#organization"},"potentialAction":[{"@type":"SearchAction","target":{"@type":"EntryPoint","urlTemplate":"https:\/\/test.aspolo.si\/?s={search_term_string}"},"query-input":{"@type":"PropertyValueSpecification","valueRequired":true,"valueName":"search_term_string"}}],"inLanguage":"en-US"},{"@type":"Organization","@id":"https:\/\/test.aspolo.si\/#organization","name":"\u0161ola vo\u017enje POLO","url":"https:\/\/test.aspolo.si\/","logo":{"@type":"ImageObject","inLanguage":"en-US","@id":"https:\/\/test.aspolo.si\/#\/schema\/logo\/image\/","url":"https:\/\/test.aspolo.si\/wp-content\/uploads\/2023\/12\/sola-POLO-logo-bel-avto.png","contentUrl":"https:\/\/test.aspolo.si\/wp-content\/uploads\/2023\/12\/sola-POLO-logo-bel-avto.png","width":13483,"height":5004,"caption":"\u0161ola vo\u017enje POLO"},"image":{"@id":"https:\/\/test.aspolo.si\/#\/schema\/logo\/image\/"}}]}},"_links":{"self":[{"href":"https:\/\/test.aspolo.si\/index.php?rest_route=\/wp\/v2\/pages\/3117","targetHints":{"allow":["GET"]}}],"collection":[{"href":"https:\/\/test.aspolo.si\/index.php?rest_route=\/wp\/v2\/pages"}],"about":[{"href":"https:\/\/test.aspolo.si\/index.php?rest_route=\/wp\/v2\/types\/page"}],"author":[{"embeddable":true,"href":"https:\/\/test.aspolo.si\/index.php?rest_route=\/wp\/v2\/users\/1"}],"replies":[{"embeddable":true,"href":"https:\/\/test.aspolo.si\/index.php?rest_route=%2Fwp%2Fv2%2Fcomments&post=3117"}],"version-history":[{"count":0,"href":"https:\/\/test.aspolo.si\/index.php?rest_route=\/wp\/v2\/pages\/3117\/revisions"}],"wp:attachment":[{"href":"https:\/\/test.aspolo.si\/index.php?rest_route=%2Fwp%2Fv2%2Fmedia&parent=3117"}],"curies":[{"name":"wp","href":"https:\/\/api.w.org\/{rel}","templated":true}]}}