{"id":3031,"date":"2025-05-10T13:27:21","date_gmt":"2025-05-10T13:27:21","guid":{"rendered":"https:\/\/aspolo.afna.si\/?page_id=2980"},"modified":"2025-05-10T13:27:21","modified_gmt":"2025-05-10T13:27:21","slug":"zamenjava-tujega-vozniskega-dovoljenja-2","status":"publish","type":"page","link":"https:\/\/test.aspolo.si\/?page_id=3031","title":{"rendered":"Zamenjava tujega vozni\u0161kega dovoljenja"},"content":{"rendered":"<p>Zamenjava tujega vozni\u0161kega dovoljenja<\/p>\n<p>\/\/ Zakon o voznikih (Uradni List RS, \u0161t. 109\/2010 in 25\/2014 \u010dlen 61)\/\/<\/p>\n<p><strong><em>Oseba, ki \u017eeli zamenjati svoje vozni\u0161ko dovoljenje ter tako pridobiti vozni\u0161ko dovoljenje RS mora izpolnjevati naslednje pogoje:\u00a0<\/em><\/strong><\/p>\n<ul>\n<li>posedovati mora veljavno tuje vozni\u0161ko dovoljenje<\/li>\n<\/ul>\n<ul>\n<li>\n<p>ima vsaj 6 mesecev prijavljeno prebivali\u0161\u010de v RS (to velja za tujce, in sicer na podlagi dovoljenja za prebivanje) ali<\/p>\n<\/li>\n<li>\n<p>pa je ta oseba dr\u017eavljan Republike Slovenije, ki se vrne iz tujine v RS zaradi stalnega prebivanja ali ima prijavljeno za\u010dasno prebivali\u0161\u010de v RS ve\u010d kot 6 mesecev, lahko \u010de izpolnjujeta druge s tem zakonom dolo\u010dene pogoje za vo\u017enjo motornih vozil, zahtevata zamenjavo vozni\u0161kega dovoljenja, izdanega v tujini, za slovensko vozni\u0161ko dovoljenje.<\/p>\n<\/li>\n<\/ul>\n<p>1<\/p>\n<p>Dr\u017eavljani RS<\/p>\n<ul>\n<li>posedovati mora veljavno tuje vozni\u0161ko dovoljenje,<\/li>\n<li>po povra\u010dilu iz tujine ima urejeno stalno prebivali\u0161\u010de ali za\u010dasno prebivali\u0161\u010de (vsaj 6 mesecev).<\/li>\n<\/ul>\n<p>2<\/p>\n<p>Tujci<\/p>\n<ul>\n<li>\n<p>posedovati mora veljavno tuje vozni\u0161ko dovoljenje,\u00a0<\/p>\n<\/li>\n<li>\n<p>ima urejeno za\u010dasno prebivali\u0161\u010de (vsaj 6 mesecev, na podlagi dovoljenja za bivanje v RS).<\/p>\n<\/li>\n<\/ul>\n<p><em><strong>Vozni\u0161ko dovoljenje se zamenja, \u010de je pridobljeno med najmanj \u0161estmese\u010dnim neprekinjenim bivanjem v dr\u017eavi v kateri je bilo izdano.<\/strong><\/em><\/p>\n<p>Slovensko vozni\u0161ko dovoljenje se izda, \u010de imetnik veljavnega tujega vozni\u0161kega dovoljenja, izdanega v tujini (dr\u017eavah ne\u010dlanicah Evropske unije), opravi prakti\u010dni del vozni\u0161kega izpita za tiste kategorije vozil, ki jih sme voziti z vozni\u0161kim dovoljenjem izdanim v tujini.<\/p>\n<p>Pred priglasitvijo k opravljanju prakti\u010dnega dela vozni\u0161kega izpita zaradi zamenjave vozni\u0161kega dovoljenja, izdanega v tujini za slovensko vozni\u0161ko dovoljenje, se mora kandidat priglasiti v \u0161oli vo\u017enje. V \u0161oli vo\u017enje mu je dodeljen u\u010ditelj vo\u017enje, ki ga spremlja na izpitno vo\u017enjo pred izpitno komisijo z vozilom \u0161ole vo\u017enje.<\/p>\n<p>K opravljanju prakti\u010dnega dela izpita se je potrebno priglasiti pri upravni enoti, ki preveri izpolnjevanje zgoraj navedenih pogojev.<\/p>\n<p>1<\/p>\n<p>K priglasitvi na prakti\u010dni del izpita<\/p>\n<p> je potrebno predlo\u017eiti:<\/p>\n<ul>\n<li>uradni identifikacijski dokument opremljen s fotografijo,<\/li>\n<li>veljavno vozni\u0161ko dovoljenje izdano v tujini,<\/li>\n<li>zdravni\u0161ko spri\u010devalo, ki je veljavno za voznika motornih vozil.<\/li>\n<\/ul>\n<p>2<\/p>\n<p>Upravna enota izda slovensko<\/p>\n<p>vozni\u0161ko dovoljenje po:<\/p>\n<ul>\n<li>uspe\u0161no opravljenem prakti\u010dnem delu vozni\u0161kega izpita,<\/li>\n<li>ob predlo\u017eitvi veljavnega vozni\u0161kega dovoljenja izdanega v tujini,<\/li>\n<li>predlo\u017eitvi veljavnega zdravni\u0161kega spri\u010devala za voznika motornih vozil,<\/li>\n<li>predlo\u017eeni biometri\u010dni fotografiji (za potrebe izdaje kartice vozni\u0161kega dovoljenja).<\/li>\n<\/ul>\n<p>Tujec z veljavnim tujim vozni\u0161kim dovoljenjem, ki ima v Sloveniji prijavljeno bivali\u0161\u010de, sme voziti motorna vozila katerih kategorije ima opravljene, najve\u010d eno leto od dneva prijave bivali\u0161\u010da.<\/p>\n<p>\u200b<\/p>\n<p>Dr\u017eavljan Republike Slovenije, ki je za\u010dasno ali za stalno prijavljen v tujini in pride za\u010dasno v Republiko Slovenijo se sme s tujim veljavnim vozni\u0161kim dovoljenjem voziti po Sloveniji do dveh let od dneva prijave bivali\u0161\u010da.<\/p>\n<p>\u200b<\/p>\n<p>Po izteku enoletnega oz. dvoletnega roka je vo\u017enja po Republiki Sloveniji prekr\u0161ek in se ena\u010di kot vo\u017enja brez veljavnega vozni\u0161kega dovoljenja. Globa za tak\u0161no vo\u017enjo zna\u0161a 500 \u20ac.<\/p>\n<p>\u200b<\/p>\n<p>Dr\u017eavljani, ki imajo vozni\u0161ko dovoljenje ene izmed \u010dlanic EU, Islandije, Lichensteina, Norve\u0161ke, \u0160vice ali Hrva\u0161ke lahko brez opravljanja vozni\u0161kega izpita zamenjajo svoje vozni\u0161ko dovoljenje za slovensko vozni\u0161ko dovoljenje, in sicer za tiste kategorije vozil, katere imajo po veljavnem vozni\u0161kem dovoljenju.<\/p>\n<p>\u200b<\/p>\n<p>Izjemoma ob zamenjavi tujega vozni\u0161kega dovoljenja se od osebja diplomatskih in konzularnih predstavni\u0161tev, misij tujih dr\u017eav in predstavni\u0161tev mednarodnih organizacij v Republiki Sloveniji ne zahtevajo dokazila o telesni in du\u0161evni zmo\u017enosti voziti motorna vozila in opravljanja prakti\u010dnega dela izpita.<\/p>\n<p>\u200b<\/p>\n<p>Zamenjava vozni\u0161kega dovoljenja se opravi na kateri koli <a href=\"https:\/\/www.gov.si\/drzavni-organi\/upravne-enote\/\">upravni enoti v Republiki Sloveniji<\/a>.<\/p>\n","protected":false},"excerpt":{"rendered":"<p>Zamenjava tujega vozni\u0161kega dovoljenja \/\/ Zakon o voznikih (Uradni List RS, \u0161t. 109\/2010 in 25\/2014 \u010dlen 61)\/\/ Oseba, ki \u017eeli zamenjati svoje vozni\u0161ko dovoljenje ter tako pridobiti vozni\u0161ko dovoljenje RS mora izpolnjevati naslednje pogoje:\u00a0 posedovati mora veljavno tuje vozni\u0161ko dovoljenje ima vsaj 6 mesecev prijavljeno prebivali\u0161\u010de v RS (to velja za tujce, in sicer na&#8230;<\/p>\n","protected":false},"author":1,"featured_media":0,"parent":0,"menu_order":0,"comment_status":"closed","ping_status":"closed","template":"elementor_header_footer","meta":{"footnotes":""},"class_list":["post-3031","page","type-page","status-publish","hentry","page--item"],"yoast_head":"<!-- This site is optimized with the Yoast SEO plugin v25.7 - https:\/\/yoast.com\/wordpress\/plugins\/seo\/ -->\n<title>Zamenjava tujega vozni\u0161kega dovoljenja - \u0161ola vo\u017enje POLO<\/title>\n<meta name=\"robots\" content=\"index, follow, max-snippet:-1, max-image-preview:large, max-video-preview:-1\" \/>\n<link rel=\"canonical\" href=\"https:\/\/test.aspolo.si\/?page_id=3031\" \/>\n<meta property=\"og:locale\" content=\"en_US\" \/>\n<meta property=\"og:type\" content=\"article\" \/>\n<meta property=\"og:title\" content=\"Zamenjava tujega vozni\u0161kega dovoljenja - \u0161ola vo\u017enje POLO\" \/>\n<meta property=\"og:description\" content=\"Zamenjava tujega vozni\u0161kega dovoljenja \/\/ Zakon o voznikih (Uradni List RS, \u0161t. 109\/2010 in 25\/2014 \u010dlen 61)\/\/ Oseba, ki \u017eeli zamenjati svoje vozni\u0161ko dovoljenje ter tako pridobiti vozni\u0161ko dovoljenje RS mora izpolnjevati naslednje pogoje:\u00a0 posedovati mora veljavno tuje vozni\u0161ko dovoljenje ima vsaj 6 mesecev prijavljeno prebivali\u0161\u010de v RS (to velja za tujce, in sicer na...\" \/>\n<meta property=\"og:url\" content=\"https:\/\/test.aspolo.si\/?page_id=3031\" \/>\n<meta property=\"og:site_name\" content=\"\u0161ola vo\u017enje POLO\" \/>\n<meta name=\"twitter:card\" content=\"summary_large_image\" \/>\n<meta name=\"twitter:label1\" content=\"Est. reading time\" \/>\n\t<meta name=\"twitter:data1\" content=\"3 minutes\" \/>\n<script type=\"application\/ld+json\" class=\"yoast-schema-graph\">{\"@context\":\"https:\/\/schema.org\",\"@graph\":[{\"@type\":\"WebPage\",\"@id\":\"https:\/\/test.aspolo.si\/?page_id=3031\",\"url\":\"https:\/\/test.aspolo.si\/?page_id=3031\",\"name\":\"Zamenjava tujega vozni\u0161kega dovoljenja - \u0161ola vo\u017enje POLO\",\"isPartOf\":{\"@id\":\"https:\/\/test.aspolo.si\/#website\"},\"datePublished\":\"2025-05-10T13:27:21+00:00\",\"breadcrumb\":{\"@id\":\"https:\/\/test.aspolo.si\/?page_id=3031#breadcrumb\"},\"inLanguage\":\"en-US\",\"potentialAction\":[{\"@type\":\"ReadAction\",\"target\":[\"https:\/\/test.aspolo.si\/?page_id=3031\"]}]},{\"@type\":\"BreadcrumbList\",\"@id\":\"https:\/\/test.aspolo.si\/?page_id=3031#breadcrumb\",\"itemListElement\":[{\"@type\":\"ListItem\",\"position\":1,\"name\":\"Home\",\"item\":\"https:\/\/test.aspolo.si\/\"},{\"@type\":\"ListItem\",\"position\":2,\"name\":\"Zamenjava tujega vozni\u0161kega dovoljenja\"}]},{\"@type\":\"WebSite\",\"@id\":\"https:\/\/test.aspolo.si\/#website\",\"url\":\"https:\/\/test.aspolo.si\/\",\"name\":\"\u0161ola vo\u017enje POLO\",\"description\":\"\u0160ola vo\u017enje POLO, Postojna, Se\u017eana, avto\u0161ola\",\"publisher\":{\"@id\":\"https:\/\/test.aspolo.si\/#organization\"},\"potentialAction\":[{\"@type\":\"SearchAction\",\"target\":{\"@type\":\"EntryPoint\",\"urlTemplate\":\"https:\/\/test.aspolo.si\/?s={search_term_string}\"},\"query-input\":{\"@type\":\"PropertyValueSpecification\",\"valueRequired\":true,\"valueName\":\"search_term_string\"}}],\"inLanguage\":\"en-US\"},{\"@type\":\"Organization\",\"@id\":\"https:\/\/test.aspolo.si\/#organization\",\"name\":\"\u0161ola vo\u017enje POLO\",\"url\":\"https:\/\/test.aspolo.si\/\",\"logo\":{\"@type\":\"ImageObject\",\"inLanguage\":\"en-US\",\"@id\":\"https:\/\/test.aspolo.si\/#\/schema\/logo\/image\/\",\"url\":\"https:\/\/test.aspolo.si\/wp-content\/uploads\/2023\/12\/sola-POLO-logo-bel-avto.png\",\"contentUrl\":\"https:\/\/test.aspolo.si\/wp-content\/uploads\/2023\/12\/sola-POLO-logo-bel-avto.png\",\"width\":13483,\"height\":5004,\"caption\":\"\u0161ola vo\u017enje POLO\"},\"image\":{\"@id\":\"https:\/\/test.aspolo.si\/#\/schema\/logo\/image\/\"}}]}<\/script>\n<!-- \/ Yoast SEO plugin. -->","yoast_head_json":{"title":"Zamenjava tujega vozni\u0161kega dovoljenja - \u0161ola vo\u017enje POLO","robots":{"index":"index","follow":"follow","max-snippet":"max-snippet:-1","max-image-preview":"max-image-preview:large","max-video-preview":"max-video-preview:-1"},"canonical":"https:\/\/test.aspolo.si\/?page_id=3031","og_locale":"en_US","og_type":"article","og_title":"Zamenjava tujega vozni\u0161kega dovoljenja - \u0161ola vo\u017enje POLO","og_description":"Zamenjava tujega vozni\u0161kega dovoljenja \/\/ Zakon o voznikih (Uradni List RS, \u0161t. 109\/2010 in 25\/2014 \u010dlen 61)\/\/ Oseba, ki \u017eeli zamenjati svoje vozni\u0161ko dovoljenje ter tako pridobiti vozni\u0161ko dovoljenje RS mora izpolnjevati naslednje pogoje:\u00a0 posedovati mora veljavno tuje vozni\u0161ko dovoljenje ima vsaj 6 mesecev prijavljeno prebivali\u0161\u010de v RS (to velja za tujce, in sicer na...","og_url":"https:\/\/test.aspolo.si\/?page_id=3031","og_site_name":"\u0161ola vo\u017enje POLO","twitter_card":"summary_large_image","twitter_misc":{"Est. reading time":"3 minutes"},"schema":{"@context":"https:\/\/schema.org","@graph":[{"@type":"WebPage","@id":"https:\/\/test.aspolo.si\/?page_id=3031","url":"https:\/\/test.aspolo.si\/?page_id=3031","name":"Zamenjava tujega vozni\u0161kega dovoljenja - \u0161ola vo\u017enje POLO","isPartOf":{"@id":"https:\/\/test.aspolo.si\/#website"},"datePublished":"2025-05-10T13:27:21+00:00","breadcrumb":{"@id":"https:\/\/test.aspolo.si\/?page_id=3031#breadcrumb"},"inLanguage":"en-US","potentialAction":[{"@type":"ReadAction","target":["https:\/\/test.aspolo.si\/?page_id=3031"]}]},{"@type":"BreadcrumbList","@id":"https:\/\/test.aspolo.si\/?page_id=3031#breadcrumb","itemListElement":[{"@type":"ListItem","position":1,"name":"Home","item":"https:\/\/test.aspolo.si\/"},{"@type":"ListItem","position":2,"name":"Zamenjava tujega vozni\u0161kega dovoljenja"}]},{"@type":"WebSite","@id":"https:\/\/test.aspolo.si\/#website","url":"https:\/\/test.aspolo.si\/","name":"\u0161ola vo\u017enje POLO","description":"\u0160ola vo\u017enje POLO, Postojna, Se\u017eana, avto\u0161ola","publisher":{"@id":"https:\/\/test.aspolo.si\/#organization"},"potentialAction":[{"@type":"SearchAction","target":{"@type":"EntryPoint","urlTemplate":"https:\/\/test.aspolo.si\/?s={search_term_string}"},"query-input":{"@type":"PropertyValueSpecification","valueRequired":true,"valueName":"search_term_string"}}],"inLanguage":"en-US"},{"@type":"Organization","@id":"https:\/\/test.aspolo.si\/#organization","name":"\u0161ola vo\u017enje POLO","url":"https:\/\/test.aspolo.si\/","logo":{"@type":"ImageObject","inLanguage":"en-US","@id":"https:\/\/test.aspolo.si\/#\/schema\/logo\/image\/","url":"https:\/\/test.aspolo.si\/wp-content\/uploads\/2023\/12\/sola-POLO-logo-bel-avto.png","contentUrl":"https:\/\/test.aspolo.si\/wp-content\/uploads\/2023\/12\/sola-POLO-logo-bel-avto.png","width":13483,"height":5004,"caption":"\u0161ola vo\u017enje POLO"},"image":{"@id":"https:\/\/test.aspolo.si\/#\/schema\/logo\/image\/"}}]}},"_links":{"self":[{"href":"https:\/\/test.aspolo.si\/index.php?rest_route=\/wp\/v2\/pages\/3031","targetHints":{"allow":["GET"]}}],"collection":[{"href":"https:\/\/test.aspolo.si\/index.php?rest_route=\/wp\/v2\/pages"}],"about":[{"href":"https:\/\/test.aspolo.si\/index.php?rest_route=\/wp\/v2\/types\/page"}],"author":[{"embeddable":true,"href":"https:\/\/test.aspolo.si\/index.php?rest_route=\/wp\/v2\/users\/1"}],"replies":[{"embeddable":true,"href":"https:\/\/test.aspolo.si\/index.php?rest_route=%2Fwp%2Fv2%2Fcomments&post=3031"}],"version-history":[{"count":0,"href":"https:\/\/test.aspolo.si\/index.php?rest_route=\/wp\/v2\/pages\/3031\/revisions"}],"wp:attachment":[{"href":"https:\/\/test.aspolo.si\/index.php?rest_route=%2Fwp%2Fv2%2Fmedia&parent=3031"}],"curies":[{"name":"wp","href":"https:\/\/api.w.org\/{rel}","templated":true}]}}