{"id":2884,"date":"2025-05-10T11:49:49","date_gmt":"2025-05-10T11:49:49","guid":{"rendered":"https:\/\/aspolo.afna.si\/?page_id=2884"},"modified":"2025-05-10T11:49:49","modified_gmt":"2025-05-10T11:49:49","slug":"voznik-s-spremljevalcem-2","status":"publish","type":"page","link":"https:\/\/test.aspolo.si\/?page_id=2884","title":{"rendered":"Voznik s spremljevalcem"},"content":{"rendered":"\t\t<div data-elementor-type=\"wp-page\" data-elementor-id=\"2884\" class=\"elementor elementor-2884\">\n\t\t\t\t<div class=\"elementor-element elementor-element-d96d0e1 e-flex e-con-boxed e-con e-parent\" data-id=\"d96d0e1\" data-element_type=\"container\" data-e-type=\"container\">\n\t\t\t\t\t<div class=\"e-con-inner\">\n\t\t\t\t<div class=\"elementor-element elementor-element-0baa1eb elementor-widget elementor-widget-text-editor\" data-id=\"0baa1eb\" data-element_type=\"widget\" data-e-type=\"widget\" data-widget_type=\"text-editor.default\">\n\t\t\t\t\t\t\t\t\t<p style=\"text-align: center;\">Voznik s spremljevalcem<\/p>\t\t\t\t\t\t\t\t<\/div>\n\t\t\t\t\t<\/div>\n\t\t\t\t<\/div>\n\t\t<div class=\"elementor-element elementor-element-b74eabb e-flex e-con-boxed e-con e-parent\" data-id=\"b74eabb\" data-element_type=\"container\" data-e-type=\"container\">\n\t\t\t\t\t<div class=\"e-con-inner\">\n\t\t<div class=\"elementor-element elementor-element-43ca4cf e-con-full e-flex e-con e-child\" data-id=\"43ca4cf\" data-element_type=\"container\" data-e-type=\"container\" data-settings=\"{&quot;background_background&quot;:&quot;classic&quot;}\">\n\t\t\t\t<div class=\"elementor-element elementor-element-30b2f58 elementor-widget__width-initial elementor-widget elementor-widget-text-editor\" data-id=\"30b2f58\" data-element_type=\"widget\" data-e-type=\"widget\" data-widget_type=\"text-editor.default\">\n\t\t\t\t\t\t\t\t\t<p>Pogoji za voznike:<\/p><ul><li><span style=\"color: #000000;\">16 let<\/span><\/li><li><span style=\"color: #000000;\">Zdravni\u0161ko spri\u010devalo<\/span><\/li><li><span style=\"color: #000000;\">Prva pomo\u010d<\/span><\/li><li><span style=\"color: #000000;\">Te\u010daj CPP + izpit iz teorije<\/span><\/li><li><span style=\"color: #000000;\">20 ur vo\u017enje pri \u0161oli vo\u017enje<\/span><\/li><\/ul>\t\t\t\t\t\t\t\t<\/div>\n\t\t\t\t<div class=\"elementor-element elementor-element-bb7fe9a elementor-widget elementor-widget-text-editor\" data-id=\"bb7fe9a\" data-element_type=\"widget\" data-e-type=\"widget\" data-widget_type=\"text-editor.default\">\n\t\t\t\t\t\t\t\t\t<p>Pogoji za spremljevalce:<\/p><ul><li><span style=\"color: #000000;\">eden od star\u0161ev, posvojiteljev, skrbnikov, rejnikov ali druga oseba<\/span><\/li><li><span style=\"color: #000000;\">druga oseba pod pogojem, da s tem pisno sogla\u0161ajo star\u0161i<\/span><\/li><li><span style=\"color: #000000;\">spremljevalec mora imeti najmanj 27 let<\/span><\/li><li><span style=\"color: #000000;\">veljavno vozni\u0161ko <\/span><span style=\"color: #000000;\">dovoljenje B-kategorije najmanj 5 let<\/span><\/li><li><span style=\"color: #000000;\">nima ve\u010d kot 5 kazenskih to\u010dk<\/span><\/li><\/ul>\t\t\t\t\t\t\t\t<\/div>\n\t\t\t\t<div class=\"elementor-element elementor-element-96fe5d5 elementor-widget elementor-widget-text-editor\" data-id=\"96fe5d5\" data-element_type=\"widget\" data-e-type=\"widget\" data-widget_type=\"text-editor.default\">\n\t\t\t\t\t\t\t\t\t<p>Potrebna dokumentacija:<\/p><ul><li><span style=\"color: #000000;\">Vloga za vpis spremljevalca, ki jo dobite na upravni enoti in na portalu upravne enote<\/span><\/li><li><span style=\"color: #000000;\">Zahtevek za potrdilo iz evidence kazenskih to\u010dk<\/span><\/li><li><span style=\"color: #000000;\">Eviden\u010dni karton\u010dek s pravilno izpolnjenim programom pou\u010devanja vo\u017enje<\/span><\/li><li><span style=\"color: #000000;\">Zdravni\u0161ko spri\u010devalo<\/span><\/li><li><span style=\"color: #000000;\">Karton\u010dek prve pomo\u010di<\/span><\/li><li><span style=\"color: #000000;\">Potrdilo pla\u010dane upravne takse (22,66 eur)<\/span><br \/><span style=\"color: #000000;\">Kopija rojstnega lista<\/span><\/li><\/ul>\t\t\t\t\t\t\t\t<\/div>\n\t\t\t\t<\/div>\n\t\t\t\t\t<\/div>\n\t\t\t\t<\/div>\n\t\t\t\t<\/div>\n\t\t","protected":false},"excerpt":{"rendered":"<p>Voznik s spremljevalcem Pogoji za voznike: 16 let Zdravni\u0161ko spri\u010devalo Prva pomo\u010d Te\u010daj CPP + izpit iz teorije 20 ur vo\u017enje pri \u0161oli vo\u017enje Pogoji za spremljevalce: eden od star\u0161ev, posvojiteljev, skrbnikov, rejnikov ali druga oseba druga oseba pod pogojem, da s tem pisno sogla\u0161ajo star\u0161i spremljevalec mora imeti najmanj 27 let veljavno vozni\u0161ko dovoljenje&#8230;<\/p>\n","protected":false},"author":1,"featured_media":0,"parent":0,"menu_order":0,"comment_status":"closed","ping_status":"closed","template":"elementor_header_footer","meta":{"footnotes":""},"class_list":["post-2884","page","type-page","status-publish","hentry"],"yoast_head":"<!-- This site is optimized with the Yoast SEO plugin v25.7 - https:\/\/yoast.com\/wordpress\/plugins\/seo\/ -->\n<title>Voznik s spremljevalcem - \u0161ola vo\u017enje POLO<\/title>\n<meta name=\"robots\" content=\"index, follow, max-snippet:-1, max-image-preview:large, max-video-preview:-1\" \/>\n<link rel=\"canonical\" href=\"https:\/\/test.aspolo.si\/?page_id=2884\" \/>\n<meta property=\"og:locale\" content=\"en_US\" \/>\n<meta property=\"og:type\" content=\"article\" \/>\n<meta property=\"og:title\" content=\"Voznik s spremljevalcem - \u0161ola vo\u017enje POLO\" \/>\n<meta property=\"og:description\" content=\"Voznik s spremljevalcem Pogoji za voznike: 16 let Zdravni\u0161ko spri\u010devalo Prva pomo\u010d Te\u010daj CPP + izpit iz teorije 20 ur vo\u017enje pri \u0161oli vo\u017enje Pogoji za spremljevalce: eden od star\u0161ev, posvojiteljev, skrbnikov, rejnikov ali druga oseba druga oseba pod pogojem, da s tem pisno sogla\u0161ajo star\u0161i spremljevalec mora imeti najmanj 27 let veljavno vozni\u0161ko dovoljenje...\" \/>\n<meta property=\"og:url\" content=\"https:\/\/test.aspolo.si\/?page_id=2884\" \/>\n<meta property=\"og:site_name\" content=\"\u0161ola vo\u017enje POLO\" \/>\n<meta name=\"twitter:card\" content=\"summary_large_image\" \/>\n<meta name=\"twitter:label1\" content=\"Est. reading time\" \/>\n\t<meta name=\"twitter:data1\" content=\"1 minute\" \/>\n<script type=\"application\/ld+json\" class=\"yoast-schema-graph\">{\"@context\":\"https:\/\/schema.org\",\"@graph\":[{\"@type\":\"WebPage\",\"@id\":\"https:\/\/test.aspolo.si\/?page_id=2884\",\"url\":\"https:\/\/test.aspolo.si\/?page_id=2884\",\"name\":\"Voznik s spremljevalcem - \u0161ola vo\u017enje POLO\",\"isPartOf\":{\"@id\":\"https:\/\/test.aspolo.si\/#website\"},\"datePublished\":\"2025-05-10T11:49:49+00:00\",\"breadcrumb\":{\"@id\":\"https:\/\/test.aspolo.si\/?page_id=2884#breadcrumb\"},\"inLanguage\":\"en-US\",\"potentialAction\":[{\"@type\":\"ReadAction\",\"target\":[\"https:\/\/test.aspolo.si\/?page_id=2884\"]}]},{\"@type\":\"BreadcrumbList\",\"@id\":\"https:\/\/test.aspolo.si\/?page_id=2884#breadcrumb\",\"itemListElement\":[{\"@type\":\"ListItem\",\"position\":1,\"name\":\"Home\",\"item\":\"https:\/\/test.aspolo.si\/\"},{\"@type\":\"ListItem\",\"position\":2,\"name\":\"Voznik s spremljevalcem\"}]},{\"@type\":\"WebSite\",\"@id\":\"https:\/\/test.aspolo.si\/#website\",\"url\":\"https:\/\/test.aspolo.si\/\",\"name\":\"\u0161ola vo\u017enje POLO\",\"description\":\"\u0160ola vo\u017enje POLO, Postojna, Se\u017eana, avto\u0161ola\",\"publisher\":{\"@id\":\"https:\/\/test.aspolo.si\/#organization\"},\"potentialAction\":[{\"@type\":\"SearchAction\",\"target\":{\"@type\":\"EntryPoint\",\"urlTemplate\":\"https:\/\/test.aspolo.si\/?s={search_term_string}\"},\"query-input\":{\"@type\":\"PropertyValueSpecification\",\"valueRequired\":true,\"valueName\":\"search_term_string\"}}],\"inLanguage\":\"en-US\"},{\"@type\":\"Organization\",\"@id\":\"https:\/\/test.aspolo.si\/#organization\",\"name\":\"\u0161ola vo\u017enje POLO\",\"url\":\"https:\/\/test.aspolo.si\/\",\"logo\":{\"@type\":\"ImageObject\",\"inLanguage\":\"en-US\",\"@id\":\"https:\/\/test.aspolo.si\/#\/schema\/logo\/image\/\",\"url\":\"https:\/\/test.aspolo.si\/wp-content\/uploads\/2023\/12\/sola-POLO-logo-bel-avto.png\",\"contentUrl\":\"https:\/\/test.aspolo.si\/wp-content\/uploads\/2023\/12\/sola-POLO-logo-bel-avto.png\",\"width\":13483,\"height\":5004,\"caption\":\"\u0161ola vo\u017enje POLO\"},\"image\":{\"@id\":\"https:\/\/test.aspolo.si\/#\/schema\/logo\/image\/\"}}]}<\/script>\n<!-- \/ Yoast SEO plugin. -->","yoast_head_json":{"title":"Voznik s spremljevalcem - \u0161ola vo\u017enje POLO","robots":{"index":"index","follow":"follow","max-snippet":"max-snippet:-1","max-image-preview":"max-image-preview:large","max-video-preview":"max-video-preview:-1"},"canonical":"https:\/\/test.aspolo.si\/?page_id=2884","og_locale":"en_US","og_type":"article","og_title":"Voznik s spremljevalcem - \u0161ola vo\u017enje POLO","og_description":"Voznik s spremljevalcem Pogoji za voznike: 16 let Zdravni\u0161ko spri\u010devalo Prva pomo\u010d Te\u010daj CPP + izpit iz teorije 20 ur vo\u017enje pri \u0161oli vo\u017enje Pogoji za spremljevalce: eden od star\u0161ev, posvojiteljev, skrbnikov, rejnikov ali druga oseba druga oseba pod pogojem, da s tem pisno sogla\u0161ajo star\u0161i spremljevalec mora imeti najmanj 27 let veljavno vozni\u0161ko dovoljenje...","og_url":"https:\/\/test.aspolo.si\/?page_id=2884","og_site_name":"\u0161ola vo\u017enje POLO","twitter_card":"summary_large_image","twitter_misc":{"Est. reading time":"1 minute"},"schema":{"@context":"https:\/\/schema.org","@graph":[{"@type":"WebPage","@id":"https:\/\/test.aspolo.si\/?page_id=2884","url":"https:\/\/test.aspolo.si\/?page_id=2884","name":"Voznik s spremljevalcem - \u0161ola vo\u017enje POLO","isPartOf":{"@id":"https:\/\/test.aspolo.si\/#website"},"datePublished":"2025-05-10T11:49:49+00:00","breadcrumb":{"@id":"https:\/\/test.aspolo.si\/?page_id=2884#breadcrumb"},"inLanguage":"en-US","potentialAction":[{"@type":"ReadAction","target":["https:\/\/test.aspolo.si\/?page_id=2884"]}]},{"@type":"BreadcrumbList","@id":"https:\/\/test.aspolo.si\/?page_id=2884#breadcrumb","itemListElement":[{"@type":"ListItem","position":1,"name":"Home","item":"https:\/\/test.aspolo.si\/"},{"@type":"ListItem","position":2,"name":"Voznik s spremljevalcem"}]},{"@type":"WebSite","@id":"https:\/\/test.aspolo.si\/#website","url":"https:\/\/test.aspolo.si\/","name":"\u0161ola vo\u017enje POLO","description":"\u0160ola vo\u017enje POLO, Postojna, Se\u017eana, avto\u0161ola","publisher":{"@id":"https:\/\/test.aspolo.si\/#organization"},"potentialAction":[{"@type":"SearchAction","target":{"@type":"EntryPoint","urlTemplate":"https:\/\/test.aspolo.si\/?s={search_term_string}"},"query-input":{"@type":"PropertyValueSpecification","valueRequired":true,"valueName":"search_term_string"}}],"inLanguage":"en-US"},{"@type":"Organization","@id":"https:\/\/test.aspolo.si\/#organization","name":"\u0161ola vo\u017enje POLO","url":"https:\/\/test.aspolo.si\/","logo":{"@type":"ImageObject","inLanguage":"en-US","@id":"https:\/\/test.aspolo.si\/#\/schema\/logo\/image\/","url":"https:\/\/test.aspolo.si\/wp-content\/uploads\/2023\/12\/sola-POLO-logo-bel-avto.png","contentUrl":"https:\/\/test.aspolo.si\/wp-content\/uploads\/2023\/12\/sola-POLO-logo-bel-avto.png","width":13483,"height":5004,"caption":"\u0161ola vo\u017enje POLO"},"image":{"@id":"https:\/\/test.aspolo.si\/#\/schema\/logo\/image\/"}}]}},"_links":{"self":[{"href":"https:\/\/test.aspolo.si\/index.php?rest_route=\/wp\/v2\/pages\/2884","targetHints":{"allow":["GET"]}}],"collection":[{"href":"https:\/\/test.aspolo.si\/index.php?rest_route=\/wp\/v2\/pages"}],"about":[{"href":"https:\/\/test.aspolo.si\/index.php?rest_route=\/wp\/v2\/types\/page"}],"author":[{"embeddable":true,"href":"https:\/\/test.aspolo.si\/index.php?rest_route=\/wp\/v2\/users\/1"}],"replies":[{"embeddable":true,"href":"https:\/\/test.aspolo.si\/index.php?rest_route=%2Fwp%2Fv2%2Fcomments&post=2884"}],"version-history":[{"count":0,"href":"https:\/\/test.aspolo.si\/index.php?rest_route=\/wp\/v2\/pages\/2884\/revisions"}],"wp:attachment":[{"href":"https:\/\/test.aspolo.si\/index.php?rest_route=%2Fwp%2Fv2%2Fmedia&parent=2884"}],"curies":[{"name":"wp","href":"https:\/\/api.w.org\/{rel}","templated":true}]}}