{"id":2871,"date":"2025-05-10T11:41:48","date_gmt":"2025-05-10T11:41:48","guid":{"rendered":"https:\/\/aspolo.afna.si\/?page_id=2871"},"modified":"2025-05-10T11:41:48","modified_gmt":"2025-05-10T11:41:48","slug":"elementor-page-2871","status":"publish","type":"page","link":"https:\/\/test.aspolo.si\/?page_id=2871","title":{"rendered":"Darilni boni"},"content":{"rendered":"\t\t<div data-elementor-type=\"wp-page\" data-elementor-id=\"2871\" class=\"elementor elementor-2871\">\n\t\t\t\t<div class=\"elementor-element elementor-element-f51eab1 e-flex e-con-boxed e-con e-parent\" data-id=\"f51eab1\" data-element_type=\"container\" data-e-type=\"container\">\n\t\t\t\t\t<div class=\"e-con-inner\">\n\t\t\t\t<div class=\"elementor-element elementor-element-37ebac8 elementor-widget elementor-widget-text-editor\" data-id=\"37ebac8\" data-element_type=\"widget\" data-e-type=\"widget\" data-widget_type=\"text-editor.default\">\n\t\t\t\t\t\t\t\t\t<p style=\"text-align: center;\">Darilni boni<\/p>\t\t\t\t\t\t\t\t<\/div>\n\t\t\t\t\t<\/div>\n\t\t\t\t<\/div>\n\t\t<div class=\"elementor-element elementor-element-b76060c e-flex e-con-boxed e-con e-parent\" data-id=\"b76060c\" data-element_type=\"container\" data-e-type=\"container\">\n\t\t\t\t\t<div class=\"e-con-inner\">\n\t\t<div class=\"elementor-element elementor-element-50b2be0 e-con-full e-flex e-con e-child\" data-id=\"50b2be0\" data-element_type=\"container\" data-e-type=\"container\" data-settings=\"{&quot;background_background&quot;:&quot;classic&quot;}\">\n\t\t\t\t<div class=\"elementor-element elementor-element-8a51e4d elementor-widget elementor-widget-text-editor\" data-id=\"8a51e4d\" data-element_type=\"widget\" data-e-type=\"widget\" data-widget_type=\"text-editor.default\">\n\t\t\t\t\t\t\t\t\t<div class=\"wp-block-group is-vertical is-layout-flex wp-container-core-group-is-layout-8cf370e7 wp-block-group-is-layout-flex\"><p><span style=\"color: #000000;\">Pri nas lahko kupite darilne bone za bodo\u010de polnoletnike, prijatelje ali pa tudi znance za posebne prilo\u017enosti:<\/span><\/p><p><span style=\"color: #000000;\">Darilne bone lahko tudi skupaj oblikujemo po va\u0161ih \u017eeljah.<\/span><\/p><ul><li><span style=\"color: #000000;\">BON za 5 UR<\/span><\/li><li><span style=\"color: #000000;\">BON za 10 UR<\/span><\/li><li><span style=\"color: #000000;\">BON za 20 UR<\/span><\/li><li><span style=\"color: #000000;\">BON za 50 eur<\/span><\/li><li><span style=\"color: #000000;\">BON za 100 eur<\/span><\/li><li><span style=\"color: #000000;\">BON posebnih \u017eelja (npr.: te\u010daj CPP + 3 ure vo\u017enje)<\/span><\/li><\/ul><\/div>\t\t\t\t\t\t\t\t<\/div>\n\t\t\t\t<\/div>\n\t\t<div class=\"elementor-element elementor-element-de28560 e-con-full e-flex e-con e-child\" data-id=\"de28560\" data-element_type=\"container\" data-e-type=\"container\">\n\t\t<div class=\"elementor-element elementor-element-56458c0 e-con-full e-flex e-con e-child\" data-id=\"56458c0\" data-element_type=\"container\" data-e-type=\"container\" data-settings=\"{&quot;background_background&quot;:&quot;classic&quot;}\">\n\t\t<div class=\"elementor-element elementor-element-275ad15 e-con-full e-flex e-con e-child\" data-id=\"275ad15\" data-element_type=\"container\" data-e-type=\"container\" data-settings=\"{&quot;background_background&quot;:&quot;classic&quot;}\">\n\t\t\t\t<div class=\"elementor-element elementor-element-d225534 elementor-widget elementor-widget-image\" data-id=\"d225534\" data-element_type=\"widget\" data-e-type=\"widget\" data-widget_type=\"image.default\">\n\t\t\t\t\t\t\t\t\t\t\t\t\t\t\t<img fetchpriority=\"high\" decoding=\"async\" width=\"800\" height=\"312\" src=\"https:\/\/test.aspolo.si\/wp-content\/uploads\/2025\/05\/Darilni-bon_aspoloSlika.png\" class=\"attachment-full size-full wp-image-2876\" alt=\"\" srcset=\"https:\/\/test.aspolo.si\/wp-content\/uploads\/2025\/05\/Darilni-bon_aspoloSlika.png 800w, https:\/\/test.aspolo.si\/wp-content\/uploads\/2025\/05\/Darilni-bon_aspoloSlika-300x117.png 300w, https:\/\/test.aspolo.si\/wp-content\/uploads\/2025\/05\/Darilni-bon_aspoloSlika-768x300.png 768w\" sizes=\"(max-width: 800px) 100vw, 800px\" \/>\t\t\t\t\t\t\t\t\t\t\t\t\t\t\t<\/div>\n\t\t\t\t<\/div>\n\t\t\t\t<\/div>\n\t\t\t\t<\/div>\n\t\t\t\t\t<\/div>\n\t\t\t\t<\/div>\n\t\t\t\t<\/div>\n\t\t","protected":false},"excerpt":{"rendered":"<p>Darilni boni Pri nas lahko kupite darilne bone za bodo\u010de polnoletnike, prijatelje ali pa tudi znance za posebne prilo\u017enosti: Darilne bone lahko tudi skupaj oblikujemo po va\u0161ih \u017eeljah. BON za 5 UR BON za 10 UR BON za 20 UR BON za 50 eur BON za 100 eur BON posebnih \u017eelja (npr.: te\u010daj CPP +&#8230;<\/p>\n","protected":false},"author":1,"featured_media":0,"parent":0,"menu_order":0,"comment_status":"closed","ping_status":"closed","template":"elementor_header_footer","meta":{"footnotes":""},"class_list":["post-2871","page","type-page","status-publish","hentry"],"yoast_head":"<!-- This site is optimized with the Yoast SEO plugin v25.7 - https:\/\/yoast.com\/wordpress\/plugins\/seo\/ -->\n<title>Darilni boni - \u0161ola vo\u017enje POLO<\/title>\n<meta name=\"robots\" content=\"index, follow, max-snippet:-1, max-image-preview:large, max-video-preview:-1\" \/>\n<link rel=\"canonical\" href=\"https:\/\/test.aspolo.si\/?page_id=2871\" \/>\n<meta property=\"og:locale\" content=\"en_US\" \/>\n<meta property=\"og:type\" content=\"article\" \/>\n<meta property=\"og:title\" content=\"Darilni boni - \u0161ola vo\u017enje POLO\" \/>\n<meta property=\"og:description\" content=\"Darilni boni Pri nas lahko kupite darilne bone za bodo\u010de polnoletnike, prijatelje ali pa tudi znance za posebne prilo\u017enosti: Darilne bone lahko tudi skupaj oblikujemo po va\u0161ih \u017eeljah. BON za 5 UR BON za 10 UR BON za 20 UR BON za 50 eur BON za 100 eur BON posebnih \u017eelja (npr.: te\u010daj CPP +...\" \/>\n<meta property=\"og:url\" content=\"https:\/\/test.aspolo.si\/?page_id=2871\" \/>\n<meta property=\"og:site_name\" content=\"\u0161ola vo\u017enje POLO\" \/>\n<meta property=\"og:image\" content=\"http:\/\/test.aspolo.si\/wp-content\/uploads\/2025\/05\/Darilni-bon_aspoloSlika.png\" \/>\n<meta name=\"twitter:card\" content=\"summary_large_image\" \/>\n<meta name=\"twitter:label1\" content=\"Est. reading time\" \/>\n\t<meta name=\"twitter:data1\" content=\"1 minute\" \/>\n<script type=\"application\/ld+json\" class=\"yoast-schema-graph\">{\"@context\":\"https:\/\/schema.org\",\"@graph\":[{\"@type\":\"WebPage\",\"@id\":\"https:\/\/test.aspolo.si\/?page_id=2871\",\"url\":\"https:\/\/test.aspolo.si\/?page_id=2871\",\"name\":\"Darilni boni - \u0161ola vo\u017enje POLO\",\"isPartOf\":{\"@id\":\"https:\/\/test.aspolo.si\/#website\"},\"primaryImageOfPage\":{\"@id\":\"https:\/\/test.aspolo.si\/?page_id=2871#primaryimage\"},\"image\":{\"@id\":\"https:\/\/test.aspolo.si\/?page_id=2871#primaryimage\"},\"thumbnailUrl\":\"http:\/\/test.aspolo.si\/wp-content\/uploads\/2025\/05\/Darilni-bon_aspoloSlika.png\",\"datePublished\":\"2025-05-10T11:41:48+00:00\",\"breadcrumb\":{\"@id\":\"https:\/\/test.aspolo.si\/?page_id=2871#breadcrumb\"},\"inLanguage\":\"en-US\",\"potentialAction\":[{\"@type\":\"ReadAction\",\"target\":[\"https:\/\/test.aspolo.si\/?page_id=2871\"]}]},{\"@type\":\"ImageObject\",\"inLanguage\":\"en-US\",\"@id\":\"https:\/\/test.aspolo.si\/?page_id=2871#primaryimage\",\"url\":\"https:\/\/test.aspolo.si\/wp-content\/uploads\/2025\/05\/Darilni-bon_aspoloSlika.png\",\"contentUrl\":\"https:\/\/test.aspolo.si\/wp-content\/uploads\/2025\/05\/Darilni-bon_aspoloSlika.png\",\"width\":800,\"height\":312},{\"@type\":\"BreadcrumbList\",\"@id\":\"https:\/\/test.aspolo.si\/?page_id=2871#breadcrumb\",\"itemListElement\":[{\"@type\":\"ListItem\",\"position\":1,\"name\":\"Home\",\"item\":\"https:\/\/test.aspolo.si\/\"},{\"@type\":\"ListItem\",\"position\":2,\"name\":\"Darilni boni\"}]},{\"@type\":\"WebSite\",\"@id\":\"https:\/\/test.aspolo.si\/#website\",\"url\":\"https:\/\/test.aspolo.si\/\",\"name\":\"\u0161ola vo\u017enje POLO\",\"description\":\"\u0160ola vo\u017enje POLO, Postojna, Se\u017eana, avto\u0161ola\",\"publisher\":{\"@id\":\"https:\/\/test.aspolo.si\/#organization\"},\"potentialAction\":[{\"@type\":\"SearchAction\",\"target\":{\"@type\":\"EntryPoint\",\"urlTemplate\":\"https:\/\/test.aspolo.si\/?s={search_term_string}\"},\"query-input\":{\"@type\":\"PropertyValueSpecification\",\"valueRequired\":true,\"valueName\":\"search_term_string\"}}],\"inLanguage\":\"en-US\"},{\"@type\":\"Organization\",\"@id\":\"https:\/\/test.aspolo.si\/#organization\",\"name\":\"\u0161ola vo\u017enje POLO\",\"url\":\"https:\/\/test.aspolo.si\/\",\"logo\":{\"@type\":\"ImageObject\",\"inLanguage\":\"en-US\",\"@id\":\"https:\/\/test.aspolo.si\/#\/schema\/logo\/image\/\",\"url\":\"https:\/\/test.aspolo.si\/wp-content\/uploads\/2023\/12\/sola-POLO-logo-bel-avto.png\",\"contentUrl\":\"https:\/\/test.aspolo.si\/wp-content\/uploads\/2023\/12\/sola-POLO-logo-bel-avto.png\",\"width\":13483,\"height\":5004,\"caption\":\"\u0161ola vo\u017enje POLO\"},\"image\":{\"@id\":\"https:\/\/test.aspolo.si\/#\/schema\/logo\/image\/\"}}]}<\/script>\n<!-- \/ Yoast SEO plugin. -->","yoast_head_json":{"title":"Darilni boni - \u0161ola vo\u017enje POLO","robots":{"index":"index","follow":"follow","max-snippet":"max-snippet:-1","max-image-preview":"max-image-preview:large","max-video-preview":"max-video-preview:-1"},"canonical":"https:\/\/test.aspolo.si\/?page_id=2871","og_locale":"en_US","og_type":"article","og_title":"Darilni boni - \u0161ola vo\u017enje POLO","og_description":"Darilni boni Pri nas lahko kupite darilne bone za bodo\u010de polnoletnike, prijatelje ali pa tudi znance za posebne prilo\u017enosti: Darilne bone lahko tudi skupaj oblikujemo po va\u0161ih \u017eeljah. BON za 5 UR BON za 10 UR BON za 20 UR BON za 50 eur BON za 100 eur BON posebnih \u017eelja (npr.: te\u010daj CPP +...","og_url":"https:\/\/test.aspolo.si\/?page_id=2871","og_site_name":"\u0161ola vo\u017enje POLO","og_image":[{"url":"http:\/\/test.aspolo.si\/wp-content\/uploads\/2025\/05\/Darilni-bon_aspoloSlika.png","type":"","width":"","height":""}],"twitter_card":"summary_large_image","twitter_misc":{"Est. reading time":"1 minute"},"schema":{"@context":"https:\/\/schema.org","@graph":[{"@type":"WebPage","@id":"https:\/\/test.aspolo.si\/?page_id=2871","url":"https:\/\/test.aspolo.si\/?page_id=2871","name":"Darilni boni - \u0161ola vo\u017enje POLO","isPartOf":{"@id":"https:\/\/test.aspolo.si\/#website"},"primaryImageOfPage":{"@id":"https:\/\/test.aspolo.si\/?page_id=2871#primaryimage"},"image":{"@id":"https:\/\/test.aspolo.si\/?page_id=2871#primaryimage"},"thumbnailUrl":"http:\/\/test.aspolo.si\/wp-content\/uploads\/2025\/05\/Darilni-bon_aspoloSlika.png","datePublished":"2025-05-10T11:41:48+00:00","breadcrumb":{"@id":"https:\/\/test.aspolo.si\/?page_id=2871#breadcrumb"},"inLanguage":"en-US","potentialAction":[{"@type":"ReadAction","target":["https:\/\/test.aspolo.si\/?page_id=2871"]}]},{"@type":"ImageObject","inLanguage":"en-US","@id":"https:\/\/test.aspolo.si\/?page_id=2871#primaryimage","url":"https:\/\/test.aspolo.si\/wp-content\/uploads\/2025\/05\/Darilni-bon_aspoloSlika.png","contentUrl":"https:\/\/test.aspolo.si\/wp-content\/uploads\/2025\/05\/Darilni-bon_aspoloSlika.png","width":800,"height":312},{"@type":"BreadcrumbList","@id":"https:\/\/test.aspolo.si\/?page_id=2871#breadcrumb","itemListElement":[{"@type":"ListItem","position":1,"name":"Home","item":"https:\/\/test.aspolo.si\/"},{"@type":"ListItem","position":2,"name":"Darilni boni"}]},{"@type":"WebSite","@id":"https:\/\/test.aspolo.si\/#website","url":"https:\/\/test.aspolo.si\/","name":"\u0161ola vo\u017enje POLO","description":"\u0160ola vo\u017enje POLO, Postojna, Se\u017eana, avto\u0161ola","publisher":{"@id":"https:\/\/test.aspolo.si\/#organization"},"potentialAction":[{"@type":"SearchAction","target":{"@type":"EntryPoint","urlTemplate":"https:\/\/test.aspolo.si\/?s={search_term_string}"},"query-input":{"@type":"PropertyValueSpecification","valueRequired":true,"valueName":"search_term_string"}}],"inLanguage":"en-US"},{"@type":"Organization","@id":"https:\/\/test.aspolo.si\/#organization","name":"\u0161ola vo\u017enje POLO","url":"https:\/\/test.aspolo.si\/","logo":{"@type":"ImageObject","inLanguage":"en-US","@id":"https:\/\/test.aspolo.si\/#\/schema\/logo\/image\/","url":"https:\/\/test.aspolo.si\/wp-content\/uploads\/2023\/12\/sola-POLO-logo-bel-avto.png","contentUrl":"https:\/\/test.aspolo.si\/wp-content\/uploads\/2023\/12\/sola-POLO-logo-bel-avto.png","width":13483,"height":5004,"caption":"\u0161ola vo\u017enje POLO"},"image":{"@id":"https:\/\/test.aspolo.si\/#\/schema\/logo\/image\/"}}]}},"_links":{"self":[{"href":"https:\/\/test.aspolo.si\/index.php?rest_route=\/wp\/v2\/pages\/2871","targetHints":{"allow":["GET"]}}],"collection":[{"href":"https:\/\/test.aspolo.si\/index.php?rest_route=\/wp\/v2\/pages"}],"about":[{"href":"https:\/\/test.aspolo.si\/index.php?rest_route=\/wp\/v2\/types\/page"}],"author":[{"embeddable":true,"href":"https:\/\/test.aspolo.si\/index.php?rest_route=\/wp\/v2\/users\/1"}],"replies":[{"embeddable":true,"href":"https:\/\/test.aspolo.si\/index.php?rest_route=%2Fwp%2Fv2%2Fcomments&post=2871"}],"version-history":[{"count":0,"href":"https:\/\/test.aspolo.si\/index.php?rest_route=\/wp\/v2\/pages\/2871\/revisions"}],"wp:attachment":[{"href":"https:\/\/test.aspolo.si\/index.php?rest_route=%2Fwp%2Fv2%2Fmedia&parent=2871"}],"curies":[{"name":"wp","href":"https:\/\/api.w.org\/{rel}","templated":true}]}}