{"id":2813,"date":"2025-05-10T09:01:01","date_gmt":"2025-05-10T09:01:01","guid":{"rendered":"https:\/\/aspolo.afna.si\/?page_id=2813"},"modified":"2025-05-10T09:01:01","modified_gmt":"2025-05-10T09:01:01","slug":"kontakt-2","status":"publish","type":"page","link":"https:\/\/test.aspolo.si\/?page_id=2813","title":{"rendered":"Kontakt"},"content":{"rendered":"<p style=\"text-align: center;\">U\u010ditelji vo\u017enje<\/p>\n<p>Marko<\/p>\n<p>U\u010ditelj vo\u017enje kategorij: A1, A2, A, B<\/p>\n<p>Telefon: 040 264 169<\/p>\n<p>Luka<\/p>\n<p>U\u010ditelj vo\u017enje kategorij: A1,A2,A,B,BE,C,CE<\/p>\n<p>Telefon: 040 206 665<\/p>\n<p>Denis<\/p>\n<p>U\u010ditelj vo\u017enje kategorij: A1, A2, A, B<\/p>\n<p>Telefon: 040 868 897<\/p>\n<p>Barbara<\/p>\n<p>U\u010ditelj vo\u017enje kategorij: B<\/p>\n<p>Telefon: 041 933 744<\/p>\n","protected":false},"excerpt":{"rendered":"<p>U\u010ditelji vo\u017enje Marko U\u010ditelj vo\u017enje kategorij: A1, A2, A, B Telefon: 040 264 169 Luka U\u010ditelj vo\u017enje kategorij: A1,A2,A,B,BE,C,CE Telefon: 040 206 665 Denis U\u010ditelj vo\u017enje kategorij: A1, A2, A, B Telefon: 040 868 897 Barbara U\u010ditelj vo\u017enje kategorij: B Telefon: 041 933 744<\/p>\n","protected":false},"author":1,"featured_media":0,"parent":0,"menu_order":0,"comment_status":"closed","ping_status":"closed","template":"elementor_header_footer","meta":{"footnotes":""},"class_list":["post-2813","page","type-page","status-publish","hentry","page--item"],"yoast_head":"<!-- This site is optimized with the Yoast SEO plugin v25.7 - https:\/\/yoast.com\/wordpress\/plugins\/seo\/ -->\n<title>Kontakt - \u0161ola vo\u017enje POLO<\/title>\n<meta name=\"robots\" content=\"index, follow, max-snippet:-1, max-image-preview:large, max-video-preview:-1\" \/>\n<link rel=\"canonical\" href=\"https:\/\/test.aspolo.si\/?page_id=2813\" \/>\n<meta property=\"og:locale\" content=\"en_US\" \/>\n<meta property=\"og:type\" content=\"article\" \/>\n<meta property=\"og:title\" content=\"Kontakt - \u0161ola vo\u017enje POLO\" \/>\n<meta property=\"og:description\" content=\"U\u010ditelji vo\u017enje Marko U\u010ditelj vo\u017enje kategorij: A1, A2, A, B Telefon: 040 264 169 Luka U\u010ditelj vo\u017enje kategorij: A1,A2,A,B,BE,C,CE Telefon: 040 206 665 Denis U\u010ditelj vo\u017enje kategorij: A1, A2, A, B Telefon: 040 868 897 Barbara U\u010ditelj vo\u017enje kategorij: B Telefon: 041 933 744\" \/>\n<meta property=\"og:url\" content=\"https:\/\/test.aspolo.si\/?page_id=2813\" \/>\n<meta property=\"og:site_name\" content=\"\u0161ola vo\u017enje POLO\" \/>\n<meta name=\"twitter:card\" content=\"summary_large_image\" \/>\n<meta name=\"twitter:label1\" content=\"Est. reading time\" \/>\n\t<meta name=\"twitter:data1\" content=\"1 minute\" \/>\n<script type=\"application\/ld+json\" class=\"yoast-schema-graph\">{\"@context\":\"https:\/\/schema.org\",\"@graph\":[{\"@type\":\"WebPage\",\"@id\":\"https:\/\/test.aspolo.si\/?page_id=2813\",\"url\":\"https:\/\/test.aspolo.si\/?page_id=2813\",\"name\":\"Kontakt - \u0161ola vo\u017enje POLO\",\"isPartOf\":{\"@id\":\"https:\/\/test.aspolo.si\/#website\"},\"datePublished\":\"2025-05-10T09:01:01+00:00\",\"breadcrumb\":{\"@id\":\"https:\/\/test.aspolo.si\/?page_id=2813#breadcrumb\"},\"inLanguage\":\"en-US\",\"potentialAction\":[{\"@type\":\"ReadAction\",\"target\":[\"https:\/\/test.aspolo.si\/?page_id=2813\"]}]},{\"@type\":\"BreadcrumbList\",\"@id\":\"https:\/\/test.aspolo.si\/?page_id=2813#breadcrumb\",\"itemListElement\":[{\"@type\":\"ListItem\",\"position\":1,\"name\":\"Home\",\"item\":\"https:\/\/test.aspolo.si\/\"},{\"@type\":\"ListItem\",\"position\":2,\"name\":\"Kontakt\"}]},{\"@type\":\"WebSite\",\"@id\":\"https:\/\/test.aspolo.si\/#website\",\"url\":\"https:\/\/test.aspolo.si\/\",\"name\":\"\u0161ola vo\u017enje POLO\",\"description\":\"\u0160ola vo\u017enje POLO, Postojna, Se\u017eana, avto\u0161ola\",\"publisher\":{\"@id\":\"https:\/\/test.aspolo.si\/#organization\"},\"potentialAction\":[{\"@type\":\"SearchAction\",\"target\":{\"@type\":\"EntryPoint\",\"urlTemplate\":\"https:\/\/test.aspolo.si\/?s={search_term_string}\"},\"query-input\":{\"@type\":\"PropertyValueSpecification\",\"valueRequired\":true,\"valueName\":\"search_term_string\"}}],\"inLanguage\":\"en-US\"},{\"@type\":\"Organization\",\"@id\":\"https:\/\/test.aspolo.si\/#organization\",\"name\":\"\u0161ola vo\u017enje POLO\",\"url\":\"https:\/\/test.aspolo.si\/\",\"logo\":{\"@type\":\"ImageObject\",\"inLanguage\":\"en-US\",\"@id\":\"https:\/\/test.aspolo.si\/#\/schema\/logo\/image\/\",\"url\":\"https:\/\/test.aspolo.si\/wp-content\/uploads\/2023\/12\/sola-POLO-logo-bel-avto.png\",\"contentUrl\":\"https:\/\/test.aspolo.si\/wp-content\/uploads\/2023\/12\/sola-POLO-logo-bel-avto.png\",\"width\":13483,\"height\":5004,\"caption\":\"\u0161ola vo\u017enje POLO\"},\"image\":{\"@id\":\"https:\/\/test.aspolo.si\/#\/schema\/logo\/image\/\"}}]}<\/script>\n<!-- \/ Yoast SEO plugin. -->","yoast_head_json":{"title":"Kontakt - \u0161ola vo\u017enje POLO","robots":{"index":"index","follow":"follow","max-snippet":"max-snippet:-1","max-image-preview":"max-image-preview:large","max-video-preview":"max-video-preview:-1"},"canonical":"https:\/\/test.aspolo.si\/?page_id=2813","og_locale":"en_US","og_type":"article","og_title":"Kontakt - \u0161ola vo\u017enje POLO","og_description":"U\u010ditelji vo\u017enje Marko U\u010ditelj vo\u017enje kategorij: A1, A2, A, B Telefon: 040 264 169 Luka U\u010ditelj vo\u017enje kategorij: A1,A2,A,B,BE,C,CE Telefon: 040 206 665 Denis U\u010ditelj vo\u017enje kategorij: A1, A2, A, B Telefon: 040 868 897 Barbara U\u010ditelj vo\u017enje kategorij: B Telefon: 041 933 744","og_url":"https:\/\/test.aspolo.si\/?page_id=2813","og_site_name":"\u0161ola vo\u017enje POLO","twitter_card":"summary_large_image","twitter_misc":{"Est. reading time":"1 minute"},"schema":{"@context":"https:\/\/schema.org","@graph":[{"@type":"WebPage","@id":"https:\/\/test.aspolo.si\/?page_id=2813","url":"https:\/\/test.aspolo.si\/?page_id=2813","name":"Kontakt - \u0161ola vo\u017enje POLO","isPartOf":{"@id":"https:\/\/test.aspolo.si\/#website"},"datePublished":"2025-05-10T09:01:01+00:00","breadcrumb":{"@id":"https:\/\/test.aspolo.si\/?page_id=2813#breadcrumb"},"inLanguage":"en-US","potentialAction":[{"@type":"ReadAction","target":["https:\/\/test.aspolo.si\/?page_id=2813"]}]},{"@type":"BreadcrumbList","@id":"https:\/\/test.aspolo.si\/?page_id=2813#breadcrumb","itemListElement":[{"@type":"ListItem","position":1,"name":"Home","item":"https:\/\/test.aspolo.si\/"},{"@type":"ListItem","position":2,"name":"Kontakt"}]},{"@type":"WebSite","@id":"https:\/\/test.aspolo.si\/#website","url":"https:\/\/test.aspolo.si\/","name":"\u0161ola vo\u017enje POLO","description":"\u0160ola vo\u017enje POLO, Postojna, Se\u017eana, avto\u0161ola","publisher":{"@id":"https:\/\/test.aspolo.si\/#organization"},"potentialAction":[{"@type":"SearchAction","target":{"@type":"EntryPoint","urlTemplate":"https:\/\/test.aspolo.si\/?s={search_term_string}"},"query-input":{"@type":"PropertyValueSpecification","valueRequired":true,"valueName":"search_term_string"}}],"inLanguage":"en-US"},{"@type":"Organization","@id":"https:\/\/test.aspolo.si\/#organization","name":"\u0161ola vo\u017enje POLO","url":"https:\/\/test.aspolo.si\/","logo":{"@type":"ImageObject","inLanguage":"en-US","@id":"https:\/\/test.aspolo.si\/#\/schema\/logo\/image\/","url":"https:\/\/test.aspolo.si\/wp-content\/uploads\/2023\/12\/sola-POLO-logo-bel-avto.png","contentUrl":"https:\/\/test.aspolo.si\/wp-content\/uploads\/2023\/12\/sola-POLO-logo-bel-avto.png","width":13483,"height":5004,"caption":"\u0161ola vo\u017enje POLO"},"image":{"@id":"https:\/\/test.aspolo.si\/#\/schema\/logo\/image\/"}}]}},"_links":{"self":[{"href":"https:\/\/test.aspolo.si\/index.php?rest_route=\/wp\/v2\/pages\/2813","targetHints":{"allow":["GET"]}}],"collection":[{"href":"https:\/\/test.aspolo.si\/index.php?rest_route=\/wp\/v2\/pages"}],"about":[{"href":"https:\/\/test.aspolo.si\/index.php?rest_route=\/wp\/v2\/types\/page"}],"author":[{"embeddable":true,"href":"https:\/\/test.aspolo.si\/index.php?rest_route=\/wp\/v2\/users\/1"}],"replies":[{"embeddable":true,"href":"https:\/\/test.aspolo.si\/index.php?rest_route=%2Fwp%2Fv2%2Fcomments&post=2813"}],"version-history":[{"count":0,"href":"https:\/\/test.aspolo.si\/index.php?rest_route=\/wp\/v2\/pages\/2813\/revisions"}],"wp:attachment":[{"href":"https:\/\/test.aspolo.si\/index.php?rest_route=%2Fwp%2Fv2%2Fmedia&parent=2813"}],"curies":[{"name":"wp","href":"https:\/\/api.w.org\/{rel}","templated":true}]}}