{"id":2697,"date":"2025-05-09T19:25:19","date_gmt":"2025-05-09T19:25:19","guid":{"rendered":"https:\/\/aspolo.afna.si\/?page_id=2697"},"modified":"2025-05-09T19:25:19","modified_gmt":"2025-05-09T19:25:19","slug":"ponovna-pridobitev-vozniskega-dovoljenja-2","status":"publish","type":"page","link":"https:\/\/test.aspolo.si\/?page_id=2697","title":{"rendered":"Ponovna pridobitev vozni\u0161kega dovoljenja"},"content":{"rendered":"\t\t<div data-elementor-type=\"wp-page\" data-elementor-id=\"2697\" class=\"elementor elementor-2697\">\n\t\t\t\t<div class=\"elementor-element elementor-element-67402ce e-flex e-con-boxed e-con e-parent\" data-id=\"67402ce\" data-element_type=\"container\" data-e-type=\"container\">\n\t\t\t\t\t<div class=\"e-con-inner\">\n\t\t\t\t<div class=\"elementor-element elementor-element-54efef3 elementor-widget elementor-widget-text-editor\" data-id=\"54efef3\" data-element_type=\"widget\" data-e-type=\"widget\" data-widget_type=\"text-editor.default\">\n\t\t\t\t\t\t\t\t\t<p style=\"text-align: center;\">Ponovna pridobitev vozni\u0161kega dovoljenja<\/p>\t\t\t\t\t\t\t\t<\/div>\n\t\t\t\t\t<\/div>\n\t\t\t\t<\/div>\n\t\t<div class=\"elementor-element elementor-element-6b6d37a e-flex e-con-boxed e-con e-parent\" data-id=\"6b6d37a\" data-element_type=\"container\" data-e-type=\"container\">\n\t\t\t\t\t<div class=\"e-con-inner\">\n\t\t<div class=\"elementor-element elementor-element-ffb6e52 e-con-full e-flex e-con e-child\" data-id=\"ffb6e52\" data-element_type=\"container\" data-e-type=\"container\" data-settings=\"{&quot;background_background&quot;:&quot;classic&quot;}\">\n\t\t\t\t<div class=\"elementor-element elementor-element-070d6ac elementor-widget elementor-widget-text-editor\" data-id=\"070d6ac\" data-element_type=\"widget\" data-e-type=\"widget\" data-widget_type=\"text-editor.default\">\n\t\t\t\t\t\t\t\t\t<div class=\"wp-block-group is-vertical is-layout-flex wp-container-core-group-is-layout-8cf370e7 wp-block-group-is-layout-flex\"><p><strong>Kdaj:<\/strong><\/p><p><span style=\"color: #000000;\">po 6 mesecih od izvr\u0161itve odlo\u010dbe <\/span><span style=\"color: #000000;\">po 1 letu, \u010de ji je izre\u010deno prenehanje prej kot v 2 letih od ponovne pridobitve vozni\u0161kega dovoljenja<\/span><\/p><\/div><div class=\"wp-block-group is-vertical is-layout-flex wp-container-core-group-is-layout-8cf370e7 wp-block-group-is-layout-flex\"><p><strong>Kako do izpita:<\/strong><\/p><\/div><ol class=\"wp-block-list\"><li><span style=\"color: #000000;\">Zdravni\u0161ko spri\u010devalo<\/span><\/li><li><span style=\"color: #000000;\">Program dodatnega usposabljanja za varno vo\u017enjo ali rehabilitacijski program<\/span><\/li><li><span style=\"color: #000000;\">Te\u010daj CPP + izpit iz teorije<\/span><\/li><li><span style=\"color: #000000;\">20 ur vo\u017enje + izpitna vo\u017enja<\/span><\/li><\/ol><p><span style=\"color: #000000;\">\u010ce ste izgubili izpit zaradi alkohola, prepovedanih drog psihoaktivnih zdravil ali drugih psihoaktivnih snovi se morate pred ponovnim opravljanjem izpita udele\u017eiti rehabilitacijskega programa dolo\u010denega s tem zakonom.<\/span><\/p>\t\t\t\t\t\t\t\t<\/div>\n\t\t\t\t<\/div>\n\t\t<div class=\"elementor-element elementor-element-f5142c9 e-con-full e-flex e-con e-child\" data-id=\"f5142c9\" data-element_type=\"container\" data-e-type=\"container\">\n\t\t<div class=\"elementor-element elementor-element-a6d6a17 e-con-full e-flex e-con e-child\" data-id=\"a6d6a17\" data-element_type=\"container\" data-e-type=\"container\" data-settings=\"{&quot;background_background&quot;:&quot;classic&quot;}\">\n\t\t<div class=\"elementor-element elementor-element-35a8f6c e-con-full e-flex e-con e-child\" data-id=\"35a8f6c\" data-element_type=\"container\" data-e-type=\"container\" data-settings=\"{&quot;background_background&quot;:&quot;classic&quot;}\">\n\t\t\t\t<div class=\"elementor-element elementor-element-c24e92a elementor-widget elementor-widget-image\" data-id=\"c24e92a\" data-element_type=\"widget\" data-e-type=\"widget\" data-widget_type=\"image.default\">\n\t\t\t\t\t\t\t\t\t\t\t\t\t\t\t<img fetchpriority=\"high\" decoding=\"async\" width=\"500\" height=\"346\" src=\"https:\/\/test.aspolo.si\/wp-content\/uploads\/2025\/05\/policaj.jpg\" class=\"attachment-full size-full wp-image-2699\" alt=\"\" srcset=\"https:\/\/test.aspolo.si\/wp-content\/uploads\/2025\/05\/policaj.jpg 500w, https:\/\/test.aspolo.si\/wp-content\/uploads\/2025\/05\/policaj-300x208.jpg 300w\" sizes=\"(max-width: 500px) 100vw, 500px\" \/>\t\t\t\t\t\t\t\t\t\t\t\t\t\t\t<\/div>\n\t\t\t\t<\/div>\n\t\t\t\t<\/div>\n\t\t\t\t<\/div>\n\t\t\t\t\t<\/div>\n\t\t\t\t<\/div>\n\t\t\t\t<\/div>\n\t\t","protected":false},"excerpt":{"rendered":"<p>Ponovna pridobitev vozni\u0161kega dovoljenja Kdaj: po 6 mesecih od izvr\u0161itve odlo\u010dbe po 1 letu, \u010de ji je izre\u010deno prenehanje prej kot v 2 letih od ponovne pridobitve vozni\u0161kega dovoljenja Kako do izpita: Zdravni\u0161ko spri\u010devalo Program dodatnega usposabljanja za varno vo\u017enjo ali rehabilitacijski program Te\u010daj CPP + izpit iz teorije 20 ur vo\u017enje + izpitna vo\u017enja&#8230;<\/p>\n","protected":false},"author":1,"featured_media":0,"parent":0,"menu_order":0,"comment_status":"closed","ping_status":"closed","template":"elementor_header_footer","meta":{"footnotes":""},"class_list":["post-2697","page","type-page","status-publish","hentry"],"yoast_head":"<!-- This site is optimized with the Yoast SEO plugin v25.7 - https:\/\/yoast.com\/wordpress\/plugins\/seo\/ -->\n<title>Ponovna pridobitev vozni\u0161kega dovoljenja - \u0161ola vo\u017enje POLO<\/title>\n<meta name=\"robots\" content=\"index, follow, max-snippet:-1, max-image-preview:large, max-video-preview:-1\" \/>\n<link rel=\"canonical\" href=\"https:\/\/test.aspolo.si\/?page_id=2697\" \/>\n<meta property=\"og:locale\" content=\"en_US\" \/>\n<meta property=\"og:type\" content=\"article\" \/>\n<meta property=\"og:title\" content=\"Ponovna pridobitev vozni\u0161kega dovoljenja - \u0161ola vo\u017enje POLO\" \/>\n<meta property=\"og:description\" content=\"Ponovna pridobitev vozni\u0161kega dovoljenja Kdaj: po 6 mesecih od izvr\u0161itve odlo\u010dbe po 1 letu, \u010de ji je izre\u010deno prenehanje prej kot v 2 letih od ponovne pridobitve vozni\u0161kega dovoljenja Kako do izpita: Zdravni\u0161ko spri\u010devalo Program dodatnega usposabljanja za varno vo\u017enjo ali rehabilitacijski program Te\u010daj CPP + izpit iz teorije 20 ur vo\u017enje + izpitna vo\u017enja...\" \/>\n<meta property=\"og:url\" content=\"https:\/\/test.aspolo.si\/?page_id=2697\" \/>\n<meta property=\"og:site_name\" content=\"\u0161ola vo\u017enje POLO\" \/>\n<meta property=\"og:image\" content=\"http:\/\/test.aspolo.si\/wp-content\/uploads\/2025\/05\/policaj.jpg\" \/>\n<meta name=\"twitter:card\" content=\"summary_large_image\" \/>\n<meta name=\"twitter:label1\" content=\"Est. reading time\" \/>\n\t<meta name=\"twitter:data1\" content=\"1 minute\" \/>\n<script type=\"application\/ld+json\" class=\"yoast-schema-graph\">{\"@context\":\"https:\/\/schema.org\",\"@graph\":[{\"@type\":\"WebPage\",\"@id\":\"https:\/\/test.aspolo.si\/?page_id=2697\",\"url\":\"https:\/\/test.aspolo.si\/?page_id=2697\",\"name\":\"Ponovna pridobitev vozni\u0161kega dovoljenja - \u0161ola vo\u017enje POLO\",\"isPartOf\":{\"@id\":\"https:\/\/test.aspolo.si\/#website\"},\"primaryImageOfPage\":{\"@id\":\"https:\/\/test.aspolo.si\/?page_id=2697#primaryimage\"},\"image\":{\"@id\":\"https:\/\/test.aspolo.si\/?page_id=2697#primaryimage\"},\"thumbnailUrl\":\"http:\/\/test.aspolo.si\/wp-content\/uploads\/2025\/05\/policaj.jpg\",\"datePublished\":\"2025-05-09T19:25:19+00:00\",\"breadcrumb\":{\"@id\":\"https:\/\/test.aspolo.si\/?page_id=2697#breadcrumb\"},\"inLanguage\":\"en-US\",\"potentialAction\":[{\"@type\":\"ReadAction\",\"target\":[\"https:\/\/test.aspolo.si\/?page_id=2697\"]}]},{\"@type\":\"ImageObject\",\"inLanguage\":\"en-US\",\"@id\":\"https:\/\/test.aspolo.si\/?page_id=2697#primaryimage\",\"url\":\"https:\/\/test.aspolo.si\/wp-content\/uploads\/2025\/05\/policaj.jpg\",\"contentUrl\":\"https:\/\/test.aspolo.si\/wp-content\/uploads\/2025\/05\/policaj.jpg\",\"width\":500,\"height\":346},{\"@type\":\"BreadcrumbList\",\"@id\":\"https:\/\/test.aspolo.si\/?page_id=2697#breadcrumb\",\"itemListElement\":[{\"@type\":\"ListItem\",\"position\":1,\"name\":\"Home\",\"item\":\"https:\/\/test.aspolo.si\/\"},{\"@type\":\"ListItem\",\"position\":2,\"name\":\"Ponovna pridobitev vozni\u0161kega dovoljenja\"}]},{\"@type\":\"WebSite\",\"@id\":\"https:\/\/test.aspolo.si\/#website\",\"url\":\"https:\/\/test.aspolo.si\/\",\"name\":\"\u0161ola vo\u017enje POLO\",\"description\":\"\u0160ola vo\u017enje POLO, Postojna, Se\u017eana, avto\u0161ola\",\"publisher\":{\"@id\":\"https:\/\/test.aspolo.si\/#organization\"},\"potentialAction\":[{\"@type\":\"SearchAction\",\"target\":{\"@type\":\"EntryPoint\",\"urlTemplate\":\"https:\/\/test.aspolo.si\/?s={search_term_string}\"},\"query-input\":{\"@type\":\"PropertyValueSpecification\",\"valueRequired\":true,\"valueName\":\"search_term_string\"}}],\"inLanguage\":\"en-US\"},{\"@type\":\"Organization\",\"@id\":\"https:\/\/test.aspolo.si\/#organization\",\"name\":\"\u0161ola vo\u017enje POLO\",\"url\":\"https:\/\/test.aspolo.si\/\",\"logo\":{\"@type\":\"ImageObject\",\"inLanguage\":\"en-US\",\"@id\":\"https:\/\/test.aspolo.si\/#\/schema\/logo\/image\/\",\"url\":\"https:\/\/test.aspolo.si\/wp-content\/uploads\/2023\/12\/sola-POLO-logo-bel-avto.png\",\"contentUrl\":\"https:\/\/test.aspolo.si\/wp-content\/uploads\/2023\/12\/sola-POLO-logo-bel-avto.png\",\"width\":13483,\"height\":5004,\"caption\":\"\u0161ola vo\u017enje POLO\"},\"image\":{\"@id\":\"https:\/\/test.aspolo.si\/#\/schema\/logo\/image\/\"}}]}<\/script>\n<!-- \/ Yoast SEO plugin. -->","yoast_head_json":{"title":"Ponovna pridobitev vozni\u0161kega dovoljenja - \u0161ola vo\u017enje POLO","robots":{"index":"index","follow":"follow","max-snippet":"max-snippet:-1","max-image-preview":"max-image-preview:large","max-video-preview":"max-video-preview:-1"},"canonical":"https:\/\/test.aspolo.si\/?page_id=2697","og_locale":"en_US","og_type":"article","og_title":"Ponovna pridobitev vozni\u0161kega dovoljenja - \u0161ola vo\u017enje POLO","og_description":"Ponovna pridobitev vozni\u0161kega dovoljenja Kdaj: po 6 mesecih od izvr\u0161itve odlo\u010dbe po 1 letu, \u010de ji je izre\u010deno prenehanje prej kot v 2 letih od ponovne pridobitve vozni\u0161kega dovoljenja Kako do izpita: Zdravni\u0161ko spri\u010devalo Program dodatnega usposabljanja za varno vo\u017enjo ali rehabilitacijski program Te\u010daj CPP + izpit iz teorije 20 ur vo\u017enje + izpitna vo\u017enja...","og_url":"https:\/\/test.aspolo.si\/?page_id=2697","og_site_name":"\u0161ola vo\u017enje POLO","og_image":[{"url":"http:\/\/test.aspolo.si\/wp-content\/uploads\/2025\/05\/policaj.jpg","type":"","width":"","height":""}],"twitter_card":"summary_large_image","twitter_misc":{"Est. reading time":"1 minute"},"schema":{"@context":"https:\/\/schema.org","@graph":[{"@type":"WebPage","@id":"https:\/\/test.aspolo.si\/?page_id=2697","url":"https:\/\/test.aspolo.si\/?page_id=2697","name":"Ponovna pridobitev vozni\u0161kega dovoljenja - \u0161ola vo\u017enje POLO","isPartOf":{"@id":"https:\/\/test.aspolo.si\/#website"},"primaryImageOfPage":{"@id":"https:\/\/test.aspolo.si\/?page_id=2697#primaryimage"},"image":{"@id":"https:\/\/test.aspolo.si\/?page_id=2697#primaryimage"},"thumbnailUrl":"http:\/\/test.aspolo.si\/wp-content\/uploads\/2025\/05\/policaj.jpg","datePublished":"2025-05-09T19:25:19+00:00","breadcrumb":{"@id":"https:\/\/test.aspolo.si\/?page_id=2697#breadcrumb"},"inLanguage":"en-US","potentialAction":[{"@type":"ReadAction","target":["https:\/\/test.aspolo.si\/?page_id=2697"]}]},{"@type":"ImageObject","inLanguage":"en-US","@id":"https:\/\/test.aspolo.si\/?page_id=2697#primaryimage","url":"https:\/\/test.aspolo.si\/wp-content\/uploads\/2025\/05\/policaj.jpg","contentUrl":"https:\/\/test.aspolo.si\/wp-content\/uploads\/2025\/05\/policaj.jpg","width":500,"height":346},{"@type":"BreadcrumbList","@id":"https:\/\/test.aspolo.si\/?page_id=2697#breadcrumb","itemListElement":[{"@type":"ListItem","position":1,"name":"Home","item":"https:\/\/test.aspolo.si\/"},{"@type":"ListItem","position":2,"name":"Ponovna pridobitev vozni\u0161kega dovoljenja"}]},{"@type":"WebSite","@id":"https:\/\/test.aspolo.si\/#website","url":"https:\/\/test.aspolo.si\/","name":"\u0161ola vo\u017enje POLO","description":"\u0160ola vo\u017enje POLO, Postojna, Se\u017eana, avto\u0161ola","publisher":{"@id":"https:\/\/test.aspolo.si\/#organization"},"potentialAction":[{"@type":"SearchAction","target":{"@type":"EntryPoint","urlTemplate":"https:\/\/test.aspolo.si\/?s={search_term_string}"},"query-input":{"@type":"PropertyValueSpecification","valueRequired":true,"valueName":"search_term_string"}}],"inLanguage":"en-US"},{"@type":"Organization","@id":"https:\/\/test.aspolo.si\/#organization","name":"\u0161ola vo\u017enje POLO","url":"https:\/\/test.aspolo.si\/","logo":{"@type":"ImageObject","inLanguage":"en-US","@id":"https:\/\/test.aspolo.si\/#\/schema\/logo\/image\/","url":"https:\/\/test.aspolo.si\/wp-content\/uploads\/2023\/12\/sola-POLO-logo-bel-avto.png","contentUrl":"https:\/\/test.aspolo.si\/wp-content\/uploads\/2023\/12\/sola-POLO-logo-bel-avto.png","width":13483,"height":5004,"caption":"\u0161ola vo\u017enje POLO"},"image":{"@id":"https:\/\/test.aspolo.si\/#\/schema\/logo\/image\/"}}]}},"_links":{"self":[{"href":"https:\/\/test.aspolo.si\/index.php?rest_route=\/wp\/v2\/pages\/2697","targetHints":{"allow":["GET"]}}],"collection":[{"href":"https:\/\/test.aspolo.si\/index.php?rest_route=\/wp\/v2\/pages"}],"about":[{"href":"https:\/\/test.aspolo.si\/index.php?rest_route=\/wp\/v2\/types\/page"}],"author":[{"embeddable":true,"href":"https:\/\/test.aspolo.si\/index.php?rest_route=\/wp\/v2\/users\/1"}],"replies":[{"embeddable":true,"href":"https:\/\/test.aspolo.si\/index.php?rest_route=%2Fwp%2Fv2%2Fcomments&post=2697"}],"version-history":[{"count":0,"href":"https:\/\/test.aspolo.si\/index.php?rest_route=\/wp\/v2\/pages\/2697\/revisions"}],"wp:attachment":[{"href":"https:\/\/test.aspolo.si\/index.php?rest_route=%2Fwp%2Fv2%2Fmedia&parent=2697"}],"curies":[{"name":"wp","href":"https:\/\/api.w.org\/{rel}","templated":true}]}}