{"id":2582,"date":"2025-05-08T14:52:56","date_gmt":"2025-05-08T14:52:56","guid":{"rendered":"https:\/\/aspolo.afna.si\/?page_id=2582"},"modified":"2025-05-08T14:52:56","modified_gmt":"2025-05-08T14:52:56","slug":"elementor-page-2582","status":"publish","type":"page","link":"https:\/\/test.aspolo.si\/?page_id=2582","title":{"rendered":"O nas"},"content":{"rendered":"<p style=\"text-align: center;\">Kdo smo?<\/p>\n<p>Smo dru\u017einsko podjetje z ve\u010d kot 30 letno tradicijo pou\u010devanja cestno prometnih predpisov in vo\u017enje v prometu. V vseh teh letih smo nau\u010dili in vzgojili \u017ee ve\u010d kot 30 generacij mladih voznikov. Delujemo na podro\u010dju izpitnega centra Postojne in Se\u017eane.<\/p>\n<p>Vedno smo imeli ob\u010dutek za dobre in moderne avtomobile z obilico opreme. \u017de nekaj let imamo moderno ra\u010dunalni\u0161ko opremljeno u\u010dilnico za pou\u010devanje CPP v Postojni ter Se\u017eani. Smo zanesljiv in strokovno podkovan kader, kjer ne manjka niti spro\u0161\u010denega vzdu\u0161ja in duhovitosti.<\/p>\n<p style=\"text-align: center;\">Vrednote<\/p>\n<ul>\n<li>\n<p>Gradimo na zanesljivosti in po\u0161tenosti<\/p>\n<\/li>\n<li>\n<p>Delujemo s prijaznostjo in optimizmom<\/p>\n<\/li>\n<li>\n<p>Pou\u010dujemo strokovno in usposobljeno<\/p>\n<\/li>\n<li>\n<p>Spodbujamo spro\u0161\u010denost in duhovitost<\/p>\n<\/li>\n<\/ul>\n<p style=\"text-align: center;\">Vizija<\/p>\n<ul>\n<li data-start=\"44\" data-end=\"94\">\n<p data-start=\"46\" data-end=\"94\">Postati ugledna in zaupanja vredna \u0161ola vo\u017enje<\/p>\n<\/li>\n<li data-start=\"95\" data-end=\"151\">\n<p data-start=\"97\" data-end=\"151\">Graditi na dolgoletni tradiciji in strokovnem znanju<\/p>\n<\/li>\n<li data-start=\"152\" data-end=\"203\">\n<p data-start=\"154\" data-end=\"203\">Poudarjati osebni pristop k vsakemu posamezniku<\/p>\n<\/li>\n<li data-start=\"204\" data-end=\"265\">\n<p data-start=\"206\" data-end=\"265\">Omogo\u010diti za\u010detnikom varen in samozavesten vstop v promet<\/p>\n<\/li>\n<\/ul>\n<p style=\"text-align: center;\">Poslanstvo<\/p>\n<ul>\n<li data-start=\"50\" data-end=\"104\">\n<p data-start=\"52\" data-end=\"104\">Prena\u0161ati bodo\u010dim voznikom obse\u017eno prometno znanje<\/p>\n<\/li>\n<li data-start=\"105\" data-end=\"170\">\n<p data-start=\"107\" data-end=\"170\">Deliti izku\u0161nje, ki temeljijo na praksi in realnih situacijah<\/p>\n<\/li>\n<li data-start=\"171\" data-end=\"223\">\n<p data-start=\"173\" data-end=\"223\">Ustvarjati spro\u0161\u010deno okolje za u\u010dinkovito u\u010denje<\/p>\n<\/li>\n<li data-start=\"224\" data-end=\"281\">\n<p data-start=\"226\" data-end=\"281\">Spodbujati u\u010denje skozi pozitivno in duhovito vzdu\u0161je<\/p>\n<\/li>\n<\/ul>\n<p>&#8221; Z znanjem, izku\u0161njami in osebnim pristopom \u017ee desetletja ustvarjamo samozavestne in varne voznike. &#8220;<\/p>\n<p style=\"text-align: center;\">Vizitka<\/p>\n<ul>\n<li>\n<p><strong>Osnovni podatki:<\/strong><\/p>\n<p>\u0160ola vo\u017enje POLO, Marko Gostiljac s.p..<\/p>\n<\/li>\n<li>\n<p><strong>Telefon:<\/strong><\/p>\n<p>040 206-665 Luka \u2013 SE\u017dANA<\/p>\n<p>040 264-169 Marko<\/p>\n<p>031 815-805 Milan<\/p>\n<\/li>\n<li>\n<p><strong>Epo\u0161ta: <\/strong><a href=\"mailto:poloplus1@gmail.com\" target=\"_blank\" rel=\"noreferrer noopener\">poloplus1@gmail.com<\/a><\/p>\n<\/li>\n<li>\n<p><strong>Stuatus podjetja:\u00a0<\/strong>Dru\u017einsko podjetje<\/p>\n<\/li>\n<li>\n<p><strong>Dejavnost: <\/strong>P85.530 \u2013 Dejavnost vozni\u0161kih \u0161ol<\/p>\n<\/li>\n<\/ul>\n<ul>\n<li>\n<p><strong>Mati\u010dna \u0161tevilka:\u00a0<\/strong>6469213000<\/p>\n<\/li>\n<li>\n<p><strong>Dav\u010dna \u0161tevilka:\u00a0<\/strong>SI 72012218 (smo dav\u010dni zavezanec)<\/p>\n<\/li>\n<li>\n<p><strong>TRR:\u00a0<\/strong>SI56 6100 0002 4345 795 (DELAVSKA HRANILNICA d.d.)<\/p>\n<\/li>\n<\/ul>\n<p>\t\t\t\t\t\t\t\t\t\t\t\t\t\t\t<img decoding=\"async\" src=\"https:\/\/aspolo.afna.si\/wp-content\/uploads\/elementor\/thumbs\/sola-POLO-logo-scaled-r5g593pcoxl3tqijl4n08ld08g72xov2xoxnjzcsdw.webp\" title=\"\u0161ola POLO logo\" alt=\"\u0161ola POLO logo\" loading=\"lazy\" \/><\/p>\n","protected":false},"excerpt":{"rendered":"<p>Kdo smo? Smo dru\u017einsko podjetje z ve\u010d kot 30 letno tradicijo pou\u010devanja cestno prometnih predpisov in vo\u017enje v prometu. V vseh teh letih smo nau\u010dili in vzgojili \u017ee ve\u010d kot 30 generacij mladih voznikov. Delujemo na podro\u010dju izpitnega centra Postojne in Se\u017eane. Vedno smo imeli ob\u010dutek za dobre in moderne avtomobile z obilico opreme. \u017de&#8230;<\/p>\n","protected":false},"author":1,"featured_media":0,"parent":0,"menu_order":0,"comment_status":"closed","ping_status":"closed","template":"elementor_header_footer","meta":{"footnotes":""},"class_list":["post-2582","page","type-page","status-publish","hentry","page--item"],"yoast_head":"<!-- This site is optimized with the Yoast SEO plugin v25.7 - https:\/\/yoast.com\/wordpress\/plugins\/seo\/ -->\n<title>O nas - \u0161ola vo\u017enje POLO<\/title>\n<meta name=\"robots\" content=\"index, follow, max-snippet:-1, max-image-preview:large, max-video-preview:-1\" \/>\n<link rel=\"canonical\" href=\"https:\/\/test.aspolo.si\/?page_id=2582\" \/>\n<meta property=\"og:locale\" content=\"en_US\" \/>\n<meta property=\"og:type\" content=\"article\" \/>\n<meta property=\"og:title\" content=\"O nas - \u0161ola vo\u017enje POLO\" \/>\n<meta property=\"og:description\" content=\"Kdo smo? Smo dru\u017einsko podjetje z ve\u010d kot 30 letno tradicijo pou\u010devanja cestno prometnih predpisov in vo\u017enje v prometu. V vseh teh letih smo nau\u010dili in vzgojili \u017ee ve\u010d kot 30 generacij mladih voznikov. Delujemo na podro\u010dju izpitnega centra Postojne in Se\u017eane. Vedno smo imeli ob\u010dutek za dobre in moderne avtomobile z obilico opreme. \u017de...\" \/>\n<meta property=\"og:url\" content=\"https:\/\/test.aspolo.si\/?page_id=2582\" \/>\n<meta property=\"og:site_name\" content=\"\u0161ola vo\u017enje POLO\" \/>\n<meta property=\"og:image\" content=\"https:\/\/aspolo.afna.si\/wp-content\/uploads\/elementor\/thumbs\/sola-POLO-logo-scaled-r5g593pcoxl3tqijl4n08ld08g72xov2xoxnjzcsdw.webp\" \/>\n<meta name=\"twitter:card\" content=\"summary_large_image\" \/>\n<meta name=\"twitter:label1\" content=\"Est. reading time\" \/>\n\t<meta name=\"twitter:data1\" content=\"2 minutes\" \/>\n<script type=\"application\/ld+json\" class=\"yoast-schema-graph\">{\"@context\":\"https:\/\/schema.org\",\"@graph\":[{\"@type\":\"WebPage\",\"@id\":\"https:\/\/test.aspolo.si\/?page_id=2582\",\"url\":\"https:\/\/test.aspolo.si\/?page_id=2582\",\"name\":\"O nas - \u0161ola vo\u017enje POLO\",\"isPartOf\":{\"@id\":\"https:\/\/test.aspolo.si\/#website\"},\"primaryImageOfPage\":{\"@id\":\"https:\/\/test.aspolo.si\/?page_id=2582#primaryimage\"},\"image\":{\"@id\":\"https:\/\/test.aspolo.si\/?page_id=2582#primaryimage\"},\"thumbnailUrl\":\"https:\/\/aspolo.afna.si\/wp-content\/uploads\/elementor\/thumbs\/sola-POLO-logo-scaled-r5g593pcoxl3tqijl4n08ld08g72xov2xoxnjzcsdw.webp\",\"datePublished\":\"2025-05-08T14:52:56+00:00\",\"breadcrumb\":{\"@id\":\"https:\/\/test.aspolo.si\/?page_id=2582#breadcrumb\"},\"inLanguage\":\"en-US\",\"potentialAction\":[{\"@type\":\"ReadAction\",\"target\":[\"https:\/\/test.aspolo.si\/?page_id=2582\"]}]},{\"@type\":\"ImageObject\",\"inLanguage\":\"en-US\",\"@id\":\"https:\/\/test.aspolo.si\/?page_id=2582#primaryimage\",\"url\":\"https:\/\/aspolo.afna.si\/wp-content\/uploads\/elementor\/thumbs\/sola-POLO-logo-scaled-r5g593pcoxl3tqijl4n08ld08g72xov2xoxnjzcsdw.webp\",\"contentUrl\":\"https:\/\/aspolo.afna.si\/wp-content\/uploads\/elementor\/thumbs\/sola-POLO-logo-scaled-r5g593pcoxl3tqijl4n08ld08g72xov2xoxnjzcsdw.webp\"},{\"@type\":\"BreadcrumbList\",\"@id\":\"https:\/\/test.aspolo.si\/?page_id=2582#breadcrumb\",\"itemListElement\":[{\"@type\":\"ListItem\",\"position\":1,\"name\":\"Home\",\"item\":\"https:\/\/test.aspolo.si\/\"},{\"@type\":\"ListItem\",\"position\":2,\"name\":\"O nas\"}]},{\"@type\":\"WebSite\",\"@id\":\"https:\/\/test.aspolo.si\/#website\",\"url\":\"https:\/\/test.aspolo.si\/\",\"name\":\"\u0161ola vo\u017enje POLO\",\"description\":\"\u0160ola vo\u017enje POLO, Postojna, Se\u017eana, avto\u0161ola\",\"publisher\":{\"@id\":\"https:\/\/test.aspolo.si\/#organization\"},\"potentialAction\":[{\"@type\":\"SearchAction\",\"target\":{\"@type\":\"EntryPoint\",\"urlTemplate\":\"https:\/\/test.aspolo.si\/?s={search_term_string}\"},\"query-input\":{\"@type\":\"PropertyValueSpecification\",\"valueRequired\":true,\"valueName\":\"search_term_string\"}}],\"inLanguage\":\"en-US\"},{\"@type\":\"Organization\",\"@id\":\"https:\/\/test.aspolo.si\/#organization\",\"name\":\"\u0161ola vo\u017enje POLO\",\"url\":\"https:\/\/test.aspolo.si\/\",\"logo\":{\"@type\":\"ImageObject\",\"inLanguage\":\"en-US\",\"@id\":\"https:\/\/test.aspolo.si\/#\/schema\/logo\/image\/\",\"url\":\"https:\/\/test.aspolo.si\/wp-content\/uploads\/2023\/12\/sola-POLO-logo-bel-avto.png\",\"contentUrl\":\"https:\/\/test.aspolo.si\/wp-content\/uploads\/2023\/12\/sola-POLO-logo-bel-avto.png\",\"width\":13483,\"height\":5004,\"caption\":\"\u0161ola vo\u017enje POLO\"},\"image\":{\"@id\":\"https:\/\/test.aspolo.si\/#\/schema\/logo\/image\/\"}}]}<\/script>\n<!-- \/ Yoast SEO plugin. -->","yoast_head_json":{"title":"O nas - \u0161ola vo\u017enje POLO","robots":{"index":"index","follow":"follow","max-snippet":"max-snippet:-1","max-image-preview":"max-image-preview:large","max-video-preview":"max-video-preview:-1"},"canonical":"https:\/\/test.aspolo.si\/?page_id=2582","og_locale":"en_US","og_type":"article","og_title":"O nas - \u0161ola vo\u017enje POLO","og_description":"Kdo smo? Smo dru\u017einsko podjetje z ve\u010d kot 30 letno tradicijo pou\u010devanja cestno prometnih predpisov in vo\u017enje v prometu. V vseh teh letih smo nau\u010dili in vzgojili \u017ee ve\u010d kot 30 generacij mladih voznikov. Delujemo na podro\u010dju izpitnega centra Postojne in Se\u017eane. Vedno smo imeli ob\u010dutek za dobre in moderne avtomobile z obilico opreme. \u017de...","og_url":"https:\/\/test.aspolo.si\/?page_id=2582","og_site_name":"\u0161ola vo\u017enje POLO","og_image":[{"url":"https:\/\/aspolo.afna.si\/wp-content\/uploads\/elementor\/thumbs\/sola-POLO-logo-scaled-r5g593pcoxl3tqijl4n08ld08g72xov2xoxnjzcsdw.webp","type":"","width":"","height":""}],"twitter_card":"summary_large_image","twitter_misc":{"Est. reading time":"2 minutes"},"schema":{"@context":"https:\/\/schema.org","@graph":[{"@type":"WebPage","@id":"https:\/\/test.aspolo.si\/?page_id=2582","url":"https:\/\/test.aspolo.si\/?page_id=2582","name":"O nas - \u0161ola vo\u017enje POLO","isPartOf":{"@id":"https:\/\/test.aspolo.si\/#website"},"primaryImageOfPage":{"@id":"https:\/\/test.aspolo.si\/?page_id=2582#primaryimage"},"image":{"@id":"https:\/\/test.aspolo.si\/?page_id=2582#primaryimage"},"thumbnailUrl":"https:\/\/aspolo.afna.si\/wp-content\/uploads\/elementor\/thumbs\/sola-POLO-logo-scaled-r5g593pcoxl3tqijl4n08ld08g72xov2xoxnjzcsdw.webp","datePublished":"2025-05-08T14:52:56+00:00","breadcrumb":{"@id":"https:\/\/test.aspolo.si\/?page_id=2582#breadcrumb"},"inLanguage":"en-US","potentialAction":[{"@type":"ReadAction","target":["https:\/\/test.aspolo.si\/?page_id=2582"]}]},{"@type":"ImageObject","inLanguage":"en-US","@id":"https:\/\/test.aspolo.si\/?page_id=2582#primaryimage","url":"https:\/\/aspolo.afna.si\/wp-content\/uploads\/elementor\/thumbs\/sola-POLO-logo-scaled-r5g593pcoxl3tqijl4n08ld08g72xov2xoxnjzcsdw.webp","contentUrl":"https:\/\/aspolo.afna.si\/wp-content\/uploads\/elementor\/thumbs\/sola-POLO-logo-scaled-r5g593pcoxl3tqijl4n08ld08g72xov2xoxnjzcsdw.webp"},{"@type":"BreadcrumbList","@id":"https:\/\/test.aspolo.si\/?page_id=2582#breadcrumb","itemListElement":[{"@type":"ListItem","position":1,"name":"Home","item":"https:\/\/test.aspolo.si\/"},{"@type":"ListItem","position":2,"name":"O nas"}]},{"@type":"WebSite","@id":"https:\/\/test.aspolo.si\/#website","url":"https:\/\/test.aspolo.si\/","name":"\u0161ola vo\u017enje POLO","description":"\u0160ola vo\u017enje POLO, Postojna, Se\u017eana, avto\u0161ola","publisher":{"@id":"https:\/\/test.aspolo.si\/#organization"},"potentialAction":[{"@type":"SearchAction","target":{"@type":"EntryPoint","urlTemplate":"https:\/\/test.aspolo.si\/?s={search_term_string}"},"query-input":{"@type":"PropertyValueSpecification","valueRequired":true,"valueName":"search_term_string"}}],"inLanguage":"en-US"},{"@type":"Organization","@id":"https:\/\/test.aspolo.si\/#organization","name":"\u0161ola vo\u017enje POLO","url":"https:\/\/test.aspolo.si\/","logo":{"@type":"ImageObject","inLanguage":"en-US","@id":"https:\/\/test.aspolo.si\/#\/schema\/logo\/image\/","url":"https:\/\/test.aspolo.si\/wp-content\/uploads\/2023\/12\/sola-POLO-logo-bel-avto.png","contentUrl":"https:\/\/test.aspolo.si\/wp-content\/uploads\/2023\/12\/sola-POLO-logo-bel-avto.png","width":13483,"height":5004,"caption":"\u0161ola vo\u017enje POLO"},"image":{"@id":"https:\/\/test.aspolo.si\/#\/schema\/logo\/image\/"}}]}},"_links":{"self":[{"href":"https:\/\/test.aspolo.si\/index.php?rest_route=\/wp\/v2\/pages\/2582","targetHints":{"allow":["GET"]}}],"collection":[{"href":"https:\/\/test.aspolo.si\/index.php?rest_route=\/wp\/v2\/pages"}],"about":[{"href":"https:\/\/test.aspolo.si\/index.php?rest_route=\/wp\/v2\/types\/page"}],"author":[{"embeddable":true,"href":"https:\/\/test.aspolo.si\/index.php?rest_route=\/wp\/v2\/users\/1"}],"replies":[{"embeddable":true,"href":"https:\/\/test.aspolo.si\/index.php?rest_route=%2Fwp%2Fv2%2Fcomments&post=2582"}],"version-history":[{"count":0,"href":"https:\/\/test.aspolo.si\/index.php?rest_route=\/wp\/v2\/pages\/2582\/revisions"}],"wp:attachment":[{"href":"https:\/\/test.aspolo.si\/index.php?rest_route=%2Fwp%2Fv2%2Fmedia&parent=2582"}],"curies":[{"name":"wp","href":"https:\/\/api.w.org\/{rel}","templated":true}]}}