{"id":2457,"date":"2025-05-07T12:52:22","date_gmt":"2025-05-07T12:52:22","guid":{"rendered":"https:\/\/aspolo.afna.si\/?page_id=2457"},"modified":"2025-05-07T12:52:22","modified_gmt":"2025-05-07T12:52:22","slug":"cenik-2","status":"publish","type":"page","link":"https:\/\/test.aspolo.si\/?page_id=2457","title":{"rendered":"Cenik"},"content":{"rendered":"<h2>Naziv artikla<\/h2>\n<h2>Koli\u010dina<\/h2>\n<h2>Cena z DDV<\/h2>\n<p style=\"text-align: left;\">&#8220;L&#8221; tablica magnetna<\/p>\n<p>Kos<\/p>\n<p>10,00 EUR<\/p>\n<p style=\"text-align: left;\">Izdaja ev. kartona<\/p>\n<p>Kos<\/p>\n<p>25,00 EUR<\/p>\n<p style=\"text-align: left;\">Te\u010daj AC kat<\/p>\n<p>Kos<\/p>\n<p>85,00 EUR<\/p>\n<p style=\"text-align: left;\">Te\u010daj B kat<\/p>\n<p>Kos<\/p>\n<p>150,00 EUR<\/p>\n<p style=\"text-align: left;\">Te\u010daj CPP A1+B kat<\/p>\n<p>Te\u010daj<\/p>\n<p>171,00 EUR<\/p>\n<p style=\"text-align: left;\">Te\u010daj E kat<\/p>\n<p>Te\u010daj<\/p>\n<p>64,00 EUR<\/p>\n<p style=\"text-align: left;\">Vo\u017enja A kat<\/p>\n<p>Ura<\/p>\n<p>49,00 EUR<\/p>\n<p style=\"text-align: left;\">Vo\u017enja AM kat<\/p>\n<p>Ura<\/p>\n<p>47,00 EUR<\/p>\n<p style=\"text-align: left;\">Vo\u017enja B kat<\/p>\n<p>Ura<\/p>\n<p>42,00 EUR<\/p>\n<p style=\"text-align: left;\">Vo\u017enja B kat. (avt. menjalnik)<\/p>\n<p>Ura<\/p>\n<p>43,00 EUR<\/p>\n<p style=\"text-align: left;\">Vo\u017enja B kat. (dijak)<\/p>\n<p>Ura<\/p>\n<p>41,00 EUR<\/p>\n<p style=\"text-align: left;\">Vo\u017enja B kat\u2013tuj jezik<\/p>\n<p>Ura<\/p>\n<p>44,00 EUR<\/p>\n<p style=\"text-align: left;\">Vo\u017enja BE kat<\/p>\n<p>Ura<\/p>\n<p>48,00 EUR<\/p>\n<p style=\"text-align: left;\">Vo\u017enja C kat<\/p>\n<p>Ura<\/p>\n<p>58,00 EUR<\/p>\n<p style=\"text-align: left;\">Vo\u017enja CE kat<\/p>\n<p>Ura<\/p>\n<p>63,00 EUR<\/p>\n<p style=\"text-align: left;\">Vo\u017enja Koda 96 lastno<\/p>\n<p>Ura<\/p>\n<p>40,00 EUR<\/p>\n","protected":false},"excerpt":{"rendered":"<p>Naziv artikla Koli\u010dina Cena z DDV &#8220;L&#8221; tablica magnetna Kos 10,00 EUR Izdaja ev. kartona Kos 25,00 EUR Te\u010daj AC kat Kos 85,00 EUR Te\u010daj B kat Kos 150,00 EUR Te\u010daj CPP A1+B kat Te\u010daj 171,00 EUR Te\u010daj E kat Te\u010daj 64,00 EUR Vo\u017enja A kat Ura 49,00 EUR Vo\u017enja AM kat Ura 47,00 EUR&#8230;<\/p>\n","protected":false},"author":1,"featured_media":0,"parent":0,"menu_order":0,"comment_status":"closed","ping_status":"closed","template":"","meta":{"footnotes":""},"class_list":["post-2457","page","type-page","status-publish","hentry","page--item"],"yoast_head":"<!-- This site is optimized with the Yoast SEO plugin v25.7 - https:\/\/yoast.com\/wordpress\/plugins\/seo\/ -->\n<title>Cenik - \u0161ola vo\u017enje POLO<\/title>\n<meta name=\"robots\" content=\"index, follow, max-snippet:-1, max-image-preview:large, max-video-preview:-1\" \/>\n<link rel=\"canonical\" href=\"https:\/\/test.aspolo.si\/?page_id=2457\" \/>\n<meta property=\"og:locale\" content=\"en_US\" \/>\n<meta property=\"og:type\" content=\"article\" \/>\n<meta property=\"og:title\" content=\"Cenik - \u0161ola vo\u017enje POLO\" \/>\n<meta property=\"og:description\" content=\"Naziv artikla Koli\u010dina Cena z DDV &#8220;L&#8221; tablica magnetna Kos 10,00 EUR Izdaja ev. kartona Kos 25,00 EUR Te\u010daj AC kat Kos 85,00 EUR Te\u010daj B kat Kos 150,00 EUR Te\u010daj CPP A1+B kat Te\u010daj 171,00 EUR Te\u010daj E kat Te\u010daj 64,00 EUR Vo\u017enja A kat Ura 49,00 EUR Vo\u017enja AM kat Ura 47,00 EUR...\" \/>\n<meta property=\"og:url\" content=\"https:\/\/test.aspolo.si\/?page_id=2457\" \/>\n<meta property=\"og:site_name\" content=\"\u0161ola vo\u017enje POLO\" \/>\n<meta name=\"twitter:card\" content=\"summary_large_image\" \/>\n<meta name=\"twitter:label1\" content=\"Est. reading time\" \/>\n\t<meta name=\"twitter:data1\" content=\"1 minute\" \/>\n<script type=\"application\/ld+json\" class=\"yoast-schema-graph\">{\"@context\":\"https:\/\/schema.org\",\"@graph\":[{\"@type\":\"WebPage\",\"@id\":\"https:\/\/test.aspolo.si\/?page_id=2457\",\"url\":\"https:\/\/test.aspolo.si\/?page_id=2457\",\"name\":\"Cenik - \u0161ola vo\u017enje POLO\",\"isPartOf\":{\"@id\":\"https:\/\/test.aspolo.si\/#website\"},\"datePublished\":\"2025-05-07T12:52:22+00:00\",\"breadcrumb\":{\"@id\":\"https:\/\/test.aspolo.si\/?page_id=2457#breadcrumb\"},\"inLanguage\":\"en-US\",\"potentialAction\":[{\"@type\":\"ReadAction\",\"target\":[\"https:\/\/test.aspolo.si\/?page_id=2457\"]}]},{\"@type\":\"BreadcrumbList\",\"@id\":\"https:\/\/test.aspolo.si\/?page_id=2457#breadcrumb\",\"itemListElement\":[{\"@type\":\"ListItem\",\"position\":1,\"name\":\"Home\",\"item\":\"https:\/\/test.aspolo.si\/\"},{\"@type\":\"ListItem\",\"position\":2,\"name\":\"Cenik\"}]},{\"@type\":\"WebSite\",\"@id\":\"https:\/\/test.aspolo.si\/#website\",\"url\":\"https:\/\/test.aspolo.si\/\",\"name\":\"\u0161ola vo\u017enje POLO\",\"description\":\"\u0160ola vo\u017enje POLO, Postojna, Se\u017eana, avto\u0161ola\",\"publisher\":{\"@id\":\"https:\/\/test.aspolo.si\/#organization\"},\"potentialAction\":[{\"@type\":\"SearchAction\",\"target\":{\"@type\":\"EntryPoint\",\"urlTemplate\":\"https:\/\/test.aspolo.si\/?s={search_term_string}\"},\"query-input\":{\"@type\":\"PropertyValueSpecification\",\"valueRequired\":true,\"valueName\":\"search_term_string\"}}],\"inLanguage\":\"en-US\"},{\"@type\":\"Organization\",\"@id\":\"https:\/\/test.aspolo.si\/#organization\",\"name\":\"\u0161ola vo\u017enje POLO\",\"url\":\"https:\/\/test.aspolo.si\/\",\"logo\":{\"@type\":\"ImageObject\",\"inLanguage\":\"en-US\",\"@id\":\"https:\/\/test.aspolo.si\/#\/schema\/logo\/image\/\",\"url\":\"https:\/\/test.aspolo.si\/wp-content\/uploads\/2023\/12\/sola-POLO-logo-bel-avto.png\",\"contentUrl\":\"https:\/\/test.aspolo.si\/wp-content\/uploads\/2023\/12\/sola-POLO-logo-bel-avto.png\",\"width\":13483,\"height\":5004,\"caption\":\"\u0161ola vo\u017enje POLO\"},\"image\":{\"@id\":\"https:\/\/test.aspolo.si\/#\/schema\/logo\/image\/\"}}]}<\/script>\n<!-- \/ Yoast SEO plugin. -->","yoast_head_json":{"title":"Cenik - \u0161ola vo\u017enje POLO","robots":{"index":"index","follow":"follow","max-snippet":"max-snippet:-1","max-image-preview":"max-image-preview:large","max-video-preview":"max-video-preview:-1"},"canonical":"https:\/\/test.aspolo.si\/?page_id=2457","og_locale":"en_US","og_type":"article","og_title":"Cenik - \u0161ola vo\u017enje POLO","og_description":"Naziv artikla Koli\u010dina Cena z DDV &#8220;L&#8221; tablica magnetna Kos 10,00 EUR Izdaja ev. kartona Kos 25,00 EUR Te\u010daj AC kat Kos 85,00 EUR Te\u010daj B kat Kos 150,00 EUR Te\u010daj CPP A1+B kat Te\u010daj 171,00 EUR Te\u010daj E kat Te\u010daj 64,00 EUR Vo\u017enja A kat Ura 49,00 EUR Vo\u017enja AM kat Ura 47,00 EUR...","og_url":"https:\/\/test.aspolo.si\/?page_id=2457","og_site_name":"\u0161ola vo\u017enje POLO","twitter_card":"summary_large_image","twitter_misc":{"Est. reading time":"1 minute"},"schema":{"@context":"https:\/\/schema.org","@graph":[{"@type":"WebPage","@id":"https:\/\/test.aspolo.si\/?page_id=2457","url":"https:\/\/test.aspolo.si\/?page_id=2457","name":"Cenik - \u0161ola vo\u017enje POLO","isPartOf":{"@id":"https:\/\/test.aspolo.si\/#website"},"datePublished":"2025-05-07T12:52:22+00:00","breadcrumb":{"@id":"https:\/\/test.aspolo.si\/?page_id=2457#breadcrumb"},"inLanguage":"en-US","potentialAction":[{"@type":"ReadAction","target":["https:\/\/test.aspolo.si\/?page_id=2457"]}]},{"@type":"BreadcrumbList","@id":"https:\/\/test.aspolo.si\/?page_id=2457#breadcrumb","itemListElement":[{"@type":"ListItem","position":1,"name":"Home","item":"https:\/\/test.aspolo.si\/"},{"@type":"ListItem","position":2,"name":"Cenik"}]},{"@type":"WebSite","@id":"https:\/\/test.aspolo.si\/#website","url":"https:\/\/test.aspolo.si\/","name":"\u0161ola vo\u017enje POLO","description":"\u0160ola vo\u017enje POLO, Postojna, Se\u017eana, avto\u0161ola","publisher":{"@id":"https:\/\/test.aspolo.si\/#organization"},"potentialAction":[{"@type":"SearchAction","target":{"@type":"EntryPoint","urlTemplate":"https:\/\/test.aspolo.si\/?s={search_term_string}"},"query-input":{"@type":"PropertyValueSpecification","valueRequired":true,"valueName":"search_term_string"}}],"inLanguage":"en-US"},{"@type":"Organization","@id":"https:\/\/test.aspolo.si\/#organization","name":"\u0161ola vo\u017enje POLO","url":"https:\/\/test.aspolo.si\/","logo":{"@type":"ImageObject","inLanguage":"en-US","@id":"https:\/\/test.aspolo.si\/#\/schema\/logo\/image\/","url":"https:\/\/test.aspolo.si\/wp-content\/uploads\/2023\/12\/sola-POLO-logo-bel-avto.png","contentUrl":"https:\/\/test.aspolo.si\/wp-content\/uploads\/2023\/12\/sola-POLO-logo-bel-avto.png","width":13483,"height":5004,"caption":"\u0161ola vo\u017enje POLO"},"image":{"@id":"https:\/\/test.aspolo.si\/#\/schema\/logo\/image\/"}}]}},"_links":{"self":[{"href":"https:\/\/test.aspolo.si\/index.php?rest_route=\/wp\/v2\/pages\/2457","targetHints":{"allow":["GET"]}}],"collection":[{"href":"https:\/\/test.aspolo.si\/index.php?rest_route=\/wp\/v2\/pages"}],"about":[{"href":"https:\/\/test.aspolo.si\/index.php?rest_route=\/wp\/v2\/types\/page"}],"author":[{"embeddable":true,"href":"https:\/\/test.aspolo.si\/index.php?rest_route=\/wp\/v2\/users\/1"}],"replies":[{"embeddable":true,"href":"https:\/\/test.aspolo.si\/index.php?rest_route=%2Fwp%2Fv2%2Fcomments&post=2457"}],"version-history":[{"count":0,"href":"https:\/\/test.aspolo.si\/index.php?rest_route=\/wp\/v2\/pages\/2457\/revisions"}],"wp:attachment":[{"href":"https:\/\/test.aspolo.si\/index.php?rest_route=%2Fwp%2Fv2%2Fmedia&parent=2457"}],"curies":[{"name":"wp","href":"https:\/\/api.w.org\/{rel}","templated":true}]}}